{"id":7618,"date":"2025-02-19T16:25:50","date_gmt":"2025-02-19T14:25:50","guid":{"rendered":"https:\/\/armetlina.lt\/?post_type=product&#038;p=7618"},"modified":"2025-09-26T13:25:03","modified_gmt":"2025-09-26T10:25:03","slug":"ess-140-50-28-ks","status":"publish","type":"product","link":"https:\/\/armetlina.lt\/en\/produktas\/ess-140-50-28-ks\/","title":{"rendered":"ESS-140.50.28-X"},"content":{"rendered":"<p>Designed for the distribution of three-phase ~400 V, 50 Hz electrical power in transit lines and for their protection against overloads and short circuits. The cable section module is adapted for installing vertical fuse-switch disconnector blocks from multiple manufacturers. A 185 mm busbar system is pre-installed in the cable section module. Suitable for indoor and outdoor operation. Complies with AB \u201cESO\u201d technical requirements.<\/p>","protected":false},"excerpt":{"rendered":"<p>The 0.4 kV cable cabinet is designed to connect four cables (\u2264 240 mm\u00b2) to busbars and\/or switching devices NH2\/NH3 (400A\/630A).<\/p>","protected":false},"featured_media":14328,"comment_status":"closed","ping_status":"closed","template":"","meta":{"_acf_changed":false},"product_brand":[],"product_cat":[91],"product_tag":[],"class_list":{"0":"post-7618","1":"product","2":"type-product","3":"status-publish","4":"has-post-thumbnail","6":"product_cat-ess-kabeliu-spintos","7":"pa_aplinkos-temperatura-35-35c","8":"pa_apsaugos-laipsnis-ip44","9":"pa_aukstis-virs-juros-lygio--2000-m","10":"pa_ismatavimai-a-p-g-1400-500-280","12":"first","13":"instock","14":"shipping-taxable","15":"product-type-simple"},"acf":{"isklotine_su_matmenim":{"ID":11845,"id":11845,"title":"Dimensional drawing of the wardrobe","filename":"spinto.webp","filesize":13264,"url":"https:\/\/armetlina.lt\/wp-content\/uploads\/2025\/02\/spinto.webp","link":"https:\/\/armetlina.lt\/en\/?attachment_id=11845","alt":"Spintos matmen\u0173 br\u0117\u017einys","author":"4","description":"matmen\u0173 br\u0117\u017einys su pa\u017eym\u0117tais auk\u0161\u010dio (A), plo\u010dio (P) ir gylio (G) parametrais.","caption":"","name":"spinto","status":"inherit","uploaded_to":7621,"date":"2025-05-06 09:17:08","modified":"2025-05-13 12:58:11","menu_order":0,"mime_type":"image\/webp","type":"image","subtype":"webp","icon":"https:\/\/armetlina.lt\/wp-includes\/images\/media\/default.png","width":1000,"height":1000,"sizes":{"thumbnail":"https:\/\/armetlina.lt\/wp-content\/uploads\/2025\/02\/spinto-150x150.webp","thumbnail-width":150,"thumbnail-height":150,"medium":"https:\/\/armetlina.lt\/wp-content\/uploads\/2025\/02\/spinto-300x300.webp","medium-width":300,"medium-height":300,"medium_large":"https:\/\/armetlina.lt\/wp-content\/uploads\/2025\/02\/spinto-768x768.webp","medium_large-width":768,"medium_large-height":768,"large":"https:\/\/armetlina.lt\/wp-content\/uploads\/2025\/02\/spinto.webp","large-width":800,"large-height":800,"1536x1536":"https:\/\/armetlina.lt\/wp-content\/uploads\/2025\/02\/spinto.webp","1536x1536-width":1000,"1536x1536-height":1000,"2048x2048":"https:\/\/armetlina.lt\/wp-content\/uploads\/2025\/02\/spinto.webp","2048x2048-width":1000,"2048x2048-height":1000,"trp-custom-language-flag":"https:\/\/armetlina.lt\/wp-content\/uploads\/2025\/02\/spinto.webp","trp-custom-language-flag-width":12,"trp-custom-language-flag-height":12,"visody_icon":"https:\/\/armetlina.lt\/wp-content\/uploads\/2025\/02\/spinto-32x32.webp","visody_icon-width":32,"visody_icon-height":32,"woocommerce_thumbnail":"https:\/\/armetlina.lt\/wp-content\/uploads\/2025\/02\/spinto.webp","woocommerce_thumbnail-width":1000,"woocommerce_thumbnail-height":1000,"woocommerce_single":"https:\/\/armetlina.lt\/wp-content\/uploads\/2025\/02\/spinto.webp","woocommerce_single-width":1000,"woocommerce_single-height":1000,"woocommerce_gallery_thumbnail":"https:\/\/armetlina.lt\/wp-content\/uploads\/2025\/02\/spinto-100x100.webp","woocommerce_gallery_thumbnail-width":100,"woocommerce_gallery_thumbnail-height":100}},"isklotine_su_matmenim_source":{"label":"I\u0161klotin\u0117 su matmenim","type":"image","formatted_value":{"ID":11845,"id":11845,"title":"Dimensional drawing of the wardrobe","filename":"spinto.webp","filesize":13264,"url":"https:\/\/armetlina.lt\/wp-content\/uploads\/2025\/02\/spinto.webp","link":"https:\/\/armetlina.lt\/en\/?attachment_id=11845","alt":"Spintos matmen\u0173 br\u0117\u017einys","author":"4","description":"matmen\u0173 br\u0117\u017einys su pa\u017eym\u0117tais auk\u0161\u010dio (A), plo\u010dio (P) ir gylio (G) parametrais.","caption":"","name":"spinto","status":"inherit","uploaded_to":7621,"date":"2025-05-06 09:17:08","modified":"2025-05-13 12:58:11","menu_order":0,"mime_type":"image\/webp","type":"image","subtype":"webp","icon":"https:\/\/armetlina.lt\/wp-includes\/images\/media\/default.png","width":1000,"height":1000,"sizes":{"thumbnail":"https:\/\/armetlina.lt\/wp-content\/uploads\/2025\/02\/spinto-150x150.webp","thumbnail-width":150,"thumbnail-height":150,"medium":"https:\/\/armetlina.lt\/wp-content\/uploads\/2025\/02\/spinto-300x300.webp","medium-width":300,"medium-height":300,"medium_large":"https:\/\/armetlina.lt\/wp-content\/uploads\/2025\/02\/spinto-768x768.webp","medium_large-width":768,"medium_large-height":768,"large":"https:\/\/armetlina.lt\/wp-content\/uploads\/2025\/02\/spinto.webp","large-width":800,"large-height":800,"1536x1536":"https:\/\/armetlina.lt\/wp-content\/uploads\/2025\/02\/spinto.webp","1536x1536-width":1000,"1536x1536-height":1000,"2048x2048":"https:\/\/armetlina.lt\/wp-content\/uploads\/2025\/02\/spinto.webp","2048x2048-width":1000,"2048x2048-height":1000,"trp-custom-language-flag":"https:\/\/armetlina.lt\/wp-content\/uploads\/2025\/02\/spinto.webp","trp-custom-language-flag-width":12,"trp-custom-language-flag-height":12,"visody_icon":"https:\/\/armetlina.lt\/wp-content\/uploads\/2025\/02\/spinto-32x32.webp","visody_icon-width":32,"visody_icon-height":32,"woocommerce_thumbnail":"https:\/\/armetlina.lt\/wp-content\/uploads\/2025\/02\/spinto.webp","woocommerce_thumbnail-width":1000,"woocommerce_thumbnail-height":1000,"woocommerce_single":"https:\/\/armetlina.lt\/wp-content\/uploads\/2025\/02\/spinto.webp","woocommerce_single-width":1000,"woocommerce_single-height":1000,"woocommerce_gallery_thumbnail":"https:\/\/armetlina.lt\/wp-content\/uploads\/2025\/02\/spinto-100x100.webp","woocommerce_gallery_thumbnail-width":100,"woocommerce_gallery_thumbnail-height":100}}},"elektros_schema":false,"elektros_schema_source":{"label":"Elektros schema","type":"image","formatted_value":false},"irangos_isdestymas":false,"irangos_isdestymas_source":{"label":"\u012erangos i\u0161d\u0117stymas","type":"image","formatted_value":false},"hide_price_add_to_cart":true,"hide_price_add_to_cart_source":{"label":"Panaikinti kainas produktui","type":"true_false","formatted_value":true},"produkto_kategorija_1":91,"produkto_kategorija_1_source":{"label":"Produkto kategorija","type":"taxonomy","formatted_value":91},"pagridine_informacija":{"modelio_paaiskinimas":"Skirta trifaz\u0117s ~400V \u012ftampos, 50Hz da\u017enio elektros energijos, tranzitini\u0173 linij\u0173 paskirstymui ir j\u0173 apsaugai nuo perkrov\u0173 ir trump\u0173j\u0173 jungim\u0173; Kabeli\u0173 dalies modulis pritaikytas montuoti daugelio gamintoj\u0173 vertikalius saugikli\u0173-kirtikli\u0173 blokus; Kabeli\u0173 dalies modulyje paruo\u0161ta 185mm \u0161yn\u0173 sistema; Tinkama eksploatuoti patalpose ir lauko s\u0105lygomis; Atitinka AB \u201cESO\u201c techninius reikalavimus.","montavimop_apg":"","korpusas":"Cinkuotas lak\u0161tinis plienas DX51D+Z275, storis 1.5 mm, da\u017eytas standartine RAL7032 spalva (galimi kiti variantai pagal projekt\u0105).","aukstis":"1400","plotis":"500","gylis":"280","atitiktis":"","standartai":"LST EN 61439-1, LST EN 61439-5, LST EN 10346","komplektacija":""},"pagridine_informacija_source":{"label":"Pagrindin\u0117 informacija","type":"group","formatted_value":{"modelio_paaiskinimas":"Skirta trifaz\u0117s ~400V \u012ftampos, 50Hz da\u017enio elektros energijos, tranzitini\u0173 linij\u0173 paskirstymui ir j\u0173 apsaugai nuo perkrov\u0173 ir trump\u0173j\u0173 jungim\u0173; Kabeli\u0173 dalies modulis pritaikytas montuoti daugelio gamintoj\u0173 vertikalius saugikli\u0173-kirtikli\u0173 blokus; Kabeli\u0173 dalies modulyje paruo\u0161ta 185mm \u0161yn\u0173 sistema; Tinkama eksploatuoti patalpose ir lauko s\u0105lygomis; Atitinka AB \u201cESO\u201c techninius reikalavimus.","montavimop_apg":"","korpusas":"Cinkuotas lak\u0161tinis plienas DX51D+Z275, storis 1.5 mm, da\u017eytas standartine RAL7032 spalva (galimi kiti variantai pagal projekt\u0105).","aukstis":"1400","plotis":"500","gylis":"280","atitiktis":"","standartai":"LST EN 61439-1, LST EN 61439-5, LST EN 10346","komplektacija":""}},"techninia_parametrai":{"nominali_itampa":"\u2264 400V","vardine_srove":"400A\/630A","vardinis_daznis":"50Hz","apsaugos_laipsnis":"IP44","altitude":"\u2264 2000 m","aplinkos_temperatura":"'-35...+35\u00b0C","santykine_oro_dregme":"\u2264 100% (esant +25\u00b0C)","vedinimas":"Savaiminis","mechaninis_atsparumas":"IK10","tvirtinimas":"Ant cokolio, ant \u012fkasamo pamato","impulsine_itampa":"","nominali_didziausia_srove":"","nominali_trumpo_jungimo":"\u2264 10kA","statinio_patikimumo_klase":"","statinio_energinio_naudingumo_klase":"","sildymas":"","apsvietimas":"","synu_tr_rove":"","synu_smugine_srove_ka":"","atidarymo_kampas":""},"techninia_parametrai_source":{"label":"Techniniai parametrai","type":"group","formatted_value":{"nominali_itampa":"\u2264 400V","vardine_srove":"400A\/630A","vardinis_daznis":"50Hz","apsaugos_laipsnis":"IP44","altitude":"\u2264 2000 m","aplinkos_temperatura":"'-35...+35\u00b0C","santykine_oro_dregme":"\u2264 100% (esant +25\u00b0C)","vedinimas":"Savaiminis","mechaninis_atsparumas":"IK10","tvirtinimas":"Ant cokolio, ant \u012fkasamo pamato","impulsine_itampa":"","nominali_didziausia_srove":"","nominali_trumpo_jungimo":"\u2264 10kA","statinio_patikimumo_klase":"","statinio_energinio_naudingumo_klase":"","sildymas":"","apsvietimas":"","synu_tr_rove":"","synu_smugine_srove_ka":"","atidarymo_kampas":""}},"tvirtinimo_medziagos":{"cokolis__ikasamas_pamatas":"","cokolis":"Auk\u0161tis 20 cm, plotis ir ilgis atitinka gamin\u012f. Med\u017eiaga: Cinkuotas lak\u0161tinis plienas DX51D+Z275, storis 2 mm, RAL7032 spalva.","ikasamas_pamatas":"Auk\u0161tis 1 m, plotis ir ilgis atitinka gamin\u012f. Med\u017eiaga: Lak\u0161tinis plienas S235, storis 2.5 mm, cinko danga \u2265 70 \u03bcm.","dugnas":"","konstrukcinis_tvirtinimas_atramoje":"","kabelio_apsauga":""},"tvirtinimo_medziagos_source":{"label":"Tvirtinimo med\u017eiagos","type":"group","formatted_value":{"cokolis__ikasamas_pamatas":"","cokolis":"Auk\u0161tis 20 cm, plotis ir ilgis atitinka gamin\u012f. Med\u017eiaga: Cinkuotas lak\u0161tinis plienas DX51D+Z275, storis 2 mm, RAL7032 spalva.","ikasamas_pamatas":"Auk\u0161tis 1 m, plotis ir ilgis atitinka gamin\u012f. Med\u017eiaga: Lak\u0161tinis plienas S235, storis 2.5 mm, cinko danga \u2265 70 \u03bcm.","dugnas":"","konstrukcinis_tvirtinimas_atramoje":"","kabelio_apsauga":""}},"10_kv_itampos_skyrius":{"vardine_itampa_10":"","maksimali_itampa_10":"","bandymo_itampa_10":"","vardinis_daznis_10":"","impulsine_bandymo_itampa_10":"","narvelio_aptarnavimas_10":"","narvelio_izoliacija_10":"","tinklo_neutrale_10":"","narvelio_apsaugos_laipsnis_10":"","aptarnavimo_kategorija_10":"","skyrikliai_10":"","virsitampiu_ribotuvai_10":""},"10_kv_itampos_skyrius_source":{"label":"10 kV \u012ftampos skyrius","type":"group","formatted_value":{"vardine_itampa_10":"","maksimali_itampa_10":"","bandymo_itampa_10":"","vardinis_daznis_10":"","impulsine_bandymo_itampa_10":"","narvelio_aptarnavimas_10":"","narvelio_izoliacija_10":"","tinklo_neutrale_10":"","narvelio_apsaugos_laipsnis_10":"","aptarnavimo_kategorija_10":"","skyrikliai_10":"","virsitampiu_ribotuvai_10":""}},"04_kv_itampos_skyrius":{"renkamos_synos_04":"","04_kv_synu_vardine_srove":"","04_kv_synu_trumpo_jungimo_srove":"","04_kv_synu_smugine_srove":"","04_kv_dalies_aptarnavimas":"","vardine_irenginiu_izoliacijos_itampa_04":""},"04_kv_itampos_skyrius_source":{"label":"04 kV \u012ftampos skyrius","type":"group","formatted_value":{"renkamos_synos_04":"","04_kv_synu_vardine_srove":"","04_kv_synu_trumpo_jungimo_srove":"","04_kv_synu_smugine_srove":"","04_kv_dalies_aptarnavimas":"","vardine_irenginiu_izoliacijos_itampa_04":""}},"papildoma_informacija":{"vidutine_itampa_mt":"","transformatorius_mt":"","zema_itampa_mt":"","izeminimu_laidininkai":"","savu_reikmiu_skydas_mt":"","kontroline_apskaita_mt":"","irangos_paaiskinimas_mt":"","komplektuote":""},"papildoma_informacija_source":{"label":"Papildoma informacija","type":"group","formatted_value":{"vidutine_itampa_mt":"","transformatorius_mt":"","zema_itampa_mt":"","izeminimu_laidininkai":"","savu_reikmiu_skydas_mt":"","kontroline_apskaita_mt":"","irangos_paaiskinimas_mt":"","komplektuote":""}},"instrukcija":"","instrukcija_source":{"label":"Instrukcija","type":"wysiwyg","formatted_value":""}},"_links":{"self":[{"href":"https:\/\/armetlina.lt\/en\/wp-json\/wp\/v2\/product\/7618","targetHints":{"allow":["GET"]}}],"collection":[{"href":"https:\/\/armetlina.lt\/en\/wp-json\/wp\/v2\/product"}],"about":[{"href":"https:\/\/armetlina.lt\/en\/wp-json\/wp\/v2\/types\/product"}],"replies":[{"embeddable":true,"href":"https:\/\/armetlina.lt\/en\/wp-json\/wp\/v2\/comments?post=7618"}],"version-history":[{"count":1,"href":"https:\/\/armetlina.lt\/en\/wp-json\/wp\/v2\/product\/7618\/revisions"}],"predecessor-version":[{"id":14811,"href":"https:\/\/armetlina.lt\/en\/wp-json\/wp\/v2\/product\/7618\/revisions\/14811"}],"acf:term":[{"embeddable":true,"taxonomy":"product_cat","href":"https:\/\/armetlina.lt\/en\/wp-json\/wp\/v2\/product_cat\/91"}],"wp:featuredmedia":[{"embeddable":true,"href":"https:\/\/armetlina.lt\/en\/wp-json\/wp\/v2\/media\/14328"}],"wp:attachment":[{"href":"https:\/\/armetlina.lt\/en\/wp-json\/wp\/v2\/media?parent=7618"}],"wp:term":[{"taxonomy":"product_brand","embeddable":true,"href":"https:\/\/armetlina.lt\/en\/wp-json\/wp\/v2\/product_brand?post=7618"},{"taxonomy":"product_cat","embeddable":true,"href":"https:\/\/armetlina.lt\/en\/wp-json\/wp\/v2\/product_cat?post=7618"},{"taxonomy":"product_tag","embeddable":true,"href":"https:\/\/armetlina.lt\/en\/wp-json\/wp\/v2\/product_tag?post=7618"}],"curies":[{"name":"wp","href":"https:\/\/api.w.org\/{rel}","templated":true}]}}