{"id":6996,"date":"2024-12-19T10:11:42","date_gmt":"2024-12-19T08:11:42","guid":{"rendered":"https:\/\/armetlina.lt\/?post_type=product&#038;p=6996"},"modified":"2025-09-26T13:06:41","modified_gmt":"2025-09-26T10:06:41","slug":"ess-180-110-40-kas-6tas-6","status":"publish","type":"product","link":"https:\/\/armetlina.lt\/en\/produktas\/ess-180-110-40-kas-6tas-6\/","title":{"rendered":"ESS-180.110.40 (KAS-6)(TAS-6)"},"content":{"rendered":"<div class=\"elementor-element elementor-element-72848f8 elementor-widget__width-inherit elementor-widget-tablet__width-inherit elementor-widget elementor-widget-woocommerce-product-content\" data-id=\"72848f8\" data-element_type=\"widget\" data-widget_type=\"woocommerce-product-content.default\">\n<p>Outdoor commercial\/control (technical) metering cabinet<\/p>\n<\/div>","protected":false},"excerpt":{"rendered":"<p><span class=\"fontstyle0\">The cabinet is designed for the distribution, switching and metering of control circuits for power equipment. The cabinet is outdoor type, single-sided service. The cabinet can be equipped with various types of terminal blocks and switchgear.<\/span><\/p>","protected":false},"featured_media":14357,"comment_status":"closed","ping_status":"closed","template":"","meta":{"_acf_changed":false},"product_brand":[],"product_cat":[92],"product_tag":[242],"class_list":{"0":"post-6996","1":"product","2":"type-product","3":"status-publish","4":"has-post-thumbnail","6":"product_cat-gs-gnybtu-spintos","7":"product_tag-gnybtu-spinta","8":"pa_aplinkos-temperatura-40-40c","9":"pa_apsaugos-laipsnis-ip44","10":"pa_apsaugos-laipsnis-ip54","11":"pa_aukstis-virs-juros-lygio--2000-m","12":"pa_ismatavimai-a-p-g-1800-1100-400","14":"first","15":"outofstock","16":"shipping-taxable","17":"product-type-simple"},"acf":{"isklotine_su_matmenim":false,"isklotine_su_matmenim_source":{"label":"I\u0161klotin\u0117 su matmenim","type":"image","formatted_value":false},"elektros_schema":false,"elektros_schema_source":{"label":"Elektros schema","type":"image","formatted_value":false},"irangos_isdestymas":false,"irangos_isdestymas_source":{"label":"\u012erangos i\u0161d\u0117stymas","type":"image","formatted_value":false},"hide_price_add_to_cart":true,"hide_price_add_to_cart_source":{"label":"Panaikinti kainas produktui","type":"true_false","formatted_value":true},"produkto_kategorija_1":92,"produkto_kategorija_1_source":{"label":"Produkto kategorija","type":"taxonomy","formatted_value":92},"pagridine_informacija":{"modelio_paaiskinimas":"Skirta montuoti komercinius\/kontrolinius (techninius) elektros energijos apskaitos \u012frenginius. Apskaitos prietais\u0173 skai\u010dius iki 6 vnt.; Spintoje numatyta vieta valdymo grandini\u0173 paskirstymui, komutacijai, \u012frangai automatiniam klimato palaikymui ir kt.; Spintoje gali b\u016bti montuojamos \u012fvairi\u0173 tip\u0173 gnybtai ir komutaciniai aparatai; Atitinka Litgrid techninius reikalavimus.","montavimop_apg":"","korpusas":"Cinkuotas lak\u0161tinis plienas DX51D+Z275, storis 1.5 mm, da\u017eytas standartine RAL7035 spalva (galimi kiti variantai pagal projekt\u0105). Spintos \u0161onuose \u012frengti ventiliacijos alsuokliai, atitinkantys apsaugos laipsn\u012f nuo IP54 iki IP65; Dugnas pagamintas i\u0161 cinkuoto lak\u0161tinio plieno DX51D+Z275, storis 2.5 mm, da\u017eytas RAL7035 spalva; Spintos dugne kabeli\u0173 \u012fvedimui  padaryta anga, u\u017edengiama nuimamu dang\u010diu su tarpine, kuriame pagal kabeli\u0173 skai\u010di\u0173 ir j\u0173 diametr\u0105 tvirtinami u\u017esukami sandarikliai.","aukstis":"1500","plotis":"850","gylis":"400","atitiktis":"","standartai":"LST EN 61439-1, LST EN 61439-5, LST EN 10346","komplektacija":""},"pagridine_informacija_source":{"label":"Pagrindin\u0117 informacija","type":"group","formatted_value":{"modelio_paaiskinimas":"Skirta montuoti komercinius\/kontrolinius (techninius) elektros energijos apskaitos \u012frenginius. Apskaitos prietais\u0173 skai\u010dius iki 6 vnt.; Spintoje numatyta vieta valdymo grandini\u0173 paskirstymui, komutacijai, \u012frangai automatiniam klimato palaikymui ir kt.; Spintoje gali b\u016bti montuojamos \u012fvairi\u0173 tip\u0173 gnybtai ir komutaciniai aparatai; Atitinka Litgrid techninius reikalavimus.","montavimop_apg":"","korpusas":"Cinkuotas lak\u0161tinis plienas DX51D+Z275, storis 1.5 mm, da\u017eytas standartine RAL7035 spalva (galimi kiti variantai pagal projekt\u0105). Spintos \u0161onuose \u012frengti ventiliacijos alsuokliai, atitinkantys apsaugos laipsn\u012f nuo IP54 iki IP65; Dugnas pagamintas i\u0161 cinkuoto lak\u0161tinio plieno DX51D+Z275, storis 2.5 mm, da\u017eytas RAL7035 spalva; Spintos dugne kabeli\u0173 \u012fvedimui  padaryta anga, u\u017edengiama nuimamu dang\u010diu su tarpine, kuriame pagal kabeli\u0173 skai\u010di\u0173 ir j\u0173 diametr\u0105 tvirtinami u\u017esukami sandarikliai.","aukstis":"1500","plotis":"850","gylis":"400","atitiktis":"","standartai":"LST EN 61439-1, LST EN 61439-5, LST EN 10346","komplektacija":""}},"techninia_parametrai":{"nominali_itampa":"","vardine_srove":"","vardinis_daznis":"","apsaugos_laipsnis":"IP44 - IP54","altitude":"\u2264 2000 m","aplinkos_temperatura":"'-40..+40\u00b0C","santykine_oro_dregme":"\u2264 100% (esant +25\u00b0C)","vedinimas":"Savaiminis \/ priverstinis","mechaninis_atsparumas":"IK10","tvirtinimas":"Ant cokolio, ant \u012fkasamo pamato","impulsine_itampa":"","nominali_didziausia_srove":"","nominali_trumpo_jungimo":"","statinio_patikimumo_klase":"","statinio_energinio_naudingumo_klase":"","sildymas":"","apsvietimas":"","synu_tr_rove":"","synu_smugine_srove_ka":"","atidarymo_kampas":""},"techninia_parametrai_source":{"label":"Techniniai parametrai","type":"group","formatted_value":{"nominali_itampa":"","vardine_srove":"","vardinis_daznis":"","apsaugos_laipsnis":"IP44 - IP54","altitude":"\u2264 2000 m","aplinkos_temperatura":"'-40..+40\u00b0C","santykine_oro_dregme":"\u2264 100% (esant +25\u00b0C)","vedinimas":"Savaiminis \/ priverstinis","mechaninis_atsparumas":"IK10","tvirtinimas":"Ant cokolio, ant \u012fkasamo pamato","impulsine_itampa":"","nominali_didziausia_srove":"","nominali_trumpo_jungimo":"","statinio_patikimumo_klase":"","statinio_energinio_naudingumo_klase":"","sildymas":"","apsvietimas":"","synu_tr_rove":"","synu_smugine_srove_ka":"","atidarymo_kampas":""}},"tvirtinimo_medziagos":{"cokolis__ikasamas_pamatas":"","cokolis":"Auk\u0161tis 20 cm, plotis ir ilgis atitinka gamin\u012f. Med\u017eiaga: Cinkuotas lak\u0161tinis plienas DX51D+Z275, storis 2 mm, RAL7032 spalva.","ikasamas_pamatas":"Auk\u0161tis 1 m, plotis ir ilgis atitinka gamin\u012f. Med\u017eiaga: Lak\u0161tinis plienas S235, storis 2.5 mm, cinko danga \u2265 70 \u03bcm.","dugnas":"Dugnas DX51D+Z275, storis 2.5mm.","konstrukcinis_tvirtinimas_atramoje":"","kabelio_apsauga":""},"tvirtinimo_medziagos_source":{"label":"Tvirtinimo med\u017eiagos","type":"group","formatted_value":{"cokolis__ikasamas_pamatas":"","cokolis":"Auk\u0161tis 20 cm, plotis ir ilgis atitinka gamin\u012f. Med\u017eiaga: Cinkuotas lak\u0161tinis plienas DX51D+Z275, storis 2 mm, RAL7032 spalva.","ikasamas_pamatas":"Auk\u0161tis 1 m, plotis ir ilgis atitinka gamin\u012f. Med\u017eiaga: Lak\u0161tinis plienas S235, storis 2.5 mm, cinko danga \u2265 70 \u03bcm.","dugnas":"Dugnas DX51D+Z275, storis 2.5mm.","konstrukcinis_tvirtinimas_atramoje":"","kabelio_apsauga":""}},"10_kv_itampos_skyrius":{"vardine_itampa_10":"","maksimali_itampa_10":"","bandymo_itampa_10":"","vardinis_daznis_10":"","impulsine_bandymo_itampa_10":"","narvelio_aptarnavimas_10":"","narvelio_izoliacija_10":"","tinklo_neutrale_10":"","narvelio_apsaugos_laipsnis_10":"","aptarnavimo_kategorija_10":"","skyrikliai_10":"","virsitampiu_ribotuvai_10":""},"10_kv_itampos_skyrius_source":{"label":"10 kV \u012ftampos skyrius","type":"group","formatted_value":{"vardine_itampa_10":"","maksimali_itampa_10":"","bandymo_itampa_10":"","vardinis_daznis_10":"","impulsine_bandymo_itampa_10":"","narvelio_aptarnavimas_10":"","narvelio_izoliacija_10":"","tinklo_neutrale_10":"","narvelio_apsaugos_laipsnis_10":"","aptarnavimo_kategorija_10":"","skyrikliai_10":"","virsitampiu_ribotuvai_10":""}},"04_kv_itampos_skyrius":{"renkamos_synos_04":"","04_kv_synu_vardine_srove":"","04_kv_synu_trumpo_jungimo_srove":"","04_kv_synu_smugine_srove":"","04_kv_dalies_aptarnavimas":"","vardine_irenginiu_izoliacijos_itampa_04":""},"04_kv_itampos_skyrius_source":{"label":"04 kV \u012ftampos skyrius","type":"group","formatted_value":{"renkamos_synos_04":"","04_kv_synu_vardine_srove":"","04_kv_synu_trumpo_jungimo_srove":"","04_kv_synu_smugine_srove":"","04_kv_dalies_aptarnavimas":"","vardine_irenginiu_izoliacijos_itampa_04":""}},"papildoma_informacija":{"vidutine_itampa_mt":"","transformatorius_mt":"","zema_itampa_mt":"","izeminimu_laidininkai":"","savu_reikmiu_skydas_mt":"","kontroline_apskaita_mt":"","irangos_paaiskinimas_mt":"","komplektuote":""},"papildoma_informacija_source":{"label":"Papildoma informacija","type":"group","formatted_value":{"vidutine_itampa_mt":"","transformatorius_mt":"","zema_itampa_mt":"","izeminimu_laidininkai":"","savu_reikmiu_skydas_mt":"","kontroline_apskaita_mt":"","irangos_paaiskinimas_mt":"","komplektuote":""}},"instrukcija":"","instrukcija_source":{"label":"Instrukcija","type":"wysiwyg","formatted_value":""}},"_links":{"self":[{"href":"https:\/\/armetlina.lt\/en\/wp-json\/wp\/v2\/product\/6996","targetHints":{"allow":["GET"]}}],"collection":[{"href":"https:\/\/armetlina.lt\/en\/wp-json\/wp\/v2\/product"}],"about":[{"href":"https:\/\/armetlina.lt\/en\/wp-json\/wp\/v2\/types\/product"}],"replies":[{"embeddable":true,"href":"https:\/\/armetlina.lt\/en\/wp-json\/wp\/v2\/comments?post=6996"}],"version-history":[{"count":2,"href":"https:\/\/armetlina.lt\/en\/wp-json\/wp\/v2\/product\/6996\/revisions"}],"predecessor-version":[{"id":15105,"href":"https:\/\/armetlina.lt\/en\/wp-json\/wp\/v2\/product\/6996\/revisions\/15105"}],"acf:term":[{"embeddable":true,"taxonomy":"product_cat","href":"https:\/\/armetlina.lt\/en\/wp-json\/wp\/v2\/product_cat\/92"}],"wp:featuredmedia":[{"embeddable":true,"href":"https:\/\/armetlina.lt\/en\/wp-json\/wp\/v2\/media\/14357"}],"wp:attachment":[{"href":"https:\/\/armetlina.lt\/en\/wp-json\/wp\/v2\/media?parent=6996"}],"wp:term":[{"taxonomy":"product_brand","embeddable":true,"href":"https:\/\/armetlina.lt\/en\/wp-json\/wp\/v2\/product_brand?post=6996"},{"taxonomy":"product_cat","embeddable":true,"href":"https:\/\/armetlina.lt\/en\/wp-json\/wp\/v2\/product_cat?post=6996"},{"taxonomy":"product_tag","embeddable":true,"href":"https:\/\/armetlina.lt\/en\/wp-json\/wp\/v2\/product_tag?post=6996"}],"curies":[{"name":"wp","href":"https:\/\/api.w.org\/{rel}","templated":true}]}}