{"id":5922,"date":"2024-12-04T21:06:51","date_gmt":"2024-12-04T19:06:51","guid":{"rendered":"https:\/\/armetlina.lt\/?post_type=product&#038;p=5922"},"modified":"2025-12-31T08:19:23","modified_gmt":"2025-12-31T06:19:23","slug":"modular-frame-transformer-substation-e-house","status":"publish","type":"product","link":"https:\/\/armetlina.lt\/en\/produktas\/moduline-karkasine-transformatorine-e-house\/","title":{"rendered":"(MKT) Modular Frame Transformer Substation (E-House)"},"content":{"rendered":"<p>A modular frame building (E-House) is a frame structure assembled from metal frameworks and multilayer panels; it can be used for mounting various electrical power devices and switchboards. Thanks to its modular design, optimal layout is possible, and it can be expanded or relocated as needed. It complies with the technical requirements of AB \u201cESO\u201d and Litgrid.<\/p>","protected":false},"excerpt":{"rendered":"<p>Designed for the installation of 0.4\u201335 kV distribution equipment and power transformers.<\/p>","protected":false},"featured_media":14944,"comment_status":"closed","ping_status":"closed","template":"","meta":{"_acf_changed":false},"product_brand":[],"product_cat":[98],"product_tag":[],"class_list":{"0":"post-5922","1":"product","2":"type-product","3":"status-publish","4":"has-post-thumbnail","6":"product_cat-mkt-moduline-karkasine-transformatorines","7":"pa_aplinkos-temperatura-40-40c","8":"pa_apsaugos-laipsnis-ip44","9":"pa_aukstis-virs-juros-lygio--2000-m","11":"first","12":"instock","13":"shipping-taxable","14":"product-type-simple"},"acf":{"isklotine_su_matmenim":{"ID":5923,"id":5923,"title":"(MKT) Modular Frame Transformer Substation (E-House)","filename":"Moduline-karkasine-transformatorine-E-HOUSE.webp","filesize":13976,"url":"https:\/\/armetlina.lt\/wp-content\/uploads\/2024\/12\/Moduline-karkasine-transformatorine-E-HOUSE.webp","link":"https:\/\/armetlina.lt\/en\/?attachment_id=5923","alt":"","author":"4","description":"","caption":"","name":"moduline-karkasine-transformatorine-e-house","status":"inherit","uploaded_to":5922,"date":"2024-12-04 19:09:31","modified":"2024-12-04 19:10:02","menu_order":0,"mime_type":"image\/webp","type":"image","subtype":"webp","icon":"https:\/\/armetlina.lt\/wp-includes\/images\/media\/default.png","width":1000,"height":1000,"sizes":{"thumbnail":"https:\/\/armetlina.lt\/wp-content\/uploads\/2024\/12\/Moduline-karkasine-transformatorine-E-HOUSE-150x150.webp","thumbnail-width":150,"thumbnail-height":150,"medium":"https:\/\/armetlina.lt\/wp-content\/uploads\/2024\/12\/Moduline-karkasine-transformatorine-E-HOUSE-300x300.webp","medium-width":300,"medium-height":300,"medium_large":"https:\/\/armetlina.lt\/wp-content\/uploads\/2024\/12\/Moduline-karkasine-transformatorine-E-HOUSE-768x768.webp","medium_large-width":768,"medium_large-height":768,"large":"https:\/\/armetlina.lt\/wp-content\/uploads\/2024\/12\/Moduline-karkasine-transformatorine-E-HOUSE.webp","large-width":800,"large-height":800,"1536x1536":"https:\/\/armetlina.lt\/wp-content\/uploads\/2024\/12\/Moduline-karkasine-transformatorine-E-HOUSE.webp","1536x1536-width":1000,"1536x1536-height":1000,"2048x2048":"https:\/\/armetlina.lt\/wp-content\/uploads\/2024\/12\/Moduline-karkasine-transformatorine-E-HOUSE.webp","2048x2048-width":1000,"2048x2048-height":1000,"trp-custom-language-flag":"https:\/\/armetlina.lt\/wp-content\/uploads\/2024\/12\/Moduline-karkasine-transformatorine-E-HOUSE.webp","trp-custom-language-flag-width":12,"trp-custom-language-flag-height":12,"visody_icon":"https:\/\/armetlina.lt\/wp-content\/uploads\/2024\/12\/Moduline-karkasine-transformatorine-E-HOUSE-32x32.webp","visody_icon-width":32,"visody_icon-height":32,"woocommerce_thumbnail":"https:\/\/armetlina.lt\/wp-content\/uploads\/2024\/12\/Moduline-karkasine-transformatorine-E-HOUSE.webp","woocommerce_thumbnail-width":1000,"woocommerce_thumbnail-height":1000,"woocommerce_single":"https:\/\/armetlina.lt\/wp-content\/uploads\/2024\/12\/Moduline-karkasine-transformatorine-E-HOUSE.webp","woocommerce_single-width":1000,"woocommerce_single-height":1000,"woocommerce_gallery_thumbnail":"https:\/\/armetlina.lt\/wp-content\/uploads\/2024\/12\/Moduline-karkasine-transformatorine-E-HOUSE-100x100.webp","woocommerce_gallery_thumbnail-width":100,"woocommerce_gallery_thumbnail-height":100}},"isklotine_su_matmenim_source":{"label":"I\u0161klotin\u0117 su matmenim","type":"image","formatted_value":{"ID":5923,"id":5923,"title":"(MKT) Modular Frame Transformer Substation (E-House)","filename":"Moduline-karkasine-transformatorine-E-HOUSE.webp","filesize":13976,"url":"https:\/\/armetlina.lt\/wp-content\/uploads\/2024\/12\/Moduline-karkasine-transformatorine-E-HOUSE.webp","link":"https:\/\/armetlina.lt\/en\/?attachment_id=5923","alt":"","author":"4","description":"","caption":"","name":"moduline-karkasine-transformatorine-e-house","status":"inherit","uploaded_to":5922,"date":"2024-12-04 19:09:31","modified":"2024-12-04 19:10:02","menu_order":0,"mime_type":"image\/webp","type":"image","subtype":"webp","icon":"https:\/\/armetlina.lt\/wp-includes\/images\/media\/default.png","width":1000,"height":1000,"sizes":{"thumbnail":"https:\/\/armetlina.lt\/wp-content\/uploads\/2024\/12\/Moduline-karkasine-transformatorine-E-HOUSE-150x150.webp","thumbnail-width":150,"thumbnail-height":150,"medium":"https:\/\/armetlina.lt\/wp-content\/uploads\/2024\/12\/Moduline-karkasine-transformatorine-E-HOUSE-300x300.webp","medium-width":300,"medium-height":300,"medium_large":"https:\/\/armetlina.lt\/wp-content\/uploads\/2024\/12\/Moduline-karkasine-transformatorine-E-HOUSE-768x768.webp","medium_large-width":768,"medium_large-height":768,"large":"https:\/\/armetlina.lt\/wp-content\/uploads\/2024\/12\/Moduline-karkasine-transformatorine-E-HOUSE.webp","large-width":800,"large-height":800,"1536x1536":"https:\/\/armetlina.lt\/wp-content\/uploads\/2024\/12\/Moduline-karkasine-transformatorine-E-HOUSE.webp","1536x1536-width":1000,"1536x1536-height":1000,"2048x2048":"https:\/\/armetlina.lt\/wp-content\/uploads\/2024\/12\/Moduline-karkasine-transformatorine-E-HOUSE.webp","2048x2048-width":1000,"2048x2048-height":1000,"trp-custom-language-flag":"https:\/\/armetlina.lt\/wp-content\/uploads\/2024\/12\/Moduline-karkasine-transformatorine-E-HOUSE.webp","trp-custom-language-flag-width":12,"trp-custom-language-flag-height":12,"visody_icon":"https:\/\/armetlina.lt\/wp-content\/uploads\/2024\/12\/Moduline-karkasine-transformatorine-E-HOUSE-32x32.webp","visody_icon-width":32,"visody_icon-height":32,"woocommerce_thumbnail":"https:\/\/armetlina.lt\/wp-content\/uploads\/2024\/12\/Moduline-karkasine-transformatorine-E-HOUSE.webp","woocommerce_thumbnail-width":1000,"woocommerce_thumbnail-height":1000,"woocommerce_single":"https:\/\/armetlina.lt\/wp-content\/uploads\/2024\/12\/Moduline-karkasine-transformatorine-E-HOUSE.webp","woocommerce_single-width":1000,"woocommerce_single-height":1000,"woocommerce_gallery_thumbnail":"https:\/\/armetlina.lt\/wp-content\/uploads\/2024\/12\/Moduline-karkasine-transformatorine-E-HOUSE-100x100.webp","woocommerce_gallery_thumbnail-width":100,"woocommerce_gallery_thumbnail-height":100}}},"elektros_schema":false,"elektros_schema_source":{"label":"Elektros schema","type":"image","formatted_value":false},"irangos_isdestymas":false,"irangos_isdestymas_source":{"label":"\u012erangos i\u0161d\u0117stymas","type":"image","formatted_value":false},"hide_price_add_to_cart":false,"hide_price_add_to_cart_source":{"label":"Panaikinti kainas produktui","type":"true_false","formatted_value":false},"produkto_kategorija_1":98,"produkto_kategorija_1_source":{"label":"Produkto kategorija","type":"taxonomy","formatted_value":98},"pagridine_informacija":{"modelio_paaiskinimas":"Modulinis karkasinis pastatas (E-House) yra karkasinis pastatas, kurio korpusas surinktas i\u0161 metalini\u0173 konstrukcij\u0173 ir daugiasluoksni\u0173 plok\u0161\u010di\u0173; Gali b\u016bti naudojamas \u012fvairiems elektros energijos \u012frenginiams, skydams montuoti; Modulin\u0117s konstrukcijos d\u0117ka galimas optimalus i\u0161planavimas, esant poreikiui galima i\u0161pl\u0117sti arba perkelti \u012f kit\u0105 viet\u0105; Atitinka AB \u201cESO\u201c ir Litgrid techninius reikalavimus.","montavimop_apg":"","korpusas":"Laikan\u010dios konstrukcijos: Sta\u010diakampiai\/kvadratiniai konstrukcinio plieno vamzd\u017eiai pagal EN 10219, plieno mark\u0117 S235\/S355. Konstrukcijos padengiamos \u2265 70 \u00b5m lydaline cinko danga pagal LST ISO 1461, visos metalin\u0117s konstrukcijos padengiamos sertifikuota prie\u0161gaisrine danga. Stogas ir sienos: Daugiasluoksn\u0117s plok\u0161t\u0117s su poliuretano putomis (PIR) pagal EN 14509. U\u017epildo storis: 100 mm. Apdailos spalva: RAL-9006 (i\u0161or\u0117je), RAL-9010 (viduje). \u0160ilumos perdavimo koeficientas: U = 0,22 [W\/(m\u00b2\u00b7K)] pagal EN 14509. Reakcija \u012f ugn\u012f: B-s2d0 pagal EN 13501. Grindys: Apatinis palaikantysis sluoksnis: cinkuoto 1,5 mm storio plieno lak\u0161tai. Vidurinis sluoksnis: akmens vata 125\/150 mm. Vir\u0161utinis sluoksnis: kalcio sulfato plok\u0161t\u0117s. \u012e\u017eeminimas ir apsauga nuo \u017eaibo Pagal E\u012e\u012eBT ST.","aukstis":"","plotis":"","gylis":"","atitiktis":"","standartai":"LST EN 62271-202","komplektacija":""},"pagridine_informacija_source":{"label":"Pagrindin\u0117 informacija","type":"group","formatted_value":{"modelio_paaiskinimas":"Modulinis karkasinis pastatas (E-House) yra karkasinis pastatas, kurio korpusas surinktas i\u0161 metalini\u0173 konstrukcij\u0173 ir daugiasluoksni\u0173 plok\u0161\u010di\u0173; Gali b\u016bti naudojamas \u012fvairiems elektros energijos \u012frenginiams, skydams montuoti; Modulin\u0117s konstrukcijos d\u0117ka galimas optimalus i\u0161planavimas, esant poreikiui galima i\u0161pl\u0117sti arba perkelti \u012f kit\u0105 viet\u0105; Atitinka AB \u201cESO\u201c ir Litgrid techninius reikalavimus.","montavimop_apg":"","korpusas":"Laikan\u010dios konstrukcijos: Sta\u010diakampiai\/kvadratiniai konstrukcinio plieno vamzd\u017eiai pagal EN 10219, plieno mark\u0117 S235\/S355. Konstrukcijos padengiamos \u2265 70 \u00b5m lydaline cinko danga pagal LST ISO 1461, visos metalin\u0117s konstrukcijos padengiamos sertifikuota prie\u0161gaisrine danga. Stogas ir sienos: Daugiasluoksn\u0117s plok\u0161t\u0117s su poliuretano putomis (PIR) pagal EN 14509. U\u017epildo storis: 100 mm. Apdailos spalva: RAL-9006 (i\u0161or\u0117je), RAL-9010 (viduje). \u0160ilumos perdavimo koeficientas: U = 0,22 [W\/(m\u00b2\u00b7K)] pagal EN 14509. Reakcija \u012f ugn\u012f: B-s2d0 pagal EN 13501. Grindys: Apatinis palaikantysis sluoksnis: cinkuoto 1,5 mm storio plieno lak\u0161tai. Vidurinis sluoksnis: akmens vata 125\/150 mm. Vir\u0161utinis sluoksnis: kalcio sulfato plok\u0161t\u0117s. \u012e\u017eeminimas ir apsauga nuo \u017eaibo Pagal E\u012e\u012eBT ST.","aukstis":"","plotis":"","gylis":"","atitiktis":"","standartai":"LST EN 62271-202","komplektacija":""}},"techninia_parametrai":{"nominali_itampa":"\u2264 35 kV","vardine_srove":"\u2264 4000A","vardinis_daznis":"50Hz","apsaugos_laipsnis":"IP44","altitude":"\u2264 2000 m","aplinkos_temperatura":"'-40...+40\u00b0C","santykine_oro_dregme":"\u2264 100% (esant +25\u00b0C)","vedinimas":"Savaiminis \/ priverstinis","mechaninis_atsparumas":"","tvirtinimas":"Ant pamato","impulsine_itampa":"","nominali_didziausia_srove":"","nominali_trumpo_jungimo":"","statinio_patikimumo_klase":"RC2","statinio_energinio_naudingumo_klase":"B","sildymas":"Automatinis elektrinis \u0161ildymas, palaikant temperat\u016br\u0105 nuo +16\u00b0C iki +30\u00b0C.","apsvietimas":"Vis\u0173 patalp\u0173 darbinis, lauko \u0161viestuvai vir\u0161 \u012f\u0117jim\u0173 su judesio davikliais, avarinis ap\u0161vietimas.","synu_tr_rove":"","synu_smugine_srove_ka":"","atidarymo_kampas":""},"techninia_parametrai_source":{"label":"Techniniai parametrai","type":"group","formatted_value":{"nominali_itampa":"\u2264 35 kV","vardine_srove":"\u2264 4000A","vardinis_daznis":"50Hz","apsaugos_laipsnis":"IP44","altitude":"\u2264 2000 m","aplinkos_temperatura":"'-40...+40\u00b0C","santykine_oro_dregme":"\u2264 100% (esant +25\u00b0C)","vedinimas":"Savaiminis \/ priverstinis","mechaninis_atsparumas":"","tvirtinimas":"Ant pamato","impulsine_itampa":"","nominali_didziausia_srove":"","nominali_trumpo_jungimo":"","statinio_patikimumo_klase":"RC2","statinio_energinio_naudingumo_klase":"B","sildymas":"Automatinis elektrinis \u0161ildymas, palaikant temperat\u016br\u0105 nuo +16\u00b0C iki +30\u00b0C.","apsvietimas":"Vis\u0173 patalp\u0173 darbinis, lauko \u0161viestuvai vir\u0161 \u012f\u0117jim\u0173 su judesio davikliais, avarinis ap\u0161vietimas.","synu_tr_rove":"","synu_smugine_srove_ka":"","atidarymo_kampas":""}},"tvirtinimo_medziagos":{"cokolis__ikasamas_pamatas":"","cokolis":"","ikasamas_pamatas":"","dugnas":"","konstrukcinis_tvirtinimas_atramoje":"","kabelio_apsauga":""},"tvirtinimo_medziagos_source":{"label":"Tvirtinimo med\u017eiagos","type":"group","formatted_value":{"cokolis__ikasamas_pamatas":"","cokolis":"","ikasamas_pamatas":"","dugnas":"","konstrukcinis_tvirtinimas_atramoje":"","kabelio_apsauga":""}},"10_kv_itampos_skyrius":{"vardine_itampa_10":"","maksimali_itampa_10":"","bandymo_itampa_10":"","vardinis_daznis_10":"","impulsine_bandymo_itampa_10":"","narvelio_aptarnavimas_10":"","narvelio_izoliacija_10":"","tinklo_neutrale_10":"","narvelio_apsaugos_laipsnis_10":"","aptarnavimo_kategorija_10":"","skyrikliai_10":"","virsitampiu_ribotuvai_10":""},"10_kv_itampos_skyrius_source":{"label":"10 kV \u012ftampos skyrius","type":"group","formatted_value":{"vardine_itampa_10":"","maksimali_itampa_10":"","bandymo_itampa_10":"","vardinis_daznis_10":"","impulsine_bandymo_itampa_10":"","narvelio_aptarnavimas_10":"","narvelio_izoliacija_10":"","tinklo_neutrale_10":"","narvelio_apsaugos_laipsnis_10":"","aptarnavimo_kategorija_10":"","skyrikliai_10":"","virsitampiu_ribotuvai_10":""}},"04_kv_itampos_skyrius":{"renkamos_synos_04":"","04_kv_synu_vardine_srove":"","04_kv_synu_trumpo_jungimo_srove":"","04_kv_synu_smugine_srove":"","04_kv_dalies_aptarnavimas":"","vardine_irenginiu_izoliacijos_itampa_04":""},"04_kv_itampos_skyrius_source":{"label":"04 kV \u012ftampos skyrius","type":"group","formatted_value":{"renkamos_synos_04":"","04_kv_synu_vardine_srove":"","04_kv_synu_trumpo_jungimo_srove":"","04_kv_synu_smugine_srove":"","04_kv_dalies_aptarnavimas":"","vardine_irenginiu_izoliacijos_itampa_04":""}},"papildoma_informacija":{"vidutine_itampa_mt":"","transformatorius_mt":"","zema_itampa_mt":"","izeminimu_laidininkai":"","savu_reikmiu_skydas_mt":"","kontroline_apskaita_mt":"","irangos_paaiskinimas_mt":"","komplektuote":"Galima komplektuoti \u0160VOK sistem\u0105, darbinio ir avarinio ap\u0161vietimo sistemas, apsaugos ir prie\u0161gaisrin\u0119 signalizacijas, elektros lanko i\u0161vedimo \u012f i\u0161or\u0119 kanalus, laiptus \u012f kabeli\u0173 r\u016bs\u012f."},"papildoma_informacija_source":{"label":"Papildoma informacija","type":"group","formatted_value":{"vidutine_itampa_mt":"","transformatorius_mt":"","zema_itampa_mt":"","izeminimu_laidininkai":"","savu_reikmiu_skydas_mt":"","kontroline_apskaita_mt":"","irangos_paaiskinimas_mt":"","komplektuote":"Galima komplektuoti \u0160VOK sistem\u0105, darbinio ir avarinio ap\u0161vietimo sistemas, apsaugos ir prie\u0161gaisrin\u0119 signalizacijas, elektros lanko i\u0161vedimo \u012f i\u0161or\u0119 kanalus, laiptus \u012f kabeli\u0173 r\u016bs\u012f."}},"instrukcija":"","instrukcija_source":{"label":"Instrukcija","type":"wysiwyg","formatted_value":""}},"_links":{"self":[{"href":"https:\/\/armetlina.lt\/en\/wp-json\/wp\/v2\/product\/5922","targetHints":{"allow":["GET"]}}],"collection":[{"href":"https:\/\/armetlina.lt\/en\/wp-json\/wp\/v2\/product"}],"about":[{"href":"https:\/\/armetlina.lt\/en\/wp-json\/wp\/v2\/types\/product"}],"replies":[{"embeddable":true,"href":"https:\/\/armetlina.lt\/en\/wp-json\/wp\/v2\/comments?post=5922"}],"version-history":[{"count":1,"href":"https:\/\/armetlina.lt\/en\/wp-json\/wp\/v2\/product\/5922\/revisions"}],"predecessor-version":[{"id":14817,"href":"https:\/\/armetlina.lt\/en\/wp-json\/wp\/v2\/product\/5922\/revisions\/14817"}],"acf:term":[{"embeddable":true,"taxonomy":"product_cat","href":"https:\/\/armetlina.lt\/en\/wp-json\/wp\/v2\/product_cat\/98"}],"wp:featuredmedia":[{"embeddable":true,"href":"https:\/\/armetlina.lt\/en\/wp-json\/wp\/v2\/media\/14944"}],"wp:attachment":[{"href":"https:\/\/armetlina.lt\/en\/wp-json\/wp\/v2\/media?parent=5922"}],"wp:term":[{"taxonomy":"product_brand","embeddable":true,"href":"https:\/\/armetlina.lt\/en\/wp-json\/wp\/v2\/product_brand?post=5922"},{"taxonomy":"product_cat","embeddable":true,"href":"https:\/\/armetlina.lt\/en\/wp-json\/wp\/v2\/product_cat?post=5922"},{"taxonomy":"product_tag","embeddable":true,"href":"https:\/\/armetlina.lt\/en\/wp-json\/wp\/v2\/product_tag?post=5922"}],"curies":[{"name":"wp","href":"https:\/\/api.w.org\/{rel}","templated":true}]}}