{"id":5915,"date":"2024-12-04T20:43:47","date_gmt":"2024-12-04T18:43:47","guid":{"rendered":"https:\/\/armetlina.lt\/?post_type=product&#038;p=5915"},"modified":"2026-04-28T16:19:58","modified_gmt":"2026-04-28T13:19:58","slug":"mt-10-0-4-2-x-1000","status":"publish","type":"product","link":"https:\/\/armetlina.lt\/en\/produktas\/mt-10-0-4-2-x-1000\/","title":{"rendered":"MT-10\/0.4-2 X 1000"},"content":{"rendered":"<p>Designed for receiving 10 kV, 50 Hz electrical power and transforming it to 0.4 kV voltage for distribution to users; this is an outdoor service transformer substation connected to external networks via underground cables.<\/p>","protected":false},"excerpt":{"rendered":"<p><!-- wp:paragraph --><\/p>\n<p>Compact transformer substations<\/p>\n<p><!-- \/wp:paragraph --><\/p>","protected":false},"featured_media":11442,"comment_status":"closed","ping_status":"closed","template":"","meta":{"_acf_changed":false},"product_brand":[],"product_cat":[97],"product_tag":[],"class_list":{"0":"post-5915","1":"product","2":"type-product","3":"status-publish","4":"has-post-thumbnail","6":"product_cat-mt-modulines-transformatorines","7":"pa_aplinkos-temperatura-35-35c","8":"pa_apsaugos-laipsnis-ip44","9":"pa_aukstis-virs-juros-lygio--2000-m","10":"pa_ismatavimai-a-p-g-2550-4550-3150","11":"pa_trans-vardine-itampa-mv-lv-10-0-4","12":"pa_transformatoriaus-kva-215","13":"pa_transformatoriu-skaicius-212","15":"first","16":"instock","17":"shipping-taxable","18":"product-type-simple"},"acf":{"isklotine_su_matmenim":{"ID":11866,"id":11866,"title":"MT dviej\u0173 transformatori\u0173 i\u0161matavim\u0173 br\u0117\u017einys","filename":"2xxx-2.webp","filesize":29886,"url":"https:\/\/armetlina.lt\/wp-content\/uploads\/2024\/12\/2xxx-2.webp","link":"https:\/\/armetlina.lt\/en\/?attachment_id=11866","alt":"MT dviej\u0173 transformatori\u0173 i\u0161matavim\u0173 br\u0117\u017einys pa\u017eym\u0117tais auk\u0161\u010dio (A), plo\u010dio (P) ir gylio (G) parametrais.","author":"4","description":"MT dimensional drawing of two transformers with height (A), width (P) and depth (G) parameters marked.","caption":"","name":"2xxx-3","status":"inherit","uploaded_to":5917,"date":"2025-05-06 09:59:41","modified":"2025-05-13 12:53:24","menu_order":0,"mime_type":"image\/webp","type":"image","subtype":"webp","icon":"https:\/\/armetlina.lt\/wp-includes\/images\/media\/default.png","width":1000,"height":1000,"sizes":{"thumbnail":"https:\/\/armetlina.lt\/wp-content\/uploads\/2024\/12\/2xxx-2-150x150.webp","thumbnail-width":150,"thumbnail-height":150,"medium":"https:\/\/armetlina.lt\/wp-content\/uploads\/2024\/12\/2xxx-2-300x300.webp","medium-width":300,"medium-height":300,"medium_large":"https:\/\/armetlina.lt\/wp-content\/uploads\/2024\/12\/2xxx-2-768x768.webp","medium_large-width":768,"medium_large-height":768,"large":"https:\/\/armetlina.lt\/wp-content\/uploads\/2024\/12\/2xxx-2.webp","large-width":800,"large-height":800,"1536x1536":"https:\/\/armetlina.lt\/wp-content\/uploads\/2024\/12\/2xxx-2.webp","1536x1536-width":1000,"1536x1536-height":1000,"2048x2048":"https:\/\/armetlina.lt\/wp-content\/uploads\/2024\/12\/2xxx-2.webp","2048x2048-width":1000,"2048x2048-height":1000,"trp-custom-language-flag":"https:\/\/armetlina.lt\/wp-content\/uploads\/2024\/12\/2xxx-2.webp","trp-custom-language-flag-width":12,"trp-custom-language-flag-height":12,"visody_icon":"https:\/\/armetlina.lt\/wp-content\/uploads\/2024\/12\/2xxx-2-32x32.webp","visody_icon-width":32,"visody_icon-height":32,"woocommerce_thumbnail":"https:\/\/armetlina.lt\/wp-content\/uploads\/2024\/12\/2xxx-2.webp","woocommerce_thumbnail-width":1000,"woocommerce_thumbnail-height":1000,"woocommerce_single":"https:\/\/armetlina.lt\/wp-content\/uploads\/2024\/12\/2xxx-2.webp","woocommerce_single-width":1000,"woocommerce_single-height":1000,"woocommerce_gallery_thumbnail":"https:\/\/armetlina.lt\/wp-content\/uploads\/2024\/12\/2xxx-2-100x100.webp","woocommerce_gallery_thumbnail-width":100,"woocommerce_gallery_thumbnail-height":100}},"isklotine_su_matmenim_source":{"label":"I\u0161klotin\u0117 su matmenim","type":"image","formatted_value":{"ID":11866,"id":11866,"title":"MT dviej\u0173 transformatori\u0173 i\u0161matavim\u0173 br\u0117\u017einys","filename":"2xxx-2.webp","filesize":29886,"url":"https:\/\/armetlina.lt\/wp-content\/uploads\/2024\/12\/2xxx-2.webp","link":"https:\/\/armetlina.lt\/en\/?attachment_id=11866","alt":"MT dviej\u0173 transformatori\u0173 i\u0161matavim\u0173 br\u0117\u017einys pa\u017eym\u0117tais auk\u0161\u010dio (A), plo\u010dio (P) ir gylio (G) parametrais.","author":"4","description":"MT dimensional drawing of two transformers with height (A), width (P) and depth (G) parameters marked.","caption":"","name":"2xxx-3","status":"inherit","uploaded_to":5917,"date":"2025-05-06 09:59:41","modified":"2025-05-13 12:53:24","menu_order":0,"mime_type":"image\/webp","type":"image","subtype":"webp","icon":"https:\/\/armetlina.lt\/wp-includes\/images\/media\/default.png","width":1000,"height":1000,"sizes":{"thumbnail":"https:\/\/armetlina.lt\/wp-content\/uploads\/2024\/12\/2xxx-2-150x150.webp","thumbnail-width":150,"thumbnail-height":150,"medium":"https:\/\/armetlina.lt\/wp-content\/uploads\/2024\/12\/2xxx-2-300x300.webp","medium-width":300,"medium-height":300,"medium_large":"https:\/\/armetlina.lt\/wp-content\/uploads\/2024\/12\/2xxx-2-768x768.webp","medium_large-width":768,"medium_large-height":768,"large":"https:\/\/armetlina.lt\/wp-content\/uploads\/2024\/12\/2xxx-2.webp","large-width":800,"large-height":800,"1536x1536":"https:\/\/armetlina.lt\/wp-content\/uploads\/2024\/12\/2xxx-2.webp","1536x1536-width":1000,"1536x1536-height":1000,"2048x2048":"https:\/\/armetlina.lt\/wp-content\/uploads\/2024\/12\/2xxx-2.webp","2048x2048-width":1000,"2048x2048-height":1000,"trp-custom-language-flag":"https:\/\/armetlina.lt\/wp-content\/uploads\/2024\/12\/2xxx-2.webp","trp-custom-language-flag-width":12,"trp-custom-language-flag-height":12,"visody_icon":"https:\/\/armetlina.lt\/wp-content\/uploads\/2024\/12\/2xxx-2-32x32.webp","visody_icon-width":32,"visody_icon-height":32,"woocommerce_thumbnail":"https:\/\/armetlina.lt\/wp-content\/uploads\/2024\/12\/2xxx-2.webp","woocommerce_thumbnail-width":1000,"woocommerce_thumbnail-height":1000,"woocommerce_single":"https:\/\/armetlina.lt\/wp-content\/uploads\/2024\/12\/2xxx-2.webp","woocommerce_single-width":1000,"woocommerce_single-height":1000,"woocommerce_gallery_thumbnail":"https:\/\/armetlina.lt\/wp-content\/uploads\/2024\/12\/2xxx-2-100x100.webp","woocommerce_gallery_thumbnail-width":100,"woocommerce_gallery_thumbnail-height":100}}},"elektros_schema":false,"elektros_schema_source":{"label":"Elektros schema","type":"image","formatted_value":false},"irangos_isdestymas":{"ID":11865,"id":11865,"title":"MT dviej\u0173 transformatori\u0173 i\u0161planavimo br\u0117\u017einys","filename":"2xxi-2.webp","filesize":56984,"url":"https:\/\/armetlina.lt\/wp-content\/uploads\/2024\/12\/2xxi-2.webp","link":"https:\/\/armetlina.lt\/en\/?attachment_id=11865","alt":"MT dviej\u0173 transformatori\u0173 i\u0161planavimo br\u0117\u017einys, rodantis MV ir LV skyrius bei transformatori\u0173 (T) i\u0161d\u0117stym\u0105.","author":"4","description":"MT drawing of the layout of the two transformers showing the MV and LV compartments and the location of the transformers (T).","caption":"","name":"2xxi-3","status":"inherit","uploaded_to":5917,"date":"2025-05-06 09:59:38","modified":"2025-05-13 12:53:30","menu_order":0,"mime_type":"image\/webp","type":"image","subtype":"webp","icon":"https:\/\/armetlina.lt\/wp-includes\/images\/media\/default.png","width":1000,"height":1000,"sizes":{"thumbnail":"https:\/\/armetlina.lt\/wp-content\/uploads\/2024\/12\/2xxi-2-150x150.webp","thumbnail-width":150,"thumbnail-height":150,"medium":"https:\/\/armetlina.lt\/wp-content\/uploads\/2024\/12\/2xxi-2-300x300.webp","medium-width":300,"medium-height":300,"medium_large":"https:\/\/armetlina.lt\/wp-content\/uploads\/2024\/12\/2xxi-2-768x768.webp","medium_large-width":768,"medium_large-height":768,"large":"https:\/\/armetlina.lt\/wp-content\/uploads\/2024\/12\/2xxi-2.webp","large-width":800,"large-height":800,"1536x1536":"https:\/\/armetlina.lt\/wp-content\/uploads\/2024\/12\/2xxi-2.webp","1536x1536-width":1000,"1536x1536-height":1000,"2048x2048":"https:\/\/armetlina.lt\/wp-content\/uploads\/2024\/12\/2xxi-2.webp","2048x2048-width":1000,"2048x2048-height":1000,"trp-custom-language-flag":"https:\/\/armetlina.lt\/wp-content\/uploads\/2024\/12\/2xxi-2.webp","trp-custom-language-flag-width":12,"trp-custom-language-flag-height":12,"visody_icon":"https:\/\/armetlina.lt\/wp-content\/uploads\/2024\/12\/2xxi-2-32x32.webp","visody_icon-width":32,"visody_icon-height":32,"woocommerce_thumbnail":"https:\/\/armetlina.lt\/wp-content\/uploads\/2024\/12\/2xxi-2.webp","woocommerce_thumbnail-width":1000,"woocommerce_thumbnail-height":1000,"woocommerce_single":"https:\/\/armetlina.lt\/wp-content\/uploads\/2024\/12\/2xxi-2.webp","woocommerce_single-width":1000,"woocommerce_single-height":1000,"woocommerce_gallery_thumbnail":"https:\/\/armetlina.lt\/wp-content\/uploads\/2024\/12\/2xxi-2-100x100.webp","woocommerce_gallery_thumbnail-width":100,"woocommerce_gallery_thumbnail-height":100}},"irangos_isdestymas_source":{"label":"\u012erangos i\u0161d\u0117stymas","type":"image","formatted_value":{"ID":11865,"id":11865,"title":"MT dviej\u0173 transformatori\u0173 i\u0161planavimo br\u0117\u017einys","filename":"2xxi-2.webp","filesize":56984,"url":"https:\/\/armetlina.lt\/wp-content\/uploads\/2024\/12\/2xxi-2.webp","link":"https:\/\/armetlina.lt\/en\/?attachment_id=11865","alt":"MT dviej\u0173 transformatori\u0173 i\u0161planavimo br\u0117\u017einys, rodantis MV ir LV skyrius bei transformatori\u0173 (T) i\u0161d\u0117stym\u0105.","author":"4","description":"MT drawing of the layout of the two transformers showing the MV and LV compartments and the location of the transformers (T).","caption":"","name":"2xxi-3","status":"inherit","uploaded_to":5917,"date":"2025-05-06 09:59:38","modified":"2025-05-13 12:53:30","menu_order":0,"mime_type":"image\/webp","type":"image","subtype":"webp","icon":"https:\/\/armetlina.lt\/wp-includes\/images\/media\/default.png","width":1000,"height":1000,"sizes":{"thumbnail":"https:\/\/armetlina.lt\/wp-content\/uploads\/2024\/12\/2xxi-2-150x150.webp","thumbnail-width":150,"thumbnail-height":150,"medium":"https:\/\/armetlina.lt\/wp-content\/uploads\/2024\/12\/2xxi-2-300x300.webp","medium-width":300,"medium-height":300,"medium_large":"https:\/\/armetlina.lt\/wp-content\/uploads\/2024\/12\/2xxi-2-768x768.webp","medium_large-width":768,"medium_large-height":768,"large":"https:\/\/armetlina.lt\/wp-content\/uploads\/2024\/12\/2xxi-2.webp","large-width":800,"large-height":800,"1536x1536":"https:\/\/armetlina.lt\/wp-content\/uploads\/2024\/12\/2xxi-2.webp","1536x1536-width":1000,"1536x1536-height":1000,"2048x2048":"https:\/\/armetlina.lt\/wp-content\/uploads\/2024\/12\/2xxi-2.webp","2048x2048-width":1000,"2048x2048-height":1000,"trp-custom-language-flag":"https:\/\/armetlina.lt\/wp-content\/uploads\/2024\/12\/2xxi-2.webp","trp-custom-language-flag-width":12,"trp-custom-language-flag-height":12,"visody_icon":"https:\/\/armetlina.lt\/wp-content\/uploads\/2024\/12\/2xxi-2-32x32.webp","visody_icon-width":32,"visody_icon-height":32,"woocommerce_thumbnail":"https:\/\/armetlina.lt\/wp-content\/uploads\/2024\/12\/2xxi-2.webp","woocommerce_thumbnail-width":1000,"woocommerce_thumbnail-height":1000,"woocommerce_single":"https:\/\/armetlina.lt\/wp-content\/uploads\/2024\/12\/2xxi-2.webp","woocommerce_single-width":1000,"woocommerce_single-height":1000,"woocommerce_gallery_thumbnail":"https:\/\/armetlina.lt\/wp-content\/uploads\/2024\/12\/2xxi-2-100x100.webp","woocommerce_gallery_thumbnail-width":100,"woocommerce_gallery_thumbnail-height":100}}},"hide_price_add_to_cart":true,"hide_price_add_to_cart_source":{"label":"Panaikinti kainas produktui","type":"true_false","formatted_value":true},"produkto_kategorija_1":97,"produkto_kategorija_1_source":{"label":"Produkto kategorija","type":"taxonomy","formatted_value":97},"pagridine_informacija":{"modelio_paaiskinimas":"Skirta 10 kV \u012ftampos 50 Hz da\u017enio elektros energijos pri\u0117mimui ir keitimui \u012f 0,4 kV \u012ftampos elektros energij\u0105 bei jos skirstymui vartotojams; Tai i\u0161orinio aptarnavimo, prie i\u0161orini\u0173 tinkl\u0173 prijungiama po\u017eeminiais kabeliais transformatorin\u0117.","montavimop_apg":"","korpusas":"Transformatorin\u0119 sudaro gel\u017ebetoninis pamatas ir metalinis korpusas su nukeliamu stogu.\r\nTransformatorin\u0117 susideda i\u0161 \u0161e\u0161i\u0173 pertvaromis atskirt\u0173 dali\u0173:\r\ndu 10 kV skyriai,\r\ndu galios transformatoriaus skyriai, \r\ndu 0,4 kV skyriai.","aukstis":"2550","plotis":"4550","gylis":"3150","atitiktis":"","standartai":"LST EN 62271-202","komplektacija":""},"pagridine_informacija_source":{"label":"Pagrindin\u0117 informacija","type":"group","formatted_value":{"modelio_paaiskinimas":"Skirta 10 kV \u012ftampos 50 Hz da\u017enio elektros energijos pri\u0117mimui ir keitimui \u012f 0,4 kV \u012ftampos elektros energij\u0105 bei jos skirstymui vartotojams; Tai i\u0161orinio aptarnavimo, prie i\u0161orini\u0173 tinkl\u0173 prijungiama po\u017eeminiais kabeliais transformatorin\u0117.","montavimop_apg":"","korpusas":"Transformatorin\u0119 sudaro gel\u017ebetoninis pamatas ir metalinis korpusas su nukeliamu stogu.\r\nTransformatorin\u0117 susideda i\u0161 \u0161e\u0161i\u0173 pertvaromis atskirt\u0173 dali\u0173:\r\ndu 10 kV skyriai,\r\ndu galios transformatoriaus skyriai, \r\ndu 0,4 kV skyriai.","aukstis":"2550","plotis":"4550","gylis":"3150","atitiktis":"","standartai":"LST EN 62271-202","komplektacija":""}},"techninia_parametrai":{"nominali_itampa":"","vardine_srove":"","vardinis_daznis":"50Hz","apsaugos_laipsnis":"IP 44","altitude":"\u2264 2000 m","aplinkos_temperatura":"'-35+35\u00b0C","santykine_oro_dregme":"\u2264 100% (esant +25\u00b0C)","vedinimas":"Savaiminis \/ priverstinis","mechaninis_atsparumas":"","tvirtinimas":"","impulsine_itampa":"","nominali_didziausia_srove":"","nominali_trumpo_jungimo":"","statinio_patikimumo_klase":"","statinio_energinio_naudingumo_klase":"","sildymas":"","apsvietimas":"","synu_tr_rove":"","synu_smugine_srove_ka":"","atidarymo_kampas":""},"techninia_parametrai_source":{"label":"Techniniai parametrai","type":"group","formatted_value":{"nominali_itampa":"","vardine_srove":"","vardinis_daznis":"50Hz","apsaugos_laipsnis":"IP 44","altitude":"\u2264 2000 m","aplinkos_temperatura":"'-35+35\u00b0C","santykine_oro_dregme":"\u2264 100% (esant +25\u00b0C)","vedinimas":"Savaiminis \/ priverstinis","mechaninis_atsparumas":"","tvirtinimas":"","impulsine_itampa":"","nominali_didziausia_srove":"","nominali_trumpo_jungimo":"","statinio_patikimumo_klase":"","statinio_energinio_naudingumo_klase":"","sildymas":"","apsvietimas":"","synu_tr_rove":"","synu_smugine_srove_ka":"","atidarymo_kampas":""}},"tvirtinimo_medziagos":{"cokolis__ikasamas_pamatas":"","cokolis":"","ikasamas_pamatas":"","dugnas":"","konstrukcinis_tvirtinimas_atramoje":"","kabelio_apsauga":""},"tvirtinimo_medziagos_source":{"label":"Tvirtinimo med\u017eiagos","type":"group","formatted_value":{"cokolis__ikasamas_pamatas":"","cokolis":"","ikasamas_pamatas":"","dugnas":"","konstrukcinis_tvirtinimas_atramoje":"","kabelio_apsauga":""}},"10_kv_itampos_skyrius":{"vardine_itampa_10":"10 kV","maksimali_itampa_10":"12 kV","bandymo_itampa_10":"28 kV","vardinis_daznis_10":"50 Hz","impulsine_bandymo_itampa_10":"75 kV","narvelio_aptarnavimas_10":"I\u0161orinis","narvelio_izoliacija_10":"Oras","tinklo_neutrale_10":"Izoliuota","narvelio_apsaugos_laipsnis_10":"IP 3X","aptarnavimo_kategorija_10":"LSC2A","skyrikliai_10":"Pagal AB ESO techninius reikalavimus","virsitampiu_ribotuvai_10":"Pagal AB ESO techninius reikalavimus"},"10_kv_itampos_skyrius_source":{"label":"10 kV \u012ftampos skyrius","type":"group","formatted_value":{"vardine_itampa_10":"10 kV","maksimali_itampa_10":"12 kV","bandymo_itampa_10":"28 kV","vardinis_daznis_10":"50 Hz","impulsine_bandymo_itampa_10":"75 kV","narvelio_aptarnavimas_10":"I\u0161orinis","narvelio_izoliacija_10":"Oras","tinklo_neutrale_10":"Izoliuota","narvelio_apsaugos_laipsnis_10":"IP 3X","aptarnavimo_kategorija_10":"LSC2A","skyrikliai_10":"Pagal AB ESO techninius reikalavimus","virsitampiu_ribotuvai_10":"Pagal AB ESO techninius reikalavimus"}},"04_kv_itampos_skyrius":{"renkamos_synos_04":"","04_kv_synu_vardine_srove":"\u22651600 A","04_kv_synu_trumpo_jungimo_srove":"25 kA","04_kv_synu_smugine_srove":"40 kA","04_kv_dalies_aptarnavimas":"Vienpusis - i\u0161orinis","vardine_irenginiu_izoliacijos_itampa_04":"690 V"},"04_kv_itampos_skyrius_source":{"label":"04 kV \u012ftampos skyrius","type":"group","formatted_value":{"renkamos_synos_04":"","04_kv_synu_vardine_srove":"\u22651600 A","04_kv_synu_trumpo_jungimo_srove":"25 kA","04_kv_synu_smugine_srove":"40 kA","04_kv_dalies_aptarnavimas":"Vienpusis - i\u0161orinis","vardine_irenginiu_izoliacijos_itampa_04":"690 V"}},"papildoma_informacija":{"vidutine_itampa_mt":"Sumontuoti su hermetizuoto oro vidutin\u0117s \u012ftampos skirstyklomis; vieta TSP\u012e.","transformatorius_mt":"Paruo\u0161tos dvi  vietos su alyvos surinkimo duob\u0117mis , trij\u0173 fazi\u0173,\r\nhermeti\u0161kiems  alyviniams transformatoriams;\r\n(\u22641500x1000x1800mm) iki 1000 kVA.","zema_itampa_mt":"Dvi \u0161yn\u0173 sekcijos; Du \u012fvadiniai saugikli\u0173-kirtikli\u0173 blokai; Sekcijinis saugikli\u0173-kirtikli\u0173 blokas; Vieta kontrolinei apskaitai; Vieta komercinei apskaitai (KAS); Numatyta vieta linijiniams saugikli\u0173-kirtikli\u0173 blokams, iki 8 vnt. kiek vienoje sekcijoje; \u0160ynos Al (Cu) su \u012fpresuotomis \u012fvor\u0117mis (patogiam kirtikli\u0173 saugikli\u0173 blok\u0173 montavimui); Sav\u0173 reikmi\u0173 skydas (SRS).","izeminimu_laidininkai":"Transformatoriaus konstrukcijos 10 mm2; Durys 4 mm2.","savu_reikmiu_skydas_mt":"Ki\u0161tukinis lizdas ~230V su \u012f\u017eeminimo kontaktais, apsaugotas RCCB ir automatiniu jungikliu 1f C16A. Automatinis jungiklis 1f C6A skirtas 10kV trumpo jungimo indikatori\u0173 maitinimo apsaugai Automatinis jungiklis 1f C6A \u0161viestuv\u0173 apsaugai.","kontroline_apskaita_mt":"Numatyta 1 vieta (trij\u0173 fazi\u0173) kontroliniam elektros\r\napskaitos prietaisui ir bandym\u0173 gnybtui 0,4 kV paskirstymo \u012frengini\u0173 skyriaus dalyje, u\u017esakius: srov\u0117s transformatoriai sumontuojami ir prijungiami.","irangos_paaiskinimas_mt":"Galios transformatorius \u012fkeliamas per vir\u0161\u0173 nuk\u0117lus stog\u0105.\r\nTransformatorius pastatomas su ratukais \u012f tam numatytas\r\nfiksuojan\u010dias vietas, kuri\u0173 d\u0117ka transformatorius negali\r\njud\u0117ti.\r\nMV- (angl. medium voltage) vidutin\u0117s \u012ftampos skyrius su\r\n\u012frenginiais;\r\nLV- (angl. low voltage) \u017eemos \u012ftampos skyrius su\r\n\u012frenginiais;\r\nKAS-Komercin\u0117 apskaita.","komplektuote":""},"papildoma_informacija_source":{"label":"Papildoma informacija","type":"group","formatted_value":{"vidutine_itampa_mt":"Sumontuoti su hermetizuoto oro vidutin\u0117s \u012ftampos skirstyklomis; vieta TSP\u012e.","transformatorius_mt":"Paruo\u0161tos dvi  vietos su alyvos surinkimo duob\u0117mis , trij\u0173 fazi\u0173,\r\nhermeti\u0161kiems  alyviniams transformatoriams;\r\n(\u22641500x1000x1800mm) iki 1000 kVA.","zema_itampa_mt":"Dvi \u0161yn\u0173 sekcijos; Du \u012fvadiniai saugikli\u0173-kirtikli\u0173 blokai; Sekcijinis saugikli\u0173-kirtikli\u0173 blokas; Vieta kontrolinei apskaitai; Vieta komercinei apskaitai (KAS); Numatyta vieta linijiniams saugikli\u0173-kirtikli\u0173 blokams, iki 8 vnt. kiek vienoje sekcijoje; \u0160ynos Al (Cu) su \u012fpresuotomis \u012fvor\u0117mis (patogiam kirtikli\u0173 saugikli\u0173 blok\u0173 montavimui); Sav\u0173 reikmi\u0173 skydas (SRS).","izeminimu_laidininkai":"Transformatoriaus konstrukcijos 10 mm2; Durys 4 mm2.","savu_reikmiu_skydas_mt":"Ki\u0161tukinis lizdas ~230V su \u012f\u017eeminimo kontaktais, apsaugotas RCCB ir automatiniu jungikliu 1f C16A. Automatinis jungiklis 1f C6A skirtas 10kV trumpo jungimo indikatori\u0173 maitinimo apsaugai Automatinis jungiklis 1f C6A \u0161viestuv\u0173 apsaugai.","kontroline_apskaita_mt":"Numatyta 1 vieta (trij\u0173 fazi\u0173) kontroliniam elektros\r\napskaitos prietaisui ir bandym\u0173 gnybtui 0,4 kV paskirstymo \u012frengini\u0173 skyriaus dalyje, u\u017esakius: srov\u0117s transformatoriai sumontuojami ir prijungiami.","irangos_paaiskinimas_mt":"Galios transformatorius \u012fkeliamas per vir\u0161\u0173 nuk\u0117lus stog\u0105.\r\nTransformatorius pastatomas su ratukais \u012f tam numatytas\r\nfiksuojan\u010dias vietas, kuri\u0173 d\u0117ka transformatorius negali\r\njud\u0117ti.\r\nMV- (angl. medium voltage) vidutin\u0117s \u012ftampos skyrius su\r\n\u012frenginiais;\r\nLV- (angl. low voltage) \u017eemos \u012ftampos skyrius su\r\n\u012frenginiais;\r\nKAS-Komercin\u0117 apskaita.","komplektuote":""}},"instrukcija":"","instrukcija_source":{"label":"Instrukcija","type":"wysiwyg","formatted_value":""}},"_links":{"self":[{"href":"https:\/\/armetlina.lt\/en\/wp-json\/wp\/v2\/product\/5915","targetHints":{"allow":["GET"]}}],"collection":[{"href":"https:\/\/armetlina.lt\/en\/wp-json\/wp\/v2\/product"}],"about":[{"href":"https:\/\/armetlina.lt\/en\/wp-json\/wp\/v2\/types\/product"}],"replies":[{"embeddable":true,"href":"https:\/\/armetlina.lt\/en\/wp-json\/wp\/v2\/comments?post=5915"}],"version-history":[{"count":3,"href":"https:\/\/armetlina.lt\/en\/wp-json\/wp\/v2\/product\/5915\/revisions"}],"predecessor-version":[{"id":15083,"href":"https:\/\/armetlina.lt\/en\/wp-json\/wp\/v2\/product\/5915\/revisions\/15083"}],"acf:term":[{"embeddable":true,"taxonomy":"product_cat","href":"https:\/\/armetlina.lt\/en\/wp-json\/wp\/v2\/product_cat\/97"}],"wp:featuredmedia":[{"embeddable":true,"href":"https:\/\/armetlina.lt\/en\/wp-json\/wp\/v2\/media\/11442"}],"wp:attachment":[{"href":"https:\/\/armetlina.lt\/en\/wp-json\/wp\/v2\/media?parent=5915"}],"wp:term":[{"taxonomy":"product_brand","embeddable":true,"href":"https:\/\/armetlina.lt\/en\/wp-json\/wp\/v2\/product_brand?post=5915"},{"taxonomy":"product_cat","embeddable":true,"href":"https:\/\/armetlina.lt\/en\/wp-json\/wp\/v2\/product_cat?post=5915"},{"taxonomy":"product_tag","embeddable":true,"href":"https:\/\/armetlina.lt\/en\/wp-json\/wp\/v2\/product_tag?post=5915"}],"curies":[{"name":"wp","href":"https:\/\/api.w.org\/{rel}","templated":true}]}}