{"id":5906,"date":"2024-12-04T20:14:56","date_gmt":"2024-12-04T18:14:56","guid":{"rendered":"https:\/\/armetlina.lt\/?post_type=product&#038;p=5906"},"modified":"2026-04-28T16:49:27","modified_gmt":"2026-04-28T13:49:27","slug":"mtm-10-0-4-1-x-160","status":"publish","type":"product","link":"https:\/\/armetlina.lt\/en\/produktas\/mtm-10-0-4-1-x-160\/","title":{"rendered":"MT(m)-10\/0.4-1 X 160"},"content":{"rendered":"<p>Designed for receiving 10 kV, 50 Hz electrical power and transforming it to 0.4 kV voltage for distribution to users; this is an outdoor service transformer substation connected to external networks via underground cables.<\/p>","protected":false},"excerpt":{"rendered":"<p><!-- wp:paragraph --><\/p>\n<p>MT(M) Small compact transformer substation<\/p>\n<p><!-- \/wp:paragraph --><\/p>","protected":false},"featured_media":12177,"comment_status":"closed","ping_status":"closed","template":"","meta":{"_acf_changed":false},"product_brand":[],"product_cat":[97],"product_tag":[],"class_list":{"0":"post-5906","1":"product","2":"type-product","3":"status-publish","4":"has-post-thumbnail","6":"product_cat-mt-modulines-transformatorines","7":"pa_aplinkos-temperatura-35-35c","8":"pa_apsaugos-laipsnis-ip43","9":"pa_aukstis-virs-juros-lygio--2000-m","10":"pa_ismatavimai-a-p-g-2500-2000-2100","11":"pa_trans-vardine-itampa-mv-lv-10-0-4","12":"pa_transformatoriaus-kva-218","13":"pa_transformatoriu-skaicius-216","15":"first","16":"instock","17":"shipping-taxable","18":"product-type-simple"},"acf":{"isklotine_su_matmenim":{"ID":11875,"id":11875,"title":"Ma\u017eagabari\u010di\u0173 transformatorini\u0173 br\u0117\u017einys","filename":"1X160ATV.webp","filesize":25134,"url":"https:\/\/armetlina.lt\/wp-content\/uploads\/2024\/12\/1X160ATV.webp","link":"https:\/\/armetlina.lt\/en\/?attachment_id=11875","alt":"Ma\u017eagabari\u010di\u0173 transformatorini\u0173 br\u0117\u017einys auk\u0161tis (A), plotis (P), gylis (G)","author":"4","description":"Drawing for small transformers height (A), width (P), depth (G)","caption":"","name":"1x160atv","status":"inherit","uploaded_to":5906,"date":"2025-05-06 10:39:38","modified":"2025-05-13 12:52:23","menu_order":0,"mime_type":"image\/webp","type":"image","subtype":"webp","icon":"https:\/\/armetlina.lt\/wp-includes\/images\/media\/default.png","width":1000,"height":1000,"sizes":{"thumbnail":"https:\/\/armetlina.lt\/wp-content\/uploads\/2024\/12\/1X160ATV-150x150.webp","thumbnail-width":150,"thumbnail-height":150,"medium":"https:\/\/armetlina.lt\/wp-content\/uploads\/2024\/12\/1X160ATV-300x300.webp","medium-width":300,"medium-height":300,"medium_large":"https:\/\/armetlina.lt\/wp-content\/uploads\/2024\/12\/1X160ATV-768x768.webp","medium_large-width":768,"medium_large-height":768,"large":"https:\/\/armetlina.lt\/wp-content\/uploads\/2024\/12\/1X160ATV.webp","large-width":800,"large-height":800,"1536x1536":"https:\/\/armetlina.lt\/wp-content\/uploads\/2024\/12\/1X160ATV.webp","1536x1536-width":1000,"1536x1536-height":1000,"2048x2048":"https:\/\/armetlina.lt\/wp-content\/uploads\/2024\/12\/1X160ATV.webp","2048x2048-width":1000,"2048x2048-height":1000,"trp-custom-language-flag":"https:\/\/armetlina.lt\/wp-content\/uploads\/2024\/12\/1X160ATV.webp","trp-custom-language-flag-width":12,"trp-custom-language-flag-height":12,"visody_icon":"https:\/\/armetlina.lt\/wp-content\/uploads\/2024\/12\/1X160ATV-32x32.webp","visody_icon-width":32,"visody_icon-height":32,"woocommerce_thumbnail":"https:\/\/armetlina.lt\/wp-content\/uploads\/2024\/12\/1X160ATV.webp","woocommerce_thumbnail-width":1000,"woocommerce_thumbnail-height":1000,"woocommerce_single":"https:\/\/armetlina.lt\/wp-content\/uploads\/2024\/12\/1X160ATV.webp","woocommerce_single-width":1000,"woocommerce_single-height":1000,"woocommerce_gallery_thumbnail":"https:\/\/armetlina.lt\/wp-content\/uploads\/2024\/12\/1X160ATV-100x100.webp","woocommerce_gallery_thumbnail-width":100,"woocommerce_gallery_thumbnail-height":100}},"isklotine_su_matmenim_source":{"label":"I\u0161klotin\u0117 su matmenim","type":"image","formatted_value":{"ID":11875,"id":11875,"title":"Ma\u017eagabari\u010di\u0173 transformatorini\u0173 br\u0117\u017einys","filename":"1X160ATV.webp","filesize":25134,"url":"https:\/\/armetlina.lt\/wp-content\/uploads\/2024\/12\/1X160ATV.webp","link":"https:\/\/armetlina.lt\/en\/?attachment_id=11875","alt":"Ma\u017eagabari\u010di\u0173 transformatorini\u0173 br\u0117\u017einys auk\u0161tis (A), plotis (P), gylis (G)","author":"4","description":"Drawing for small transformers height (A), width (P), depth (G)","caption":"","name":"1x160atv","status":"inherit","uploaded_to":5906,"date":"2025-05-06 10:39:38","modified":"2025-05-13 12:52:23","menu_order":0,"mime_type":"image\/webp","type":"image","subtype":"webp","icon":"https:\/\/armetlina.lt\/wp-includes\/images\/media\/default.png","width":1000,"height":1000,"sizes":{"thumbnail":"https:\/\/armetlina.lt\/wp-content\/uploads\/2024\/12\/1X160ATV-150x150.webp","thumbnail-width":150,"thumbnail-height":150,"medium":"https:\/\/armetlina.lt\/wp-content\/uploads\/2024\/12\/1X160ATV-300x300.webp","medium-width":300,"medium-height":300,"medium_large":"https:\/\/armetlina.lt\/wp-content\/uploads\/2024\/12\/1X160ATV-768x768.webp","medium_large-width":768,"medium_large-height":768,"large":"https:\/\/armetlina.lt\/wp-content\/uploads\/2024\/12\/1X160ATV.webp","large-width":800,"large-height":800,"1536x1536":"https:\/\/armetlina.lt\/wp-content\/uploads\/2024\/12\/1X160ATV.webp","1536x1536-width":1000,"1536x1536-height":1000,"2048x2048":"https:\/\/armetlina.lt\/wp-content\/uploads\/2024\/12\/1X160ATV.webp","2048x2048-width":1000,"2048x2048-height":1000,"trp-custom-language-flag":"https:\/\/armetlina.lt\/wp-content\/uploads\/2024\/12\/1X160ATV.webp","trp-custom-language-flag-width":12,"trp-custom-language-flag-height":12,"visody_icon":"https:\/\/armetlina.lt\/wp-content\/uploads\/2024\/12\/1X160ATV-32x32.webp","visody_icon-width":32,"visody_icon-height":32,"woocommerce_thumbnail":"https:\/\/armetlina.lt\/wp-content\/uploads\/2024\/12\/1X160ATV.webp","woocommerce_thumbnail-width":1000,"woocommerce_thumbnail-height":1000,"woocommerce_single":"https:\/\/armetlina.lt\/wp-content\/uploads\/2024\/12\/1X160ATV.webp","woocommerce_single-width":1000,"woocommerce_single-height":1000,"woocommerce_gallery_thumbnail":"https:\/\/armetlina.lt\/wp-content\/uploads\/2024\/12\/1X160ATV-100x100.webp","woocommerce_gallery_thumbnail-width":100,"woocommerce_gallery_thumbnail-height":100}}},"elektros_schema":false,"elektros_schema_source":{"label":"Elektros schema","type":"image","formatted_value":false},"irangos_isdestymas":{"ID":11874,"id":11874,"title":"MT(m)-10\/0.4-1 X 160 i\u0161planavimas","filename":"1X160.webp","filesize":44316,"url":"https:\/\/armetlina.lt\/wp-content\/uploads\/2024\/12\/1X160.webp","link":"https:\/\/armetlina.lt\/en\/?attachment_id=11874","alt":"MT(m)-10\/0.4-1x160 transformatorin\u0117s vidaus schema su MV, LV skyriais, TSP ir KAS moduliais.","author":"4","description":"MT(m)-10\/0.4-1x160 transformer interior diagram with MV, LV compartments, TSP and KAS modules.","caption":"","name":"1x160-3","status":"inherit","uploaded_to":5906,"date":"2025-05-06 10:32:52","modified":"2025-05-13 12:52:32","menu_order":0,"mime_type":"image\/webp","type":"image","subtype":"webp","icon":"https:\/\/armetlina.lt\/wp-includes\/images\/media\/default.png","width":1000,"height":1000,"sizes":{"thumbnail":"https:\/\/armetlina.lt\/wp-content\/uploads\/2024\/12\/1X160-150x150.webp","thumbnail-width":150,"thumbnail-height":150,"medium":"https:\/\/armetlina.lt\/wp-content\/uploads\/2024\/12\/1X160-300x300.webp","medium-width":300,"medium-height":300,"medium_large":"https:\/\/armetlina.lt\/wp-content\/uploads\/2024\/12\/1X160-768x768.webp","medium_large-width":768,"medium_large-height":768,"large":"https:\/\/armetlina.lt\/wp-content\/uploads\/2024\/12\/1X160.webp","large-width":800,"large-height":800,"1536x1536":"https:\/\/armetlina.lt\/wp-content\/uploads\/2024\/12\/1X160.webp","1536x1536-width":1000,"1536x1536-height":1000,"2048x2048":"https:\/\/armetlina.lt\/wp-content\/uploads\/2024\/12\/1X160.webp","2048x2048-width":1000,"2048x2048-height":1000,"trp-custom-language-flag":"https:\/\/armetlina.lt\/wp-content\/uploads\/2024\/12\/1X160.webp","trp-custom-language-flag-width":12,"trp-custom-language-flag-height":12,"visody_icon":"https:\/\/armetlina.lt\/wp-content\/uploads\/2024\/12\/1X160-32x32.webp","visody_icon-width":32,"visody_icon-height":32,"woocommerce_thumbnail":"https:\/\/armetlina.lt\/wp-content\/uploads\/2024\/12\/1X160.webp","woocommerce_thumbnail-width":1000,"woocommerce_thumbnail-height":1000,"woocommerce_single":"https:\/\/armetlina.lt\/wp-content\/uploads\/2024\/12\/1X160.webp","woocommerce_single-width":1000,"woocommerce_single-height":1000,"woocommerce_gallery_thumbnail":"https:\/\/armetlina.lt\/wp-content\/uploads\/2024\/12\/1X160-100x100.webp","woocommerce_gallery_thumbnail-width":100,"woocommerce_gallery_thumbnail-height":100}},"irangos_isdestymas_source":{"label":"\u012erangos i\u0161d\u0117stymas","type":"image","formatted_value":{"ID":11874,"id":11874,"title":"MT(m)-10\/0.4-1 X 160 i\u0161planavimas","filename":"1X160.webp","filesize":44316,"url":"https:\/\/armetlina.lt\/wp-content\/uploads\/2024\/12\/1X160.webp","link":"https:\/\/armetlina.lt\/en\/?attachment_id=11874","alt":"MT(m)-10\/0.4-1x160 transformatorin\u0117s vidaus schema su MV, LV skyriais, TSP ir KAS moduliais.","author":"4","description":"MT(m)-10\/0.4-1x160 transformer interior diagram with MV, LV compartments, TSP and KAS modules.","caption":"","name":"1x160-3","status":"inherit","uploaded_to":5906,"date":"2025-05-06 10:32:52","modified":"2025-05-13 12:52:32","menu_order":0,"mime_type":"image\/webp","type":"image","subtype":"webp","icon":"https:\/\/armetlina.lt\/wp-includes\/images\/media\/default.png","width":1000,"height":1000,"sizes":{"thumbnail":"https:\/\/armetlina.lt\/wp-content\/uploads\/2024\/12\/1X160-150x150.webp","thumbnail-width":150,"thumbnail-height":150,"medium":"https:\/\/armetlina.lt\/wp-content\/uploads\/2024\/12\/1X160-300x300.webp","medium-width":300,"medium-height":300,"medium_large":"https:\/\/armetlina.lt\/wp-content\/uploads\/2024\/12\/1X160-768x768.webp","medium_large-width":768,"medium_large-height":768,"large":"https:\/\/armetlina.lt\/wp-content\/uploads\/2024\/12\/1X160.webp","large-width":800,"large-height":800,"1536x1536":"https:\/\/armetlina.lt\/wp-content\/uploads\/2024\/12\/1X160.webp","1536x1536-width":1000,"1536x1536-height":1000,"2048x2048":"https:\/\/armetlina.lt\/wp-content\/uploads\/2024\/12\/1X160.webp","2048x2048-width":1000,"2048x2048-height":1000,"trp-custom-language-flag":"https:\/\/armetlina.lt\/wp-content\/uploads\/2024\/12\/1X160.webp","trp-custom-language-flag-width":12,"trp-custom-language-flag-height":12,"visody_icon":"https:\/\/armetlina.lt\/wp-content\/uploads\/2024\/12\/1X160-32x32.webp","visody_icon-width":32,"visody_icon-height":32,"woocommerce_thumbnail":"https:\/\/armetlina.lt\/wp-content\/uploads\/2024\/12\/1X160.webp","woocommerce_thumbnail-width":1000,"woocommerce_thumbnail-height":1000,"woocommerce_single":"https:\/\/armetlina.lt\/wp-content\/uploads\/2024\/12\/1X160.webp","woocommerce_single-width":1000,"woocommerce_single-height":1000,"woocommerce_gallery_thumbnail":"https:\/\/armetlina.lt\/wp-content\/uploads\/2024\/12\/1X160-100x100.webp","woocommerce_gallery_thumbnail-width":100,"woocommerce_gallery_thumbnail-height":100}}},"hide_price_add_to_cart":true,"hide_price_add_to_cart_source":{"label":"Panaikinti kainas produktui","type":"true_false","formatted_value":true},"produkto_kategorija_1":97,"produkto_kategorija_1_source":{"label":"Produkto kategorija","type":"taxonomy","formatted_value":97},"pagridine_informacija":{"modelio_paaiskinimas":" Skirta 10 kV \u012ftampos 50 Hz da\u017enio elektros energijos pri\u0117mimui ir keitimui \u012f 0,4 kV \u012ftampos elektros energij\u0105 bei jos skirstymui vartotojams; Tai i\u0161orinio aptarnavimo, prie i\u0161orini\u0173 tinkl\u0173 prijungiama po\u017eeminiais kabeliais transformatorin\u0117.","montavimop_apg":"","korpusas":"Transformatorin\u0119 sudaro gel\u017ebetoninis pamatas ir metalinis korpusas su nukeliamu stogu.\r\nTransformatorin\u0117 susideda i\u0161 trij\u0173 pertvaromis atskirt\u0173 dali\u0173:\r\n10 kV skyrius,\r\ngalios transformatoriaus skyrius, \r\n0,4 kV skyrius.","aukstis":"2500","plotis":"2580","gylis":"2013","atitiktis":"","standartai":"LST EN 62271-202","komplektacija":""},"pagridine_informacija_source":{"label":"Pagrindin\u0117 informacija","type":"group","formatted_value":{"modelio_paaiskinimas":" Skirta 10 kV \u012ftampos 50 Hz da\u017enio elektros energijos pri\u0117mimui ir keitimui \u012f 0,4 kV \u012ftampos elektros energij\u0105 bei jos skirstymui vartotojams; Tai i\u0161orinio aptarnavimo, prie i\u0161orini\u0173 tinkl\u0173 prijungiama po\u017eeminiais kabeliais transformatorin\u0117.","montavimop_apg":"","korpusas":"Transformatorin\u0119 sudaro gel\u017ebetoninis pamatas ir metalinis korpusas su nukeliamu stogu.\r\nTransformatorin\u0117 susideda i\u0161 trij\u0173 pertvaromis atskirt\u0173 dali\u0173:\r\n10 kV skyrius,\r\ngalios transformatoriaus skyrius, \r\n0,4 kV skyrius.","aukstis":"2500","plotis":"2580","gylis":"2013","atitiktis":"","standartai":"LST EN 62271-202","komplektacija":""}},"techninia_parametrai":{"nominali_itampa":"","vardine_srove":"","vardinis_daznis":"","apsaugos_laipsnis":"IP44","altitude":"\u2264 2000 m","aplinkos_temperatura":"'-35+35\u00b0C","santykine_oro_dregme":"\u2264 100% (esant +25\u00b0C)","vedinimas":"Savaiminis","mechaninis_atsparumas":"","tvirtinimas":"","impulsine_itampa":"","nominali_didziausia_srove":"","nominali_trumpo_jungimo":"","statinio_patikimumo_klase":"","statinio_energinio_naudingumo_klase":"","sildymas":"","apsvietimas":"","synu_tr_rove":"","synu_smugine_srove_ka":"","atidarymo_kampas":""},"techninia_parametrai_source":{"label":"Techniniai parametrai","type":"group","formatted_value":{"nominali_itampa":"","vardine_srove":"","vardinis_daznis":"","apsaugos_laipsnis":"IP44","altitude":"\u2264 2000 m","aplinkos_temperatura":"'-35+35\u00b0C","santykine_oro_dregme":"\u2264 100% (esant +25\u00b0C)","vedinimas":"Savaiminis","mechaninis_atsparumas":"","tvirtinimas":"","impulsine_itampa":"","nominali_didziausia_srove":"","nominali_trumpo_jungimo":"","statinio_patikimumo_klase":"","statinio_energinio_naudingumo_klase":"","sildymas":"","apsvietimas":"","synu_tr_rove":"","synu_smugine_srove_ka":"","atidarymo_kampas":""}},"tvirtinimo_medziagos":{"cokolis__ikasamas_pamatas":"","cokolis":"","ikasamas_pamatas":"","dugnas":"","konstrukcinis_tvirtinimas_atramoje":"","kabelio_apsauga":""},"tvirtinimo_medziagos_source":{"label":"Tvirtinimo med\u017eiagos","type":"group","formatted_value":{"cokolis__ikasamas_pamatas":"","cokolis":"","ikasamas_pamatas":"","dugnas":"","konstrukcinis_tvirtinimas_atramoje":"","kabelio_apsauga":""}},"10_kv_itampos_skyrius":{"vardine_itampa_10":"10kV","maksimali_itampa_10":"12kV","bandymo_itampa_10":"28kV","vardinis_daznis_10":"50Hz","impulsine_bandymo_itampa_10":"75kV","narvelio_aptarnavimas_10":"I\u0161orinis","narvelio_izoliacija_10":"Oras ","tinklo_neutrale_10":"Izoliuota","narvelio_apsaugos_laipsnis_10":"IP3X","aptarnavimo_kategorija_10":"LSC2A","skyrikliai_10":"Pagal AB \"ESO\" techninius reikalavimus","virsitampiu_ribotuvai_10":"Pagal AB \"ESO\" techninius reikalavimus"},"10_kv_itampos_skyrius_source":{"label":"10 kV \u012ftampos skyrius","type":"group","formatted_value":{"vardine_itampa_10":"10kV","maksimali_itampa_10":"12kV","bandymo_itampa_10":"28kV","vardinis_daznis_10":"50Hz","impulsine_bandymo_itampa_10":"75kV","narvelio_aptarnavimas_10":"I\u0161orinis","narvelio_izoliacija_10":"Oras ","tinklo_neutrale_10":"Izoliuota","narvelio_apsaugos_laipsnis_10":"IP3X","aptarnavimo_kategorija_10":"LSC2A","skyrikliai_10":"Pagal AB \"ESO\" techninius reikalavimus","virsitampiu_ribotuvai_10":"Pagal AB \"ESO\" techninius reikalavimus"}},"04_kv_itampos_skyrius":{"renkamos_synos_04":"","04_kv_synu_vardine_srove":"\u2265250 A","04_kv_synu_trumpo_jungimo_srove":"25kA","04_kv_synu_smugine_srove":"40kA","04_kv_dalies_aptarnavimas":"Vienpusis - i\u0161orinis","vardine_irenginiu_izoliacijos_itampa_04":"690V"},"04_kv_itampos_skyrius_source":{"label":"04 kV \u012ftampos skyrius","type":"group","formatted_value":{"renkamos_synos_04":"","04_kv_synu_vardine_srove":"\u2265250 A","04_kv_synu_trumpo_jungimo_srove":"25kA","04_kv_synu_smugine_srove":"40kA","04_kv_dalies_aptarnavimas":"Vienpusis - i\u0161orinis","vardine_irenginiu_izoliacijos_itampa_04":"690V"}},"papildoma_informacija":{"vidutine_itampa_mt":"Sumontuoti su hermetizuoto oro vidutin\u0117s \u012ftampos skirstyklomis; vieta TSP\u012e.","transformatorius_mt":"Paruo\u0161ta vieta su alyvos (\u2264530 l) surinkimo duobe, trij\u0173 fazi\u0173, hermeti\u0161kam alyviniam transformatoriui\r\n(\u22641200x870x1400) iki 160kVA galios.","zema_itampa_mt":" \u012evadinis saugikli\u0173-kirtikli\u0173 blokas; Vieta kontrolinei apskaitai; Vieta komercinei apskaitai (KAS); Numatyta vieta linijiniams saugikli\u0173-kirtikli\u0173 blokams, iki 3 vnt. ; \u0160ynos Al  su \u012fpresuotomis \u012fvor\u0117mis (patogiam kirtikli\u0173 saugikli\u0173 blok\u0173 montavimui); Vieta generatoriaus pajungimui; Sav\u0173 reikmi\u0173 skydas (SRS); vieta TSP\u012e skydo montavimui.","izeminimu_laidininkai":"Transformatoriaus konstrukcijos 10 mm2; Durys 4 mm2.","savu_reikmiu_skydas_mt":"Ki\u0161tukinis lizdas ~230V su \u012f\u017eeminimo kontaktais, apsaugotas RCCB ir automatiniu jungikliu 1f C16A; Automatinis jungiklis 1f C6A skirtas 10kV trumpo jungimo indikatori\u0173 maitinimo apsaugai; Automatinis jungiklis 1f C6A \u0161viestuv\u0173 apsaugai; Automatinis jungiklis \r\n 1f C16 TSP\u012e \u012frangos maitinimo apsaugai.","kontroline_apskaita_mt":"Numatyta 1 vieta (trij\u0173 fazi\u0173) kontroliniam elektros\r\napskaitos prietaisui ir bandym\u0173 gnybtui 0,4 kV paskirstymo \u012frengini\u0173 skyriaus dalyje, u\u017esakius: srov\u0117s transformatoriai sumontuojami ir prijungiami.","irangos_paaiskinimas_mt":"Galios transformatorius \u012fkeliamas per vir\u0161\u0173 nuk\u0117lus stog\u0105.\r\nTransformatorius pastatomas su ratukais \u012f tam numatytas\r\nfiksuojan\u010dias vietas, kuri\u0173 d\u0117ka transformatorius negali\r\njud\u0117ti.\r\nMV- (angl. medium voltage) vidutin\u0117s \u012ftampos skyrius su\r\n\u012frenginiais;\r\nLV- (angl. low voltage) \u017eemos \u012ftampos skyrius su\r\n\u012frenginiais;\r\nKAS-Komercin\u0117 apskaita.","komplektuote":""},"papildoma_informacija_source":{"label":"Papildoma informacija","type":"group","formatted_value":{"vidutine_itampa_mt":"Sumontuoti su hermetizuoto oro vidutin\u0117s \u012ftampos skirstyklomis; vieta TSP\u012e.","transformatorius_mt":"Paruo\u0161ta vieta su alyvos (\u2264530 l) surinkimo duobe, trij\u0173 fazi\u0173, hermeti\u0161kam alyviniam transformatoriui\r\n(\u22641200x870x1400) iki 160kVA galios.","zema_itampa_mt":" \u012evadinis saugikli\u0173-kirtikli\u0173 blokas; Vieta kontrolinei apskaitai; Vieta komercinei apskaitai (KAS); Numatyta vieta linijiniams saugikli\u0173-kirtikli\u0173 blokams, iki 3 vnt. ; \u0160ynos Al  su \u012fpresuotomis \u012fvor\u0117mis (patogiam kirtikli\u0173 saugikli\u0173 blok\u0173 montavimui); Vieta generatoriaus pajungimui; Sav\u0173 reikmi\u0173 skydas (SRS); vieta TSP\u012e skydo montavimui.","izeminimu_laidininkai":"Transformatoriaus konstrukcijos 10 mm2; Durys 4 mm2.","savu_reikmiu_skydas_mt":"Ki\u0161tukinis lizdas ~230V su \u012f\u017eeminimo kontaktais, apsaugotas RCCB ir automatiniu jungikliu 1f C16A; Automatinis jungiklis 1f C6A skirtas 10kV trumpo jungimo indikatori\u0173 maitinimo apsaugai; Automatinis jungiklis 1f C6A \u0161viestuv\u0173 apsaugai; Automatinis jungiklis \r\n 1f C16 TSP\u012e \u012frangos maitinimo apsaugai.","kontroline_apskaita_mt":"Numatyta 1 vieta (trij\u0173 fazi\u0173) kontroliniam elektros\r\napskaitos prietaisui ir bandym\u0173 gnybtui 0,4 kV paskirstymo \u012frengini\u0173 skyriaus dalyje, u\u017esakius: srov\u0117s transformatoriai sumontuojami ir prijungiami.","irangos_paaiskinimas_mt":"Galios transformatorius \u012fkeliamas per vir\u0161\u0173 nuk\u0117lus stog\u0105.\r\nTransformatorius pastatomas su ratukais \u012f tam numatytas\r\nfiksuojan\u010dias vietas, kuri\u0173 d\u0117ka transformatorius negali\r\njud\u0117ti.\r\nMV- (angl. medium voltage) vidutin\u0117s \u012ftampos skyrius su\r\n\u012frenginiais;\r\nLV- (angl. low voltage) \u017eemos \u012ftampos skyrius su\r\n\u012frenginiais;\r\nKAS-Komercin\u0117 apskaita.","komplektuote":""}},"instrukcija":"","instrukcija_source":{"label":"Instrukcija","type":"wysiwyg","formatted_value":""}},"_links":{"self":[{"href":"https:\/\/armetlina.lt\/en\/wp-json\/wp\/v2\/product\/5906","targetHints":{"allow":["GET"]}}],"collection":[{"href":"https:\/\/armetlina.lt\/en\/wp-json\/wp\/v2\/product"}],"about":[{"href":"https:\/\/armetlina.lt\/en\/wp-json\/wp\/v2\/types\/product"}],"replies":[{"embeddable":true,"href":"https:\/\/armetlina.lt\/en\/wp-json\/wp\/v2\/comments?post=5906"}],"version-history":[{"count":3,"href":"https:\/\/armetlina.lt\/en\/wp-json\/wp\/v2\/product\/5906\/revisions"}],"predecessor-version":[{"id":15085,"href":"https:\/\/armetlina.lt\/en\/wp-json\/wp\/v2\/product\/5906\/revisions\/15085"}],"acf:term":[{"embeddable":true,"taxonomy":"product_cat","href":"https:\/\/armetlina.lt\/en\/wp-json\/wp\/v2\/product_cat\/97"}],"wp:featuredmedia":[{"embeddable":true,"href":"https:\/\/armetlina.lt\/en\/wp-json\/wp\/v2\/media\/12177"}],"wp:attachment":[{"href":"https:\/\/armetlina.lt\/en\/wp-json\/wp\/v2\/media?parent=5906"}],"wp:term":[{"taxonomy":"product_brand","embeddable":true,"href":"https:\/\/armetlina.lt\/en\/wp-json\/wp\/v2\/product_brand?post=5906"},{"taxonomy":"product_cat","embeddable":true,"href":"https:\/\/armetlina.lt\/en\/wp-json\/wp\/v2\/product_cat?post=5906"},{"taxonomy":"product_tag","embeddable":true,"href":"https:\/\/armetlina.lt\/en\/wp-json\/wp\/v2\/product_tag?post=5906"}],"curies":[{"name":"wp","href":"https:\/\/api.w.org\/{rel}","templated":true}]}}