{"id":5791,"date":"2024-12-04T11:05:00","date_gmt":"2024-12-04T09:05:00","guid":{"rendered":"https:\/\/armetlina.lt\/?post_type=product&#038;p=5791"},"modified":"2025-09-26T13:18:59","modified_gmt":"2025-09-26T10:18:59","slug":"ess-70-55-30-gs","status":"publish","type":"product","link":"https:\/\/armetlina.lt\/en\/produktas\/ess-70-55-30-gs\/","title":{"rendered":"ESS-70.55.30-GS"},"content":{"rendered":"<p>&nbsp;<\/p>\n<p>Designed for the distribution and switching of electrical equipment control circuits.\nThe cabinet includes space for control circuit distribution, switching, equipment for automatic climate control, and other components.\nVarious types of terminals and switching devices can be installed in the cabinet.\nComplies with Litgrid technical requirements.<\/p>","protected":false},"excerpt":{"rendered":"<p>Outdoor-type terminal cabinet<\/p>","protected":false},"featured_media":14364,"comment_status":"closed","ping_status":"closed","template":"","meta":{"_acf_changed":false},"product_brand":[],"product_cat":[92],"product_tag":[],"class_list":{"0":"post-5791","1":"product","2":"type-product","3":"status-publish","4":"has-post-thumbnail","6":"product_cat-gs-gnybtu-spintos","7":"pa_aplinkos-temperatura-35-35c","8":"pa_apsaugos-laipsnis-ip44","9":"pa_apsaugos-laipsnis-ip54","10":"pa_aukstis-virs-juros-lygio--2000-m","11":"pa_ismatavimai-a-p-g-700-550-300","13":"first","14":"instock","15":"shipping-taxable","16":"product-type-simple"},"acf":{"isklotine_su_matmenim":{"ID":11879,"id":11879,"title":"ESS ir GS spint\u0173 br\u0117\u017einys","filename":"GSSPINTOSM.webp","filesize":11618,"url":"https:\/\/armetlina.lt\/wp-content\/uploads\/2024\/12\/GSSPINTOSM.webp","link":"https:\/\/armetlina.lt\/en\/?attachment_id=11879","alt":"ESS ir GS spint\u0173 br\u0117\u017einys su matmenimis: auk\u0161tis (A), plotis (P), gylis (G) \u2013 vaizdas i\u0161 priekio ir \u0161ono","author":"4","description":"ESS ir GS spint\u0173 br\u0117\u017einys su matmenimis: auk\u0161tis (A), plotis (P), gylis (G)","caption":"","name":"gsspintosm","status":"inherit","uploaded_to":5807,"date":"2025-05-06 10:55:09","modified":"2025-05-12 15:55:49","menu_order":0,"mime_type":"image\/webp","type":"image","subtype":"webp","icon":"https:\/\/armetlina.lt\/wp-includes\/images\/media\/default.png","width":1000,"height":1000,"sizes":{"thumbnail":"https:\/\/armetlina.lt\/wp-content\/uploads\/2024\/12\/GSSPINTOSM-150x150.webp","thumbnail-width":150,"thumbnail-height":150,"medium":"https:\/\/armetlina.lt\/wp-content\/uploads\/2024\/12\/GSSPINTOSM-300x300.webp","medium-width":300,"medium-height":300,"medium_large":"https:\/\/armetlina.lt\/wp-content\/uploads\/2024\/12\/GSSPINTOSM-768x768.webp","medium_large-width":768,"medium_large-height":768,"large":"https:\/\/armetlina.lt\/wp-content\/uploads\/2024\/12\/GSSPINTOSM.webp","large-width":800,"large-height":800,"1536x1536":"https:\/\/armetlina.lt\/wp-content\/uploads\/2024\/12\/GSSPINTOSM.webp","1536x1536-width":1000,"1536x1536-height":1000,"2048x2048":"https:\/\/armetlina.lt\/wp-content\/uploads\/2024\/12\/GSSPINTOSM.webp","2048x2048-width":1000,"2048x2048-height":1000,"trp-custom-language-flag":"https:\/\/armetlina.lt\/wp-content\/uploads\/2024\/12\/GSSPINTOSM.webp","trp-custom-language-flag-width":12,"trp-custom-language-flag-height":12,"visody_icon":"https:\/\/armetlina.lt\/wp-content\/uploads\/2024\/12\/GSSPINTOSM-32x32.webp","visody_icon-width":32,"visody_icon-height":32,"woocommerce_thumbnail":"https:\/\/armetlina.lt\/wp-content\/uploads\/2024\/12\/GSSPINTOSM.webp","woocommerce_thumbnail-width":1000,"woocommerce_thumbnail-height":1000,"woocommerce_single":"https:\/\/armetlina.lt\/wp-content\/uploads\/2024\/12\/GSSPINTOSM.webp","woocommerce_single-width":1000,"woocommerce_single-height":1000,"woocommerce_gallery_thumbnail":"https:\/\/armetlina.lt\/wp-content\/uploads\/2024\/12\/GSSPINTOSM-100x100.webp","woocommerce_gallery_thumbnail-width":100,"woocommerce_gallery_thumbnail-height":100}},"isklotine_su_matmenim_source":{"label":"I\u0161klotin\u0117 su matmenim","type":"image","formatted_value":{"ID":11879,"id":11879,"title":"ESS ir GS spint\u0173 br\u0117\u017einys","filename":"GSSPINTOSM.webp","filesize":11618,"url":"https:\/\/armetlina.lt\/wp-content\/uploads\/2024\/12\/GSSPINTOSM.webp","link":"https:\/\/armetlina.lt\/en\/?attachment_id=11879","alt":"ESS ir GS spint\u0173 br\u0117\u017einys su matmenimis: auk\u0161tis (A), plotis (P), gylis (G) \u2013 vaizdas i\u0161 priekio ir \u0161ono","author":"4","description":"ESS ir GS spint\u0173 br\u0117\u017einys su matmenimis: auk\u0161tis (A), plotis (P), gylis (G)","caption":"","name":"gsspintosm","status":"inherit","uploaded_to":5807,"date":"2025-05-06 10:55:09","modified":"2025-05-12 15:55:49","menu_order":0,"mime_type":"image\/webp","type":"image","subtype":"webp","icon":"https:\/\/armetlina.lt\/wp-includes\/images\/media\/default.png","width":1000,"height":1000,"sizes":{"thumbnail":"https:\/\/armetlina.lt\/wp-content\/uploads\/2024\/12\/GSSPINTOSM-150x150.webp","thumbnail-width":150,"thumbnail-height":150,"medium":"https:\/\/armetlina.lt\/wp-content\/uploads\/2024\/12\/GSSPINTOSM-300x300.webp","medium-width":300,"medium-height":300,"medium_large":"https:\/\/armetlina.lt\/wp-content\/uploads\/2024\/12\/GSSPINTOSM-768x768.webp","medium_large-width":768,"medium_large-height":768,"large":"https:\/\/armetlina.lt\/wp-content\/uploads\/2024\/12\/GSSPINTOSM.webp","large-width":800,"large-height":800,"1536x1536":"https:\/\/armetlina.lt\/wp-content\/uploads\/2024\/12\/GSSPINTOSM.webp","1536x1536-width":1000,"1536x1536-height":1000,"2048x2048":"https:\/\/armetlina.lt\/wp-content\/uploads\/2024\/12\/GSSPINTOSM.webp","2048x2048-width":1000,"2048x2048-height":1000,"trp-custom-language-flag":"https:\/\/armetlina.lt\/wp-content\/uploads\/2024\/12\/GSSPINTOSM.webp","trp-custom-language-flag-width":12,"trp-custom-language-flag-height":12,"visody_icon":"https:\/\/armetlina.lt\/wp-content\/uploads\/2024\/12\/GSSPINTOSM-32x32.webp","visody_icon-width":32,"visody_icon-height":32,"woocommerce_thumbnail":"https:\/\/armetlina.lt\/wp-content\/uploads\/2024\/12\/GSSPINTOSM.webp","woocommerce_thumbnail-width":1000,"woocommerce_thumbnail-height":1000,"woocommerce_single":"https:\/\/armetlina.lt\/wp-content\/uploads\/2024\/12\/GSSPINTOSM.webp","woocommerce_single-width":1000,"woocommerce_single-height":1000,"woocommerce_gallery_thumbnail":"https:\/\/armetlina.lt\/wp-content\/uploads\/2024\/12\/GSSPINTOSM-100x100.webp","woocommerce_gallery_thumbnail-width":100,"woocommerce_gallery_thumbnail-height":100}}},"elektros_schema":false,"elektros_schema_source":{"label":"Elektros schema","type":"image","formatted_value":false},"irangos_isdestymas":false,"irangos_isdestymas_source":{"label":"\u012erangos i\u0161d\u0117stymas","type":"image","formatted_value":false},"hide_price_add_to_cart":true,"hide_price_add_to_cart_source":{"label":"Panaikinti kainas produktui","type":"true_false","formatted_value":true},"produkto_kategorija_1":92,"produkto_kategorija_1_source":{"label":"Produkto kategorija","type":"taxonomy","formatted_value":92},"pagridine_informacija":{"modelio_paaiskinimas":"","montavimop_apg":"","korpusas":"Cinkuotas lak\u0161tinis plienas DX51D+Z275, storis 1.5 mm, da\u017eytas standartine RAL7035 spalva (galimi kiti variantai pagal projekt\u0105). Spintos \u0161onuose \u012frengti ventiliacijos alsuokliai, atitinkantys apsaugos laipsn\u012f nuo IP54 iki IP65. Dugnas pagamintas i\u0161 cinkuoto lak\u0161tinio plieno DX51D+Z275, storis 2.5 mm, da\u017eytas RAL7035 spalva. Spintos dugne kabeli\u0173 vedimui numatyti u\u017esukami ir atskiriami dang\u010diai, kurie u\u017etikrina sandarum\u0105 \u012fvedant kabelius.\r\n\r\n","aukstis":"","plotis":"","gylis":"","atitiktis":"","standartai":"LST EN 61439-1, LST EN 61439-5, LST EN 10346","komplektacija":""},"pagridine_informacija_source":{"label":"Pagrindin\u0117 informacija","type":"group","formatted_value":{"modelio_paaiskinimas":"","montavimop_apg":"","korpusas":"Cinkuotas lak\u0161tinis plienas DX51D+Z275, storis 1.5 mm, da\u017eytas standartine RAL7035 spalva (galimi kiti variantai pagal projekt\u0105). Spintos \u0161onuose \u012frengti ventiliacijos alsuokliai, atitinkantys apsaugos laipsn\u012f nuo IP54 iki IP65. Dugnas pagamintas i\u0161 cinkuoto lak\u0161tinio plieno DX51D+Z275, storis 2.5 mm, da\u017eytas RAL7035 spalva. Spintos dugne kabeli\u0173 vedimui numatyti u\u017esukami ir atskiriami dang\u010diai, kurie u\u017etikrina sandarum\u0105 \u012fvedant kabelius.\r\n\r\n","aukstis":"","plotis":"","gylis":"","atitiktis":"","standartai":"LST EN 61439-1, LST EN 61439-5, LST EN 10346","komplektacija":""}},"techninia_parametrai":{"nominali_itampa":"","vardine_srove":"","vardinis_daznis":"","apsaugos_laipsnis":"IP44 - IP54","altitude":"\u2264 2000 m","aplinkos_temperatura":"'-35...+35\u00b0C","santykine_oro_dregme":"\u2264 100% (esant +25\u00b0C)","vedinimas":"Savaiminis","mechaninis_atsparumas":"IK10","tvirtinimas":"Ant cokolio, ant \u012fkasamo pamato","impulsine_itampa":"","nominali_didziausia_srove":"","nominali_trumpo_jungimo":"","statinio_patikimumo_klase":"","statinio_energinio_naudingumo_klase":"","sildymas":"","apsvietimas":"","synu_tr_rove":"","synu_smugine_srove_ka":"","atidarymo_kampas":""},"techninia_parametrai_source":{"label":"Techniniai parametrai","type":"group","formatted_value":{"nominali_itampa":"","vardine_srove":"","vardinis_daznis":"","apsaugos_laipsnis":"IP44 - IP54","altitude":"\u2264 2000 m","aplinkos_temperatura":"'-35...+35\u00b0C","santykine_oro_dregme":"\u2264 100% (esant +25\u00b0C)","vedinimas":"Savaiminis","mechaninis_atsparumas":"IK10","tvirtinimas":"Ant cokolio, ant \u012fkasamo pamato","impulsine_itampa":"","nominali_didziausia_srove":"","nominali_trumpo_jungimo":"","statinio_patikimumo_klase":"","statinio_energinio_naudingumo_klase":"","sildymas":"","apsvietimas":"","synu_tr_rove":"","synu_smugine_srove_ka":"","atidarymo_kampas":""}},"tvirtinimo_medziagos":{"cokolis__ikasamas_pamatas":"","cokolis":"Auk\u0161tis 20 cm, plotis ir ilgis atitinka gamin\u012f. Med\u017eiaga: Cinkuotas lak\u0161tinis plienas DX51D+Z275, storis 2 mm, RAL7032 spalva.","ikasamas_pamatas":"Auk\u0161tis 1 m, plotis ir ilgis atitinka gamin\u012f. Med\u017eiaga: Lak\u0161tinis plienas S235, storis 2.5 mm, cinko danga \u2265 70 \u03bcm.","dugnas":"","konstrukcinis_tvirtinimas_atramoje":"","kabelio_apsauga":""},"tvirtinimo_medziagos_source":{"label":"Tvirtinimo med\u017eiagos","type":"group","formatted_value":{"cokolis__ikasamas_pamatas":"","cokolis":"Auk\u0161tis 20 cm, plotis ir ilgis atitinka gamin\u012f. Med\u017eiaga: Cinkuotas lak\u0161tinis plienas DX51D+Z275, storis 2 mm, RAL7032 spalva.","ikasamas_pamatas":"Auk\u0161tis 1 m, plotis ir ilgis atitinka gamin\u012f. Med\u017eiaga: Lak\u0161tinis plienas S235, storis 2.5 mm, cinko danga \u2265 70 \u03bcm.","dugnas":"","konstrukcinis_tvirtinimas_atramoje":"","kabelio_apsauga":""}},"10_kv_itampos_skyrius":{"vardine_itampa_10":"","maksimali_itampa_10":"","bandymo_itampa_10":"","vardinis_daznis_10":"","impulsine_bandymo_itampa_10":"","narvelio_aptarnavimas_10":"","narvelio_izoliacija_10":"","tinklo_neutrale_10":"","narvelio_apsaugos_laipsnis_10":"","aptarnavimo_kategorija_10":"","skyrikliai_10":"","virsitampiu_ribotuvai_10":""},"10_kv_itampos_skyrius_source":{"label":"10 kV \u012ftampos skyrius","type":"group","formatted_value":{"vardine_itampa_10":"","maksimali_itampa_10":"","bandymo_itampa_10":"","vardinis_daznis_10":"","impulsine_bandymo_itampa_10":"","narvelio_aptarnavimas_10":"","narvelio_izoliacija_10":"","tinklo_neutrale_10":"","narvelio_apsaugos_laipsnis_10":"","aptarnavimo_kategorija_10":"","skyrikliai_10":"","virsitampiu_ribotuvai_10":""}},"04_kv_itampos_skyrius":{"renkamos_synos_04":"","04_kv_synu_vardine_srove":"","04_kv_synu_trumpo_jungimo_srove":"","04_kv_synu_smugine_srove":"","04_kv_dalies_aptarnavimas":"","vardine_irenginiu_izoliacijos_itampa_04":""},"04_kv_itampos_skyrius_source":{"label":"04 kV \u012ftampos skyrius","type":"group","formatted_value":{"renkamos_synos_04":"","04_kv_synu_vardine_srove":"","04_kv_synu_trumpo_jungimo_srove":"","04_kv_synu_smugine_srove":"","04_kv_dalies_aptarnavimas":"","vardine_irenginiu_izoliacijos_itampa_04":""}},"papildoma_informacija":{"vidutine_itampa_mt":"","transformatorius_mt":"","zema_itampa_mt":"","izeminimu_laidininkai":"","savu_reikmiu_skydas_mt":"","kontroline_apskaita_mt":"","irangos_paaiskinimas_mt":"","komplektuote":""},"papildoma_informacija_source":{"label":"Papildoma informacija","type":"group","formatted_value":{"vidutine_itampa_mt":"","transformatorius_mt":"","zema_itampa_mt":"","izeminimu_laidininkai":"","savu_reikmiu_skydas_mt":"","kontroline_apskaita_mt":"","irangos_paaiskinimas_mt":"","komplektuote":""}},"instrukcija":"","instrukcija_source":{"label":"Instrukcija","type":"wysiwyg","formatted_value":""}},"_links":{"self":[{"href":"https:\/\/armetlina.lt\/en\/wp-json\/wp\/v2\/product\/5791","targetHints":{"allow":["GET"]}}],"collection":[{"href":"https:\/\/armetlina.lt\/en\/wp-json\/wp\/v2\/product"}],"about":[{"href":"https:\/\/armetlina.lt\/en\/wp-json\/wp\/v2\/types\/product"}],"replies":[{"embeddable":true,"href":"https:\/\/armetlina.lt\/en\/wp-json\/wp\/v2\/comments?post=5791"}],"version-history":[{"count":1,"href":"https:\/\/armetlina.lt\/en\/wp-json\/wp\/v2\/product\/5791\/revisions"}],"predecessor-version":[{"id":14806,"href":"https:\/\/armetlina.lt\/en\/wp-json\/wp\/v2\/product\/5791\/revisions\/14806"}],"acf:term":[{"embeddable":true,"taxonomy":"product_cat","href":"https:\/\/armetlina.lt\/en\/wp-json\/wp\/v2\/product_cat\/92"}],"wp:featuredmedia":[{"embeddable":true,"href":"https:\/\/armetlina.lt\/en\/wp-json\/wp\/v2\/media\/14364"}],"wp:attachment":[{"href":"https:\/\/armetlina.lt\/en\/wp-json\/wp\/v2\/media?parent=5791"}],"wp:term":[{"taxonomy":"product_brand","embeddable":true,"href":"https:\/\/armetlina.lt\/en\/wp-json\/wp\/v2\/product_brand?post=5791"},{"taxonomy":"product_cat","embeddable":true,"href":"https:\/\/armetlina.lt\/en\/wp-json\/wp\/v2\/product_cat?post=5791"},{"taxonomy":"product_tag","embeddable":true,"href":"https:\/\/armetlina.lt\/en\/wp-json\/wp\/v2\/product_tag?post=5791"}],"curies":[{"name":"wp","href":"https:\/\/api.w.org\/{rel}","templated":true}]}}