{"id":14252,"date":"2025-08-26T13:51:21","date_gmt":"2025-08-26T10:51:21","guid":{"rendered":"https:\/\/armetlina.lt\/?post_type=product&#038;p=14252"},"modified":"2025-09-16T13:38:01","modified_gmt":"2025-09-16T10:38:01","slug":"c-20-60-28","status":"publish","type":"product","link":"https:\/\/armetlina.lt\/en\/produktas\/c-20-60-28\/","title":{"rendered":"C-20.60.28"},"content":{"rendered":"<p>The plinth is made of galvanized sheet steel DX51D+Z275, with a thickness of 2 mm, and painted in RAL7032 color. It ensures the product\u2019s stability and protection against environmental factors. Ideally suited for both indoor and outdoor use.<\/p>","protected":false},"excerpt":{"rendered":"<p>The plinth is made of galvanized sheet steel DX51D+Z275, with a thickness of 2 mm, and painted in RAL7032 color. It ensures the product\u2019s stability and protection against environmental factors. Ideally suited for both indoor and outdoor use.<\/p>","protected":false},"featured_media":14454,"comment_status":"closed","ping_status":"closed","template":"","meta":{"_acf_changed":false},"product_brand":[],"product_cat":[111],"product_tag":[],"class_list":{"0":"post-14252","1":"product","2":"type-product","3":"status-publish","4":"has-post-thumbnail","6":"product_cat-cokoliai","7":"pa_ismatavimai-a-p-g-200-600-280","9":"first","10":"instock","11":"shipping-taxable","12":"product-type-simple"},"acf":{"isklotine_su_matmenim":false,"isklotine_su_matmenim_source":{"label":"I\u0161klotin\u0117 su matmenim","type":"image","formatted_value":false},"elektros_schema":false,"elektros_schema_source":{"label":"Elektros schema","type":"image","formatted_value":false},"irangos_isdestymas":false,"irangos_isdestymas_source":{"label":"\u012erangos i\u0161d\u0117stymas","type":"image","formatted_value":false},"hide_price_add_to_cart":true,"hide_price_add_to_cart_source":{"label":"Panaikinti kainas produktui","type":"true_false","formatted_value":true},"produkto_kategorija_1":111,"produkto_kategorija_1_source":{"label":"Produkto kategorija","type":"taxonomy","formatted_value":111},"pagridine_informacija":{"modelio_paaiskinimas":"","montavimop_apg":"","korpusas":"","aukstis":"200","plotis":"600","gylis":"280","atitiktis":"","standartai":"LST EN 10346","komplektacija":""},"pagridine_informacija_source":{"label":"Pagrindin\u0117 informacija","type":"group","formatted_value":{"modelio_paaiskinimas":"","montavimop_apg":"","korpusas":"","aukstis":"200","plotis":"600","gylis":"280","atitiktis":"","standartai":"LST EN 10346","komplektacija":""}},"techninia_parametrai":{"nominali_itampa":"","vardine_srove":"","vardinis_daznis":"","apsaugos_laipsnis":"","altitude":"","aplinkos_temperatura":"","santykine_oro_dregme":"","vedinimas":"","mechaninis_atsparumas":"","tvirtinimas":"","impulsine_itampa":"","nominali_didziausia_srove":"","nominali_trumpo_jungimo":"","statinio_patikimumo_klase":"","statinio_energinio_naudingumo_klase":"","sildymas":"","apsvietimas":"","synu_tr_rove":"","synu_smugine_srove_ka":"","atidarymo_kampas":""},"techninia_parametrai_source":{"label":"Techniniai parametrai","type":"group","formatted_value":{"nominali_itampa":"","vardine_srove":"","vardinis_daznis":"","apsaugos_laipsnis":"","altitude":"","aplinkos_temperatura":"","santykine_oro_dregme":"","vedinimas":"","mechaninis_atsparumas":"","tvirtinimas":"","impulsine_itampa":"","nominali_didziausia_srove":"","nominali_trumpo_jungimo":"","statinio_patikimumo_klase":"","statinio_energinio_naudingumo_klase":"","sildymas":"","apsvietimas":"","synu_tr_rove":"","synu_smugine_srove_ka":"","atidarymo_kampas":""}},"tvirtinimo_medziagos":{"cokolis__ikasamas_pamatas":"","cokolis":"","ikasamas_pamatas":"","dugnas":"","konstrukcinis_tvirtinimas_atramoje":"","kabelio_apsauga":""},"tvirtinimo_medziagos_source":{"label":"Tvirtinimo med\u017eiagos","type":"group","formatted_value":{"cokolis__ikasamas_pamatas":"","cokolis":"","ikasamas_pamatas":"","dugnas":"","konstrukcinis_tvirtinimas_atramoje":"","kabelio_apsauga":""}},"10_kv_itampos_skyrius":{"vardine_itampa_10":"","maksimali_itampa_10":"","bandymo_itampa_10":"","vardinis_daznis_10":"","impulsine_bandymo_itampa_10":"","narvelio_aptarnavimas_10":"","narvelio_izoliacija_10":"","tinklo_neutrale_10":"","narvelio_apsaugos_laipsnis_10":"","aptarnavimo_kategorija_10":"","skyrikliai_10":"","virsitampiu_ribotuvai_10":""},"10_kv_itampos_skyrius_source":{"label":"10 kV \u012ftampos skyrius","type":"group","formatted_value":{"vardine_itampa_10":"","maksimali_itampa_10":"","bandymo_itampa_10":"","vardinis_daznis_10":"","impulsine_bandymo_itampa_10":"","narvelio_aptarnavimas_10":"","narvelio_izoliacija_10":"","tinklo_neutrale_10":"","narvelio_apsaugos_laipsnis_10":"","aptarnavimo_kategorija_10":"","skyrikliai_10":"","virsitampiu_ribotuvai_10":""}},"04_kv_itampos_skyrius":{"renkamos_synos_04":"","04_kv_synu_vardine_srove":"","04_kv_synu_trumpo_jungimo_srove":"","04_kv_synu_smugine_srove":"","04_kv_dalies_aptarnavimas":"","vardine_irenginiu_izoliacijos_itampa_04":""},"04_kv_itampos_skyrius_source":{"label":"04 kV \u012ftampos skyrius","type":"group","formatted_value":{"renkamos_synos_04":"","04_kv_synu_vardine_srove":"","04_kv_synu_trumpo_jungimo_srove":"","04_kv_synu_smugine_srove":"","04_kv_dalies_aptarnavimas":"","vardine_irenginiu_izoliacijos_itampa_04":""}},"papildoma_informacija":{"vidutine_itampa_mt":"","transformatorius_mt":"","zema_itampa_mt":"","izeminimu_laidininkai":"","savu_reikmiu_skydas_mt":"","kontroline_apskaita_mt":"","irangos_paaiskinimas_mt":"","komplektuote":""},"papildoma_informacija_source":{"label":"Papildoma informacija","type":"group","formatted_value":{"vidutine_itampa_mt":"","transformatorius_mt":"","zema_itampa_mt":"","izeminimu_laidininkai":"","savu_reikmiu_skydas_mt":"","kontroline_apskaita_mt":"","irangos_paaiskinimas_mt":"","komplektuote":""}},"instrukcija":"","instrukcija_source":{"label":"Instrukcija","type":"wysiwyg","formatted_value":""}},"_links":{"self":[{"href":"https:\/\/armetlina.lt\/en\/wp-json\/wp\/v2\/product\/14252","targetHints":{"allow":["GET"]}}],"collection":[{"href":"https:\/\/armetlina.lt\/en\/wp-json\/wp\/v2\/product"}],"about":[{"href":"https:\/\/armetlina.lt\/en\/wp-json\/wp\/v2\/types\/product"}],"replies":[{"embeddable":true,"href":"https:\/\/armetlina.lt\/en\/wp-json\/wp\/v2\/comments?post=14252"}],"version-history":[{"count":0,"href":"https:\/\/armetlina.lt\/en\/wp-json\/wp\/v2\/product\/14252\/revisions"}],"acf:term":[{"embeddable":true,"taxonomy":"product_cat","href":"https:\/\/armetlina.lt\/en\/wp-json\/wp\/v2\/product_cat\/111"}],"wp:featuredmedia":[{"embeddable":true,"href":"https:\/\/armetlina.lt\/en\/wp-json\/wp\/v2\/media\/14454"}],"wp:attachment":[{"href":"https:\/\/armetlina.lt\/en\/wp-json\/wp\/v2\/media?parent=14252"}],"wp:term":[{"taxonomy":"product_brand","embeddable":true,"href":"https:\/\/armetlina.lt\/en\/wp-json\/wp\/v2\/product_brand?post=14252"},{"taxonomy":"product_cat","embeddable":true,"href":"https:\/\/armetlina.lt\/en\/wp-json\/wp\/v2\/product_cat?post=14252"},{"taxonomy":"product_tag","embeddable":true,"href":"https:\/\/armetlina.lt\/en\/wp-json\/wp\/v2\/product_tag?post=14252"}],"curies":[{"name":"wp","href":"https:\/\/api.w.org\/{rel}","templated":true}]}}