{"id":6800,"date":"2025-03-03T10:09:58","date_gmt":"2025-03-03T08:09:58","guid":{"rendered":"https:\/\/armetlina.lt\/?page_id=6800"},"modified":"2025-03-03T10:09:58","modified_gmt":"2025-03-03T08:09:58","slug":"refund_returns","status":"publish","type":"page","link":"https:\/\/armetlina.lt\/en\/refund_returns\/","title":{"rendered":"Gr\u0105\u017einimo ir pinig\u0173 gr\u0105\u017einimo politika"},"content":{"rendered":"","protected":false},"excerpt":{"rendered":"","protected":false},"author":4,"featured_media":0,"parent":0,"menu_order":0,"comment_status":"closed","ping_status":"closed","template":"","meta":{"_acf_changed":false,"footnotes":""},"class_list":["post-6800","page","type-page","status-publish","hentry"],"acf":[],"_links":{"self":[{"href":"https:\/\/armetlina.lt\/en\/wp-json\/wp\/v2\/pages\/6800","targetHints":{"allow":["GET"]}}],"collection":[{"href":"https:\/\/armetlina.lt\/en\/wp-json\/wp\/v2\/pages"}],"about":[{"href":"https:\/\/armetlina.lt\/en\/wp-json\/wp\/v2\/types\/page"}],"author":[{"embeddable":true,"href":"https:\/\/armetlina.lt\/en\/wp-json\/wp\/v2\/users\/4"}],"replies":[{"embeddable":true,"href":"https:\/\/armetlina.lt\/en\/wp-json\/wp\/v2\/comments?post=6800"}],"version-history":[{"count":0,"href":"https:\/\/armetlina.lt\/en\/wp-json\/wp\/v2\/pages\/6800\/revisions"}],"wp:attachment":[{"href":"https:\/\/armetlina.lt\/en\/wp-json\/wp\/v2\/media?parent=6800"}],"curies":[{"name":"wp","href":"https:\/\/api.w.org\/{rel}","templated":true}]}}