{"id":13201,"date":"2025-06-06T10:37:07","date_gmt":"2025-06-06T07:37:07","guid":{"rendered":"https:\/\/armetlina.lt\/?page_id=13201"},"modified":"2025-07-31T08:52:53","modified_gmt":"2025-07-31T05:52:53","slug":"faq-frequently-asked-questions","status":"publish","type":"page","link":"https:\/\/armetlina.lt\/en\/duk-daznai-uzduodami-klausimai\/","title":{"rendered":"FAQ"},"content":{"rendered":"\t\t<div data-elementor-type=\"wp-page\" data-elementor-id=\"13201\" class=\"elementor elementor-13201\" wpc-filter-elementor-widget=\"1\" data-elementor-post-type=\"page\">\n\t\t\t\t<section class=\"elementor-element elementor-element-12e6903 e-flex e-con-boxed e-con e-parent\" data-id=\"12e6903\" data-element_type=\"container\" data-e-type=\"container\">\n\t\t\t\t\t<div class=\"e-con-inner\">\n\t\t<div class=\"elementor-element elementor-element-a247afb e-con-full e-grid e-con e-child\" data-id=\"a247afb\" data-element_type=\"container\" data-e-type=\"container\" data-settings=\"{&quot;background_background&quot;:&quot;slideshow&quot;,&quot;background_slideshow_gallery&quot;:[{&quot;id&quot;:12690,&quot;url&quot;:&quot;https:\\\/\\\/armetlina.lt\\\/wp-content\\\/uploads\\\/2025\\\/05\\\/u7137436978_lithuanian_electritician_calling_to_someone_in_sunr_4124dafb-2849-4e4b-9f3f-9c204a6ca2e9.png&quot;}],&quot;background_slideshow_loop&quot;:&quot;yes&quot;,&quot;background_slideshow_slide_duration&quot;:5000,&quot;background_slideshow_slide_transition&quot;:&quot;fade&quot;,&quot;background_slideshow_transition_duration&quot;:500}\">\n\t\t<div class=\"elementor-element elementor-element-29aa393 e-con-full e-flex elementor-invisible e-con e-child\" data-id=\"29aa393\" data-element_type=\"container\" data-e-type=\"container\" data-settings=\"{&quot;animation&quot;:&quot;fadeIn&quot;}\">\n\t\t\t\t<div class=\"elementor-element elementor-element-a2e5e05 elementor-widget elementor-widget-heading\" data-id=\"a2e5e05\" data-element_type=\"widget\" data-e-type=\"widget\" data-widget_type=\"heading.default\">\n\t\t\t\t\t<h2 class=\"elementor-heading-title elementor-size-default\"><span style=\"font-family: Roboto, Arial, sans-serif;font-size: 34px;letter-spacing: normal\">Da\u017enai u\u017eduodami klausimai (DUK)<\/span><\/h2>\t\t\t\t<\/div>\n\t\t\t\t<div class=\"elementor-element elementor-element-e1beb6d elementor-widget elementor-widget-text-editor\" data-id=\"e1beb6d\" data-element_type=\"widget\" data-e-type=\"widget\" data-widget_type=\"text-editor.default\">\n\t\t\t\t\t\t\t\t\t<article class=\"text-token-text-primary w-full\" dir=\"auto\" data-testid=\"conversation-turn-74\" data-scroll-anchor=\"true\"><div class=\"text-base my-auto mx-auto py-5 [--thread-content-margin:--spacing(4)] @[37rem]:[--thread-content-margin:--spacing(6)] @[72rem]:[--thread-content-margin:--spacing(16)] px-(--thread-content-margin)\"><div class=\"[--thread-content-max-width:32rem] @[34rem]:[--thread-content-max-width:40rem] @[64rem]:[--thread-content-max-width:48rem] mx-auto flex max-w-(--thread-content-max-width) flex-1 text-base gap-4 md:gap-5 lg:gap-6 group\/turn-messages focus-visible:outline-hidden\" tabindex=\"-1\"><div class=\"group\/conversation-turn relative flex w-full min-w-0 flex-col agent-turn\"><div class=\"relative flex-col gap-1 md:gap-3\"><div class=\"flex max-w-full flex-col grow\"><div class=\"min-h-8 text-message relative flex w-full flex-col items-end gap-2 text-start break-words whitespace-normal [.text-message+&amp;]:mt-5\" dir=\"auto\" data-message-author-role=\"assistant\" data-message-id=\"cd7d65cb-a09b-4f8b-aa9b-f2e7d6c84fe7\" data-message-model-slug=\"o3\"><div class=\"flex w-full flex-col gap-1 empty:hidden first:pt-[3px]\"><div class=\"markdown prose dark:prose-invert w-full break-words dark\"><p data-start=\"0\" data-end=\"230\" data-is-last-node=\"\" data-is-only-node=\"\">\u010cia rasite greitus ir ai\u0161kius atsakymus \u012f populiariausius klausimus apie m\u016bs\u0173 gaminam\u0105 <strong>elektros \u012frang\u0105<\/strong>, bei teikiamas <strong>paslaugas<\/strong>. Siekiame, kad reikiam\u0105 informacij\u0105 rastum\u0117te patogiai ir be pastang\u0173. Jei j\u016bs\u0173 klausimas n\u0117ra atsakytas, kvie\u010diame susisiekti su m\u016bs\u0173 komanda \u2013 mielai jums pad\u0117sime.<\/p><\/div><\/div><\/div><\/div><\/div><\/div><\/div><\/div><\/article>\t\t\t\t\t\t\t\t<\/div>\n\t\t\t\t<\/div>\n\t\t\t\t<\/div>\n\t\t\t\t<div class=\"elementor-element elementor-element-7db5ef3 elementor-widget elementor-widget-n-accordion\" data-id=\"7db5ef3\" data-element_type=\"widget\" data-e-type=\"widget\" data-settings=\"{&quot;default_state&quot;:&quot;expanded&quot;,&quot;max_items_expended&quot;:&quot;one&quot;,&quot;n_accordion_animation_duration&quot;:{&quot;unit&quot;:&quot;ms&quot;,&quot;size&quot;:400,&quot;sizes&quot;:[]}}\" data-widget_type=\"nested-accordion.default\">\n\t\t\t\t\t\t\t<div class=\"e-n-accordion\" aria-label=\"Accordion. Open links with Enter or Space, close with Escape, and navigate with Arrow Keys\">\n\t\t\t\t\t\t<details id=\"e-n-accordion-item-1310\" class=\"e-n-accordion-item\" open>\n\t\t\t\t<summary class=\"e-n-accordion-item-title\" data-accordion-index=\"1\" tabindex=\"0\" aria-expanded=\"true\" aria-controls=\"e-n-accordion-item-1310\" >\n\t\t\t\t\t<span class='e-n-accordion-item-title-header'><h5 class=\"e-n-accordion-item-title-text\"> Kuo u\u017esiima UAB \u201eArmetlina\u201c? <\/h5><\/span>\n\t\t\t\t\t\t\t<span class='e-n-accordion-item-title-icon'>\n\t\t\t<span class='e-opened' ><svg aria-hidden=\"true\" class=\"e-font-icon-svg e-fas-chevron-circle-up\" viewBox=\"0 0 512 512\" xmlns=\"http:\/\/www.w3.org\/2000\/svg\"><path d=\"M8 256C8 119 119 8 256 8s248 111 248 248-111 248-248 248S8 393 8 256zm231-113.9L103.5 277.6c-9.4 9.4-9.4 24.6 0 33.9l17 17c9.4 9.4 24.6 9.4 33.9 0L256 226.9l101.6 101.6c9.4 9.4 24.6 9.4 33.9 0l17-17c9.4-9.4 9.4-24.6 0-33.9L273 142.1c-9.4-9.4-24.6-9.4-34 0z\"><\/path><\/svg><\/span>\n\t\t\t<span class='e-closed'><svg aria-hidden=\"true\" class=\"e-font-icon-svg e-fas-chevron-circle-down\" viewBox=\"0 0 512 512\" xmlns=\"http:\/\/www.w3.org\/2000\/svg\"><path d=\"M504 256c0 137-111 248-248 248S8 393 8 256 119 8 256 8s248 111 248 248zM273 369.9l135.5-135.5c9.4-9.4 9.4-24.6 0-33.9l-17-17c-9.4-9.4-24.6-9.4-33.9 0L256 285.1 154.4 183.5c-9.4-9.4-24.6-9.4-33.9 0l-17 17c-9.4 9.4-9.4 24.6 0 33.9L239 369.9c9.4 9.4 24.6 9.4 34 0z\"><\/path><\/svg><\/span>\n\t\t<\/span>\n\n\t\t\t\t\t\t<\/summary>\n\t\t\t\t<div role=\"region\" aria-labelledby=\"e-n-accordion-item-1310\" class=\"elementor-element elementor-element-09b5e16 e-con-full e-flex e-con e-child\" data-id=\"09b5e16\" data-element_type=\"container\" data-e-type=\"container\">\n\t\t\t\t<div class=\"elementor-element elementor-element-ab1717d elementor-widget elementor-widget-text-editor\" data-id=\"ab1717d\" data-element_type=\"widget\" data-e-type=\"widget\" data-widget_type=\"text-editor.default\">\n\t\t\t\t\t\t\t\t\t<p>UAB \u201eArmetlina\u201c yra viena did\u017eiausi\u0173 elektros \u012frengini\u0173 gamintoj\u0173 Lietuvoje, veikianti nuo 1996 m. \u012emon\u0117 projektuoja ir gamina vidutin\u0117s bei \u017eemos \u012ftampos elektros \u012frenginius ir j\u0173 metalo konstrukcijas.<\/p>\t\t\t\t\t\t\t\t<\/div>\n\t\t\t\t<\/div>\n\t\t\t\t\t<\/details>\n\t\t\t\t\t\t<details id=\"e-n-accordion-item-1311\" class=\"e-n-accordion-item\" >\n\t\t\t\t<summary class=\"e-n-accordion-item-title\" data-accordion-index=\"2\" tabindex=\"-1\" aria-expanded=\"false\" aria-controls=\"e-n-accordion-item-1311\" >\n\t\t\t\t\t<span class='e-n-accordion-item-title-header'><h5 class=\"e-n-accordion-item-title-text\"> Kokius produktus si\u016blo \u201eArmetlina\u201c? <\/h5><\/span>\n\t\t\t\t\t\t\t<span class='e-n-accordion-item-title-icon'>\n\t\t\t<span class='e-opened' ><svg aria-hidden=\"true\" class=\"e-font-icon-svg e-fas-chevron-circle-up\" viewBox=\"0 0 512 512\" xmlns=\"http:\/\/www.w3.org\/2000\/svg\"><path d=\"M8 256C8 119 119 8 256 8s248 111 248 248-111 248-248 248S8 393 8 256zm231-113.9L103.5 277.6c-9.4 9.4-9.4 24.6 0 33.9l17 17c9.4 9.4 24.6 9.4 33.9 0L256 226.9l101.6 101.6c9.4 9.4 24.6 9.4 33.9 0l17-17c9.4-9.4 9.4-24.6 0-33.9L273 142.1c-9.4-9.4-24.6-9.4-34 0z\"><\/path><\/svg><\/span>\n\t\t\t<span class='e-closed'><svg aria-hidden=\"true\" class=\"e-font-icon-svg e-fas-chevron-circle-down\" viewBox=\"0 0 512 512\" xmlns=\"http:\/\/www.w3.org\/2000\/svg\"><path d=\"M504 256c0 137-111 248-248 248S8 393 8 256 119 8 256 8s248 111 248 248zM273 369.9l135.5-135.5c9.4-9.4 9.4-24.6 0-33.9l-17-17c-9.4-9.4-24.6-9.4-33.9 0L256 285.1 154.4 183.5c-9.4-9.4-24.6-9.4-33.9 0l-17 17c-9.4 9.4-9.4 24.6 0 33.9L239 369.9c9.4 9.4 24.6 9.4 34 0z\"><\/path><\/svg><\/span>\n\t\t<\/span>\n\n\t\t\t\t\t\t<\/summary>\n\t\t\t\t<div role=\"region\" aria-labelledby=\"e-n-accordion-item-1311\" class=\"elementor-element elementor-element-5b7ad92 e-con-full e-flex e-con e-child\" data-id=\"5b7ad92\" data-element_type=\"container\" data-e-type=\"container\">\n\t\t\t\t<div class=\"elementor-element elementor-element-9719b13 elementor-widget elementor-widget-text-editor\" data-id=\"9719b13\" data-element_type=\"widget\" data-e-type=\"widget\" data-widget_type=\"text-editor.default\">\n\t\t\t\t\t\t\t\t\t<p>Gaminame plat\u0173 <strong>elektros \u012frengini\u0173 asortiment\u0105<\/strong>, \u012fskaitant automatines, relines, gnybt\u0173 ir valdymo spintas. <strong>Si\u016blome<\/strong> standartinius sprendimus bei <strong>gaminame<\/strong> pagal individualius klient\u0173 projektus. Tarp si\u016blom\u0173 produkt\u0173 yra <strong>modulin\u0117s transformatorin\u0117s (MT)<\/strong>, <strong>modulin\u0117s karkasin\u0117s transformatorin\u0117s (MKT\/E-House)<\/strong>, <strong>\u017eemos \u012ftampos skirstymo \u012frenginiai (\u017d\u012eS)<\/strong>, NSSRS, KSSRS. Daugiau produkt\u0173 rasite m\u016bs\u0173 skiltyje: <a class=\"ng-star-inserted\" href=\"https:\/\/armetlina.lt\/produktai\/\" target=\"_blank\" rel=\"noopener\">https:\/\/armetlina.lt\/produktai\/<\/a>.<\/p>\t\t\t\t\t\t\t\t<\/div>\n\t\t\t\t<\/div>\n\t\t\t\t\t<\/details>\n\t\t\t\t\t\t<details id=\"e-n-accordion-item-1312\" class=\"e-n-accordion-item\" >\n\t\t\t\t<summary class=\"e-n-accordion-item-title\" data-accordion-index=\"3\" tabindex=\"-1\" aria-expanded=\"false\" aria-controls=\"e-n-accordion-item-1312\" >\n\t\t\t\t\t<span class='e-n-accordion-item-title-header'><h5 class=\"e-n-accordion-item-title-text\"> Kokias paslaugas teikia \u201eArmetlina\u201c? <\/h5><\/span>\n\t\t\t\t\t\t\t<span class='e-n-accordion-item-title-icon'>\n\t\t\t<span class='e-opened' ><svg aria-hidden=\"true\" class=\"e-font-icon-svg e-fas-chevron-circle-up\" viewBox=\"0 0 512 512\" xmlns=\"http:\/\/www.w3.org\/2000\/svg\"><path d=\"M8 256C8 119 119 8 256 8s248 111 248 248-111 248-248 248S8 393 8 256zm231-113.9L103.5 277.6c-9.4 9.4-9.4 24.6 0 33.9l17 17c9.4 9.4 24.6 9.4 33.9 0L256 226.9l101.6 101.6c9.4 9.4 24.6 9.4 33.9 0l17-17c9.4-9.4 9.4-24.6 0-33.9L273 142.1c-9.4-9.4-24.6-9.4-34 0z\"><\/path><\/svg><\/span>\n\t\t\t<span class='e-closed'><svg aria-hidden=\"true\" class=\"e-font-icon-svg e-fas-chevron-circle-down\" viewBox=\"0 0 512 512\" xmlns=\"http:\/\/www.w3.org\/2000\/svg\"><path d=\"M504 256c0 137-111 248-248 248S8 393 8 256 119 8 256 8s248 111 248 248zM273 369.9l135.5-135.5c9.4-9.4 9.4-24.6 0-33.9l-17-17c-9.4-9.4-24.6-9.4-33.9 0L256 285.1 154.4 183.5c-9.4-9.4-24.6-9.4-33.9 0l-17 17c-9.4 9.4-9.4 24.6 0 33.9L239 369.9c9.4 9.4 24.6 9.4 34 0z\"><\/path><\/svg><\/span>\n\t\t<\/span>\n\n\t\t\t\t\t\t<\/summary>\n\t\t\t\t<div role=\"region\" aria-labelledby=\"e-n-accordion-item-1312\" class=\"elementor-element elementor-element-c1933b6 e-con-full e-flex e-con e-child\" data-id=\"c1933b6\" data-element_type=\"container\" data-e-type=\"container\">\n\t\t\t\t<div class=\"elementor-element elementor-element-6d4d055 elementor-widget elementor-widget-text-editor\" data-id=\"6d4d055\" data-element_type=\"widget\" data-e-type=\"widget\" data-widget_type=\"text-editor.default\">\n\t\t\t\t\t\t\t\t\t<p>Teikiame paslaugas, kurios apima vis\u0105 proces\u0105 nuo projekto iki galutinio produkto. Tai:<\/p><ul><li>Elektros \u012frengini\u0173 projektavimas<\/li><li>Elektros \u012frengini\u0173 surinkimas<\/li><li>Miltelinis da\u017eymas\u200b<\/li><li>\u012evairi\u0173 plastik\u0173 pjovimas lazeriu ir frezavimas\u200b<\/li><li>Metalo suvirinimas\u200b<\/li><li>Lak\u0161tinio metalo lankstymas\u200b<\/li><li>Lak\u0161tinio metalo pjovimas lazeriu\u200b<\/li><\/ul>\t\t\t\t\t\t\t\t<\/div>\n\t\t\t\t<\/div>\n\t\t\t\t\t<\/details>\n\t\t\t\t\t\t<details id=\"e-n-accordion-item-1313\" class=\"e-n-accordion-item\" >\n\t\t\t\t<summary class=\"e-n-accordion-item-title\" data-accordion-index=\"4\" tabindex=\"-1\" aria-expanded=\"false\" aria-controls=\"e-n-accordion-item-1313\" >\n\t\t\t\t\t<span class='e-n-accordion-item-title-header'><h5 class=\"e-n-accordion-item-title-text\"> Kaip \u201eArmetlina\u201c u\u017etikrina savo produkt\u0173 kokyb\u0119? <\/h5><\/span>\n\t\t\t\t\t\t\t<span class='e-n-accordion-item-title-icon'>\n\t\t\t<span class='e-opened' ><svg aria-hidden=\"true\" class=\"e-font-icon-svg e-fas-chevron-circle-up\" viewBox=\"0 0 512 512\" xmlns=\"http:\/\/www.w3.org\/2000\/svg\"><path d=\"M8 256C8 119 119 8 256 8s248 111 248 248-111 248-248 248S8 393 8 256zm231-113.9L103.5 277.6c-9.4 9.4-9.4 24.6 0 33.9l17 17c9.4 9.4 24.6 9.4 33.9 0L256 226.9l101.6 101.6c9.4 9.4 24.6 9.4 33.9 0l17-17c9.4-9.4 9.4-24.6 0-33.9L273 142.1c-9.4-9.4-24.6-9.4-34 0z\"><\/path><\/svg><\/span>\n\t\t\t<span class='e-closed'><svg aria-hidden=\"true\" class=\"e-font-icon-svg e-fas-chevron-circle-down\" viewBox=\"0 0 512 512\" xmlns=\"http:\/\/www.w3.org\/2000\/svg\"><path d=\"M504 256c0 137-111 248-248 248S8 393 8 256 119 8 256 8s248 111 248 248zM273 369.9l135.5-135.5c9.4-9.4 9.4-24.6 0-33.9l-17-17c-9.4-9.4-24.6-9.4-33.9 0L256 285.1 154.4 183.5c-9.4-9.4-24.6-9.4-33.9 0l-17 17c-9.4 9.4-9.4 24.6 0 33.9L239 369.9c9.4 9.4 24.6 9.4 34 0z\"><\/path><\/svg><\/span>\n\t\t<\/span>\n\n\t\t\t\t\t\t<\/summary>\n\t\t\t\t<div role=\"region\" aria-labelledby=\"e-n-accordion-item-1313\" class=\"elementor-element elementor-element-28a9104 e-flex e-con-boxed e-con e-child\" data-id=\"28a9104\" data-element_type=\"container\" data-e-type=\"container\">\n\t\t\t\t\t<div class=\"e-con-inner\">\n\t\t\t\t<div class=\"elementor-element elementor-element-bd9ed4c elementor-widget elementor-widget-text-editor\" data-id=\"bd9ed4c\" data-element_type=\"widget\" data-e-type=\"widget\" data-widget_type=\"text-editor.default\">\n\t\t\t\t\t\t\t\t\t<p>Laikom\u0117s auk\u0161\u010diausi\u0173 kokyb\u0117s standart\u0173. ISO 9001 sertifikatas patvirtina m\u016bs\u0173 \u012fsipareigojim\u0105 tiekti patikimus, kokybi\u0161kai pagamintus gaminius. Vadovaudamiesi ISO 14001 aplinkosaugos valdymo sistema, atsakingai naudojame i\u0161teklius ir ma\u017einame ekologin\u012f p\u0117dsak\u0105. R\u016bpinam\u0117s darbuotoj\u0173 gerove \u2013 \u012fgyvendiname ISO 45001 profesin\u0117s sveikatos ir saugos valdymo sistem\u0105, u\u017etikrinan\u010di\u0105 saugi\u0105 darbo aplink\u0105.<\/p>\t\t\t\t\t\t\t\t<\/div>\n\t\t\t\t\t<\/div>\n\t\t\t\t<\/div>\n\t\t\t\t\t<\/details>\n\t\t\t\t\t\t<details id=\"e-n-accordion-item-1314\" class=\"e-n-accordion-item\" >\n\t\t\t\t<summary class=\"e-n-accordion-item-title\" data-accordion-index=\"5\" tabindex=\"-1\" aria-expanded=\"false\" aria-controls=\"e-n-accordion-item-1314\" >\n\t\t\t\t\t<span class='e-n-accordion-item-title-header'><h5 class=\"e-n-accordion-item-title-text\"> Ar galite pasi\u016blyti nestandartinio i\u0161matavim\u0173 spintas? <\/h5><\/span>\n\t\t\t\t\t\t\t<span class='e-n-accordion-item-title-icon'>\n\t\t\t<span class='e-opened' ><svg aria-hidden=\"true\" class=\"e-font-icon-svg e-fas-chevron-circle-up\" viewBox=\"0 0 512 512\" xmlns=\"http:\/\/www.w3.org\/2000\/svg\"><path d=\"M8 256C8 119 119 8 256 8s248 111 248 248-111 248-248 248S8 393 8 256zm231-113.9L103.5 277.6c-9.4 9.4-9.4 24.6 0 33.9l17 17c9.4 9.4 24.6 9.4 33.9 0L256 226.9l101.6 101.6c9.4 9.4 24.6 9.4 33.9 0l17-17c9.4-9.4 9.4-24.6 0-33.9L273 142.1c-9.4-9.4-24.6-9.4-34 0z\"><\/path><\/svg><\/span>\n\t\t\t<span class='e-closed'><svg aria-hidden=\"true\" class=\"e-font-icon-svg e-fas-chevron-circle-down\" viewBox=\"0 0 512 512\" xmlns=\"http:\/\/www.w3.org\/2000\/svg\"><path d=\"M504 256c0 137-111 248-248 248S8 393 8 256 119 8 256 8s248 111 248 248zM273 369.9l135.5-135.5c9.4-9.4 9.4-24.6 0-33.9l-17-17c-9.4-9.4-24.6-9.4-33.9 0L256 285.1 154.4 183.5c-9.4-9.4-24.6-9.4-33.9 0l-17 17c-9.4 9.4-9.4 24.6 0 33.9L239 369.9c9.4 9.4 24.6 9.4 34 0z\"><\/path><\/svg><\/span>\n\t\t<\/span>\n\n\t\t\t\t\t\t<\/summary>\n\t\t\t\t<div role=\"region\" aria-labelledby=\"e-n-accordion-item-1314\" class=\"elementor-element elementor-element-6fa5f9e e-flex e-con-boxed e-con e-child\" data-id=\"6fa5f9e\" data-element_type=\"container\" data-e-type=\"container\">\n\t\t\t\t\t<div class=\"e-con-inner\">\n\t\t\t\t<div class=\"elementor-element elementor-element-8521f6c elementor-widget elementor-widget-text-editor\" data-id=\"8521f6c\" data-element_type=\"widget\" data-e-type=\"widget\" data-widget_type=\"text-editor.default\">\n\t\t\t\t\t\t\t\t\t<p>Taip. Mes specializuojam\u0117s individuali\u0173 sprendim\u0173 gamyboje ir galime projektuoti bei pagaminti elektros \u012frenginius, atitinkan\u010dius J\u016bs\u0173 specifinius matmenis ir techninius reikalavimus. Susisiekite su mumis ir aptarsime J\u016bs\u0173 projekt\u0105!<\/p>\t\t\t\t\t\t\t\t<\/div>\n\t\t\t\t\t<\/div>\n\t\t\t\t<\/div>\n\t\t\t\t\t<\/details>\n\t\t\t\t\t<\/div>\n\t\t\t\t\t<script type=\"application\/ld+json\">{\"@context\":\"https:\\\/\\\/schema.org\",\"@type\":\"FAQPage\",\"mainEntity\":[{\"@type\":\"Question\",\"name\":\"Kuo u\\u017esiima UAB \\u201eArmetlina\\u201c?\",\"acceptedAnswer\":{\"@type\":\"Answer\",\"text\":\"UAB \\u201eArmetlina\\u201c yra viena did\\u017eiausi\\u0173 elektros \\u012frengini\\u0173 gamintoj\\u0173 Lietuvoje, veikianti nuo 1996 m. \\u012emon\\u0117 projektuoja ir gamina vidutin\\u0117s bei \\u017eemos \\u012ftampos elektros \\u012frenginius ir j\\u0173 metalo konstrukcijas.\"}},{\"@type\":\"Question\",\"name\":\"Kokius produktus si\\u016blo \\u201eArmetlina\\u201c?\",\"acceptedAnswer\":{\"@type\":\"Answer\",\"text\":\"Gaminame plat\\u0173 elektros \\u012frengini\\u0173 asortiment\\u0105, \\u012fskaitant automatines, relines, gnybt\\u0173 ir valdymo spintas. Si\\u016blome standartinius sprendimus bei gaminame pagal individualius klient\\u0173 projektus. Tarp si\\u016blom\\u0173 produkt\\u0173 yra modulin\\u0117s transformatorin\\u0117s (MT), modulin\\u0117s karkasin\\u0117s transformatorin\\u0117s (MKT\\\/E-House), \\u017eemos \\u012ftampos skirstymo \\u012frenginiai (\\u017d\\u012eS), NSSRS, KSSRS. Daugiau produkt\\u0173 rasite m\\u016bs\\u0173 skiltyje: https:\\\/\\\/armetlina.lt\\\/produktai\\\/.\"}},{\"@type\":\"Question\",\"name\":\"Kokias paslaugas teikia \\u201eArmetlina\\u201c?\",\"acceptedAnswer\":{\"@type\":\"Answer\",\"text\":\"Teikiame paslaugas, kurios apima vis\\u0105 proces\\u0105 nuo projekto iki galutinio produkto. Tai:Elektros \\u012frengini\\u0173 projektavimasElektros \\u012frengini\\u0173 surinkimasMiltelinis da\\u017eymas\\u200b\\u012evairi\\u0173 plastik\\u0173 pjovimas lazeriu ir frezavimas\\u200bMetalo suvirinimas\\u200bLak\\u0161tinio metalo lankstymas\\u200bLak\\u0161tinio metalo pjovimas lazeriu\\u200b\"}},{\"@type\":\"Question\",\"name\":\"Kaip \\u201eArmetlina\\u201c u\\u017etikrina savo produkt\\u0173 kokyb\\u0119?\",\"acceptedAnswer\":{\"@type\":\"Answer\",\"text\":\"Laikom\\u0117s auk\\u0161\\u010diausi\\u0173 kokyb\\u0117s standart\\u0173. ISO 9001 sertifikatas patvirtina m\\u016bs\\u0173 \\u012fsipareigojim\\u0105 tiekti patikimus, kokybi\\u0161kai pagamintus gaminius. Vadovaudamiesi ISO 14001 aplinkosaugos valdymo sistema, atsakingai naudojame i\\u0161teklius ir ma\\u017einame ekologin\\u012f p\\u0117dsak\\u0105. R\\u016bpinam\\u0117s darbuotoj\\u0173 gerove \\u2013 \\u012fgyvendiname ISO 45001 profesin\\u0117s sveikatos ir saugos valdymo sistem\\u0105, u\\u017etikrinan\\u010di\\u0105 saugi\\u0105 darbo aplink\\u0105.\"}},{\"@type\":\"Question\",\"name\":\"Ar galite pasi\\u016blyti nestandartinio i\\u0161matavim\\u0173 spintas?\",\"acceptedAnswer\":{\"@type\":\"Answer\",\"text\":\"Taip. Mes specializuojam\\u0117s individuali\\u0173 sprendim\\u0173 gamyboje ir galime projektuoti bei pagaminti elektros \\u012frenginius, atitinkan\\u010dius J\\u016bs\\u0173 specifinius matmenis ir techninius reikalavimus. Susisiekite su mumis ir aptarsime J\\u016bs\\u0173 projekt\\u0105!\"}}]}<\/script>\n\t\t\t\t\t\t\t<\/div>\n\t\t\t\t\t<\/div>\n\t\t\t\t<\/section>\n\t\t\t\t<\/div>\n\t\t","protected":false},"excerpt":{"rendered":"<p>Da\u017enai u\u017eduodami klausimai (DUK) \u010cia rasite greitus ir ai\u0161kius atsakymus \u012f populiariausius klausimus apie m\u016bs\u0173 gaminam\u0105 elektros \u012frang\u0105, bei teikiamas paslaugas. Siekiame, kad reikiam\u0105 informacij\u0105 rastum\u0117te patogiai ir be pastang\u0173. Jei j\u016bs\u0173 klausimas n\u0117ra atsakytas, kvie\u010diame susisiekti su m\u016bs\u0173 komanda \u2013 mielai jums pad\u0117sime. Kuo u\u017esiima UAB \u201eArmetlina\u201c? &nbsp; UAB \u201eArmetlina\u201c yra viena did\u017eiausi\u0173 elektros [&hellip;]<\/p>\n","protected":false},"author":4,"featured_media":13842,"parent":0,"menu_order":0,"comment_status":"closed","ping_status":"closed","template":"","meta":{"_acf_changed":false,"footnotes":""},"class_list":["post-13201","page","type-page","status-publish","has-post-thumbnail","hentry"],"acf":[],"_links":{"self":[{"href":"https:\/\/armetlina.lt\/en\/wp-json\/wp\/v2\/pages\/13201","targetHints":{"allow":["GET"]}}],"collection":[{"href":"https:\/\/armetlina.lt\/en\/wp-json\/wp\/v2\/pages"}],"about":[{"href":"https:\/\/armetlina.lt\/en\/wp-json\/wp\/v2\/types\/page"}],"author":[{"embeddable":true,"href":"https:\/\/armetlina.lt\/en\/wp-json\/wp\/v2\/users\/4"}],"replies":[{"embeddable":true,"href":"https:\/\/armetlina.lt\/en\/wp-json\/wp\/v2\/comments?post=13201"}],"version-history":[{"count":0,"href":"https:\/\/armetlina.lt\/en\/wp-json\/wp\/v2\/pages\/13201\/revisions"}],"wp:featuredmedia":[{"embeddable":true,"href":"https:\/\/armetlina.lt\/en\/wp-json\/wp\/v2\/media\/13842"}],"wp:attachment":[{"href":"https:\/\/armetlina.lt\/en\/wp-json\/wp\/v2\/media?parent=13201"}],"curies":[{"name":"wp","href":"https:\/\/api.w.org\/{rel}","templated":true}]}}