{"id":12695,"date":"2025-05-15T16:28:45","date_gmt":"2025-05-15T13:28:45","guid":{"rendered":"https:\/\/armetlina.lt\/?page_id=12695"},"modified":"2025-09-17T16:06:15","modified_gmt":"2025-09-17T13:06:15","slug":"contact","status":"publish","type":"page","link":"https:\/\/armetlina.lt\/en\/kontaktai\/","title":{"rendered":"Contacts"},"content":{"rendered":"\t\t<div data-elementor-type=\"wp-page\" data-elementor-id=\"12695\" class=\"elementor elementor-12695\" wpc-filter-elementor-widget=\"1\" data-elementor-post-type=\"page\">\n\t\t\t\t<section class=\"elementor-element elementor-element-1aba7de e-flex e-con-boxed e-con e-parent\" data-id=\"1aba7de\" data-element_type=\"container\" data-e-type=\"container\">\n\t\t\t\t\t<div class=\"e-con-inner\">\n\t\t<div class=\"elementor-element elementor-element-3fda617 e-con-full e-grid e-con e-child\" data-id=\"3fda617\" data-element_type=\"container\" data-e-type=\"container\" data-settings=\"{&quot;background_background&quot;:&quot;slideshow&quot;,&quot;background_slideshow_gallery&quot;:[{&quot;id&quot;:12690,&quot;url&quot;:&quot;https:\\\/\\\/armetlina.lt\\\/wp-content\\\/uploads\\\/2025\\\/05\\\/u7137436978_lithuanian_electritician_calling_to_someone_in_sunr_4124dafb-2849-4e4b-9f3f-9c204a6ca2e9.png&quot;}],&quot;background_slideshow_loop&quot;:&quot;yes&quot;,&quot;background_slideshow_slide_duration&quot;:5000,&quot;background_slideshow_slide_transition&quot;:&quot;fade&quot;,&quot;background_slideshow_transition_duration&quot;:500}\">\n\t\t<div class=\"elementor-element elementor-element-352bfc9 e-con-full e-flex e-con e-child\" data-id=\"352bfc9\" data-element_type=\"container\" data-e-type=\"container\">\n\t\t\t\t<\/div>\n\t\t<div class=\"elementor-element elementor-element-b923142 e-con-full e-flex e-con e-child\" data-id=\"b923142\" data-element_type=\"container\" data-e-type=\"container\">\n\t\t\t\t<\/div>\n\t\t<div class=\"elementor-element elementor-element-bc58953 e-con-full e-flex elementor-invisible e-con e-child\" data-id=\"bc58953\" data-element_type=\"container\" data-e-type=\"container\" data-settings=\"{&quot;animation&quot;:&quot;fadeIn&quot;}\">\n\t\t\t\t<div class=\"elementor-element elementor-element-8e0b2e1 elementor-widget elementor-widget-heading\" data-id=\"8e0b2e1\" data-element_type=\"widget\" data-e-type=\"widget\" data-widget_type=\"heading.default\">\n\t\t\t\t\t<h2 class=\"elementor-heading-title elementor-size-default\">Turite klausim\u0173? Para\u0161ykite mums!<\/h2>\t\t\t\t<\/div>\n\t\t\t\t<div class=\"elementor-element elementor-element-f7e4cf8 elementor-widget elementor-widget-text-editor\" data-id=\"f7e4cf8\" data-element_type=\"widget\" data-e-type=\"widget\" data-widget_type=\"text-editor.default\">\n\t\t\t\t\t\t\t\t\t<article class=\"text-token-text-primary w-full\" dir=\"auto\" data-testid=\"conversation-turn-74\" data-scroll-anchor=\"true\"><div class=\"text-base my-auto mx-auto py-5 [--thread-content-margin:--spacing(4)] @[37rem]:[--thread-content-margin:--spacing(6)] @[72rem]:[--thread-content-margin:--spacing(16)] px-(--thread-content-margin)\"><div class=\"[--thread-content-max-width:32rem] @[34rem]:[--thread-content-max-width:40rem] @[64rem]:[--thread-content-max-width:48rem] mx-auto flex max-w-(--thread-content-max-width) flex-1 text-base gap-4 md:gap-5 lg:gap-6 group\/turn-messages focus-visible:outline-hidden\" tabindex=\"-1\"><div class=\"group\/conversation-turn relative flex w-full min-w-0 flex-col agent-turn\"><div class=\"relative flex-col gap-1 md:gap-3\"><div class=\"flex max-w-full flex-col grow\"><div class=\"min-h-8 text-message relative flex w-full flex-col items-end gap-2 text-start break-words whitespace-normal [.text-message+&amp;]:mt-5\" dir=\"auto\" data-message-author-role=\"assistant\" data-message-id=\"cd7d65cb-a09b-4f8b-aa9b-f2e7d6c84fe7\" data-message-model-slug=\"o3\"><div class=\"flex w-full flex-col gap-1 empty:hidden first:pt-[3px]\"><div class=\"markdown prose dark:prose-invert w-full break-words dark\"><p data-start=\"0\" data-end=\"230\" data-is-last-node=\"\" data-is-only-node=\"\">UAB \u201eArmetlina\u201c komanda pasiruo\u0161usi pad\u0117ti \u2013 si\u0173skite u\u017eklaus\u0105 el. pa\u0161tu info@armetlina.lt. Atsakysime kuo skubiau ir pasi\u016blysime geriausi\u0105 elektros in\u017einerijos sprendim\u0105 j\u016bs\u0173 projektui.<\/p><\/div><\/div><\/div><\/div><\/div><\/div><\/div><\/div><\/article>\t\t\t\t\t\t\t\t<\/div>\n\t\t\t\t<\/div>\n\t\t\t\t<\/div>\n\t\t<div class=\"elementor-element elementor-element-6a31642 e-con-full e-grid e-con e-child\" data-id=\"6a31642\" data-element_type=\"container\" data-e-type=\"container\" data-settings=\"{&quot;background_background&quot;:&quot;classic&quot;}\">\n\t\t<div class=\"elementor-element elementor-element-8e974a2 e-con-full e-flex e-con e-child\" data-id=\"8e974a2\" data-element_type=\"container\" data-e-type=\"container\">\n\t\t\t\t<div class=\"elementor-element elementor-element-95401f1 elementor-invisible elementor-widget elementor-widget-button\" data-id=\"95401f1\" data-element_type=\"widget\" data-e-type=\"widget\" data-settings=\"{&quot;_animation&quot;:&quot;fadeIn&quot;}\" data-widget_type=\"button.default\">\n\t\t\t\t\t\t\t\t\t\t<a class=\"elementor-button elementor-size-sm\" role=\"button\">\n\t\t\t\t\t\t<span class=\"elementor-button-content-wrapper\">\n\t\t\t\t\t\t<span class=\"elementor-button-icon\">\n\t\t\t\t<i aria-hidden=\"true\" class=\"icon icon-arrow-down-right2\"><\/i>\t\t\t<\/span>\n\t\t\t\t\t\t\t\t\t<span class=\"elementor-button-text\">Pirkim\u0173 skyrius<\/span>\n\t\t\t\t\t<\/span>\n\t\t\t\t\t<\/a>\n\t\t\t\t\t\t\t\t<\/div>\n\t\t\t\t<div class=\"elementor-element elementor-element-83bee1f fancy-hover-icon-bounce elementor-invisible elementor-widget elementor-widget-button\" data-id=\"83bee1f\" data-element_type=\"widget\" data-e-type=\"widget\" data-settings=\"{&quot;_animation&quot;:&quot;fadeIn&quot;}\" data-widget_type=\"button.default\">\n\t\t\t\t\t\t\t\t\t\t<a class=\"elementor-button elementor-button-link elementor-size-sm\" href=\"tel:+37067277392\">\n\t\t\t\t\t\t<span class=\"elementor-button-content-wrapper\">\n\t\t\t\t\t\t<span class=\"elementor-button-icon\">\n\t\t\t\t<svg aria-hidden=\"true\" class=\"e-font-icon-svg e-fas-satellite-dish\" viewBox=\"0 0 512 512\" xmlns=\"http:\/\/www.w3.org\/2000\/svg\"><path d=\"M305.44954,462.59c7.39157,7.29792,6.18829,20.09661-3.00038,25.00356-77.713,41.80281-176.72559,29.9105-242.34331-35.7082C-5.49624,386.28227-17.404,287.362,24.41381,209.554c4.89125-9.095,17.68975-10.29834,25.00318-3.00043L166.22872,323.36708l27.39411-27.39452c-.68759-2.60974-1.594-5.00071-1.594-7.81361a32.00407,32.00407,0,1,1,32.00407,32.00455c-2.79723,0-5.20378-.89075-7.79786-1.594l-27.40974,27.41015ZM511.9758,303.06732a16.10336,16.10336,0,0,1-16.002,17.00242H463.86031a15.96956,15.96956,0,0,1-15.89265-15.00213C440.46671,175.5492,336.45348,70.53427,207.03078,63.53328a15.84486,15.84486,0,0,1-15.00191-15.90852V16.02652A16.09389,16.09389,0,0,1,209.031.02425C372.25491,8.61922,503.47472,139.841,511.9758,303.06732Zm-96.01221-.29692a16.21093,16.21093,0,0,1-16.11142,17.29934H367.645a16.06862,16.06862,0,0,1-15.89265-14.70522c-6.90712-77.01094-68.118-138.91037-144.92467-145.22376a15.94,15.94,0,0,1-14.79876-15.89289V112.13393a16.134,16.134,0,0,1,17.29908-16.096C319.45132,104.5391,407.55627,192.64538,415.96359,302.7704Z\"><\/path><\/svg>\t\t\t<\/span>\n\t\t\t\t\t\t\t\t\t<span class=\"elementor-button-text\">+37067277392<\/span>\n\t\t\t\t\t<\/span>\n\t\t\t\t\t<\/a>\n\t\t\t\t\t\t\t\t<\/div>\n\t\t\t\t<div class=\"elementor-element elementor-element-62495ae fancy-hover-icon-bounce elementor-invisible elementor-widget elementor-widget-button\" data-id=\"62495ae\" data-element_type=\"widget\" data-e-type=\"widget\" data-settings=\"{&quot;_animation&quot;:&quot;fadeIn&quot;}\" data-widget_type=\"button.default\">\n\t\t\t\t\t\t\t\t\t\t<a class=\"elementor-button elementor-button-link elementor-size-sm\" href=\"mailto:pirkimai@armetlina.lt\">\n\t\t\t\t\t\t<span class=\"elementor-button-content-wrapper\">\n\t\t\t\t\t\t<span class=\"elementor-button-icon\">\n\t\t\t\t<svg aria-hidden=\"true\" class=\"e-font-icon-svg e-far-envelope-open\" viewBox=\"0 0 512 512\" xmlns=\"http:\/\/www.w3.org\/2000\/svg\"><path d=\"M494.586 164.516c-4.697-3.883-111.723-89.95-135.251-108.657C337.231 38.191 299.437 0 256 0c-43.205 0-80.636 37.717-103.335 55.859-24.463 19.45-131.07 105.195-135.15 108.549A48.004 48.004 0 0 0 0 201.485V464c0 26.51 21.49 48 48 48h416c26.51 0 48-21.49 48-48V201.509a48 48 0 0 0-17.414-36.993zM464 458a6 6 0 0 1-6 6H54a6 6 0 0 1-6-6V204.347c0-1.813.816-3.526 2.226-4.665 15.87-12.814 108.793-87.554 132.364-106.293C200.755 78.88 232.398 48 256 48c23.693 0 55.857 31.369 73.41 45.389 23.573 18.741 116.503 93.493 132.366 106.316a5.99 5.99 0 0 1 2.224 4.663V458zm-31.991-187.704c4.249 5.159 3.465 12.795-1.745 16.981-28.975 23.283-59.274 47.597-70.929 56.863C336.636 362.283 299.205 400 256 400c-43.452 0-81.287-38.237-103.335-55.86-11.279-8.967-41.744-33.413-70.927-56.865-5.21-4.187-5.993-11.822-1.745-16.981l15.258-18.528c4.178-5.073 11.657-5.843 16.779-1.726 28.618 23.001 58.566 47.035 70.56 56.571C200.143 320.631 232.307 352 256 352c23.602 0 55.246-30.88 73.41-45.389 11.994-9.535 41.944-33.57 70.563-56.568 5.122-4.116 12.601-3.346 16.778 1.727l15.258 18.526z\"><\/path><\/svg>\t\t\t<\/span>\n\t\t\t\t\t\t\t\t\t<span class=\"elementor-button-text\">pirkimai@armetlina.lt<\/span>\n\t\t\t\t\t<\/span>\n\t\t\t\t\t<\/a>\n\t\t\t\t\t\t\t\t<\/div>\n\t\t\t\t<\/div>\n\t\t<div class=\"elementor-element elementor-element-764a772 e-con-full e-flex e-con e-child\" data-id=\"764a772\" data-element_type=\"container\" data-e-type=\"container\">\n\t\t\t\t<div class=\"elementor-element elementor-element-0f0dcc3 elementor-invisible elementor-widget elementor-widget-button\" data-id=\"0f0dcc3\" data-element_type=\"widget\" data-e-type=\"widget\" data-settings=\"{&quot;_animation&quot;:&quot;fadeIn&quot;}\" data-widget_type=\"button.default\">\n\t\t\t\t\t\t\t\t\t\t<a class=\"elementor-button elementor-size-sm\" role=\"button\">\n\t\t\t\t\t\t<span class=\"elementor-button-content-wrapper\">\n\t\t\t\t\t\t<span class=\"elementor-button-icon\">\n\t\t\t\t<i aria-hidden=\"true\" class=\"icon icon-arrow-down-right2\"><\/i>\t\t\t<\/span>\n\t\t\t\t\t\t\t\t\t<span class=\"elementor-button-text\">Pardavim\u0173 skyrius<\/span>\n\t\t\t\t\t<\/span>\n\t\t\t\t\t<\/a>\n\t\t\t\t\t\t\t\t<\/div>\n\t\t\t\t<div class=\"elementor-element elementor-element-d3c1475 fancy-hover-icon-bounce elementor-invisible elementor-widget elementor-widget-button\" data-id=\"d3c1475\" data-element_type=\"widget\" data-e-type=\"widget\" data-settings=\"{&quot;_animation&quot;:&quot;fadeIn&quot;}\" data-widget_type=\"button.default\">\n\t\t\t\t\t\t\t\t\t\t<a class=\"elementor-button elementor-button-link elementor-size-sm\" href=\"tel:+37066580672\">\n\t\t\t\t\t\t<span class=\"elementor-button-content-wrapper\">\n\t\t\t\t\t\t<span class=\"elementor-button-icon\">\n\t\t\t\t<svg aria-hidden=\"true\" class=\"e-font-icon-svg e-fas-satellite-dish\" viewBox=\"0 0 512 512\" xmlns=\"http:\/\/www.w3.org\/2000\/svg\"><path d=\"M305.44954,462.59c7.39157,7.29792,6.18829,20.09661-3.00038,25.00356-77.713,41.80281-176.72559,29.9105-242.34331-35.7082C-5.49624,386.28227-17.404,287.362,24.41381,209.554c4.89125-9.095,17.68975-10.29834,25.00318-3.00043L166.22872,323.36708l27.39411-27.39452c-.68759-2.60974-1.594-5.00071-1.594-7.81361a32.00407,32.00407,0,1,1,32.00407,32.00455c-2.79723,0-5.20378-.89075-7.79786-1.594l-27.40974,27.41015ZM511.9758,303.06732a16.10336,16.10336,0,0,1-16.002,17.00242H463.86031a15.96956,15.96956,0,0,1-15.89265-15.00213C440.46671,175.5492,336.45348,70.53427,207.03078,63.53328a15.84486,15.84486,0,0,1-15.00191-15.90852V16.02652A16.09389,16.09389,0,0,1,209.031.02425C372.25491,8.61922,503.47472,139.841,511.9758,303.06732Zm-96.01221-.29692a16.21093,16.21093,0,0,1-16.11142,17.29934H367.645a16.06862,16.06862,0,0,1-15.89265-14.70522c-6.90712-77.01094-68.118-138.91037-144.92467-145.22376a15.94,15.94,0,0,1-14.79876-15.89289V112.13393a16.134,16.134,0,0,1,17.29908-16.096C319.45132,104.5391,407.55627,192.64538,415.96359,302.7704Z\"><\/path><\/svg>\t\t\t<\/span>\n\t\t\t\t\t\t\t\t\t<span class=\"elementor-button-text\">+37066580672<\/span>\n\t\t\t\t\t<\/span>\n\t\t\t\t\t<\/a>\n\t\t\t\t\t\t\t\t<\/div>\n\t\t\t\t<div class=\"elementor-element elementor-element-83372ab fancy-hover-icon-bounce elementor-invisible elementor-widget elementor-widget-button\" data-id=\"83372ab\" data-element_type=\"widget\" data-e-type=\"widget\" data-settings=\"{&quot;_animation&quot;:&quot;fadeIn&quot;}\" data-widget_type=\"button.default\">\n\t\t\t\t\t\t\t\t\t\t<a class=\"elementor-button elementor-button-link elementor-size-sm\" href=\"mailto:pardavimai@armetlina.lt\">\n\t\t\t\t\t\t<span class=\"elementor-button-content-wrapper\">\n\t\t\t\t\t\t<span class=\"elementor-button-icon\">\n\t\t\t\t<svg aria-hidden=\"true\" class=\"e-font-icon-svg e-far-envelope-open\" viewBox=\"0 0 512 512\" xmlns=\"http:\/\/www.w3.org\/2000\/svg\"><path d=\"M494.586 164.516c-4.697-3.883-111.723-89.95-135.251-108.657C337.231 38.191 299.437 0 256 0c-43.205 0-80.636 37.717-103.335 55.859-24.463 19.45-131.07 105.195-135.15 108.549A48.004 48.004 0 0 0 0 201.485V464c0 26.51 21.49 48 48 48h416c26.51 0 48-21.49 48-48V201.509a48 48 0 0 0-17.414-36.993zM464 458a6 6 0 0 1-6 6H54a6 6 0 0 1-6-6V204.347c0-1.813.816-3.526 2.226-4.665 15.87-12.814 108.793-87.554 132.364-106.293C200.755 78.88 232.398 48 256 48c23.693 0 55.857 31.369 73.41 45.389 23.573 18.741 116.503 93.493 132.366 106.316a5.99 5.99 0 0 1 2.224 4.663V458zm-31.991-187.704c4.249 5.159 3.465 12.795-1.745 16.981-28.975 23.283-59.274 47.597-70.929 56.863C336.636 362.283 299.205 400 256 400c-43.452 0-81.287-38.237-103.335-55.86-11.279-8.967-41.744-33.413-70.927-56.865-5.21-4.187-5.993-11.822-1.745-16.981l15.258-18.528c4.178-5.073 11.657-5.843 16.779-1.726 28.618 23.001 58.566 47.035 70.56 56.571C200.143 320.631 232.307 352 256 352c23.602 0 55.246-30.88 73.41-45.389 11.994-9.535 41.944-33.57 70.563-56.568 5.122-4.116 12.601-3.346 16.778 1.727l15.258 18.526z\"><\/path><\/svg>\t\t\t<\/span>\n\t\t\t\t\t\t\t\t\t<span class=\"elementor-button-text\">pardavimai@armetlina.lt<\/span>\n\t\t\t\t\t<\/span>\n\t\t\t\t\t<\/a>\n\t\t\t\t\t\t\t\t<\/div>\n\t\t\t\t<\/div>\n\t\t<div class=\"elementor-element elementor-element-b02543c e-con-full e-flex e-con e-child\" data-id=\"b02543c\" data-element_type=\"container\" data-e-type=\"container\">\n\t\t\t\t<div class=\"elementor-element elementor-element-f1c6a78 elementor-invisible elementor-widget elementor-widget-button\" data-id=\"f1c6a78\" data-element_type=\"widget\" data-e-type=\"widget\" data-settings=\"{&quot;_animation&quot;:&quot;fadeIn&quot;}\" data-widget_type=\"button.default\">\n\t\t\t\t\t\t\t\t\t\t<a class=\"elementor-button elementor-size-sm\" role=\"button\">\n\t\t\t\t\t\t<span class=\"elementor-button-content-wrapper\">\n\t\t\t\t\t\t<span class=\"elementor-button-icon\">\n\t\t\t\t<i aria-hidden=\"true\" class=\"icon icon-arrow-down-right2\"><\/i>\t\t\t<\/span>\n\t\t\t\t\t\t\t\t\t<span class=\"elementor-button-text\">Buhalterija<\/span>\n\t\t\t\t\t<\/span>\n\t\t\t\t\t<\/a>\n\t\t\t\t\t\t\t\t<\/div>\n\t\t\t\t<div class=\"elementor-element elementor-element-d9c3a33 fancy-hover-icon-bounce elementor-invisible elementor-widget elementor-widget-button\" data-id=\"d9c3a33\" data-element_type=\"widget\" data-e-type=\"widget\" data-settings=\"{&quot;_animation&quot;:&quot;fadeIn&quot;}\" data-widget_type=\"button.default\">\n\t\t\t\t\t\t\t\t\t\t<a class=\"elementor-button elementor-button-link elementor-size-sm\" href=\"tel:+37061146466\">\n\t\t\t\t\t\t<span class=\"elementor-button-content-wrapper\">\n\t\t\t\t\t\t<span class=\"elementor-button-icon\">\n\t\t\t\t<svg aria-hidden=\"true\" class=\"e-font-icon-svg e-fas-satellite-dish\" viewBox=\"0 0 512 512\" xmlns=\"http:\/\/www.w3.org\/2000\/svg\"><path d=\"M305.44954,462.59c7.39157,7.29792,6.18829,20.09661-3.00038,25.00356-77.713,41.80281-176.72559,29.9105-242.34331-35.7082C-5.49624,386.28227-17.404,287.362,24.41381,209.554c4.89125-9.095,17.68975-10.29834,25.00318-3.00043L166.22872,323.36708l27.39411-27.39452c-.68759-2.60974-1.594-5.00071-1.594-7.81361a32.00407,32.00407,0,1,1,32.00407,32.00455c-2.79723,0-5.20378-.89075-7.79786-1.594l-27.40974,27.41015ZM511.9758,303.06732a16.10336,16.10336,0,0,1-16.002,17.00242H463.86031a15.96956,15.96956,0,0,1-15.89265-15.00213C440.46671,175.5492,336.45348,70.53427,207.03078,63.53328a15.84486,15.84486,0,0,1-15.00191-15.90852V16.02652A16.09389,16.09389,0,0,1,209.031.02425C372.25491,8.61922,503.47472,139.841,511.9758,303.06732Zm-96.01221-.29692a16.21093,16.21093,0,0,1-16.11142,17.29934H367.645a16.06862,16.06862,0,0,1-15.89265-14.70522c-6.90712-77.01094-68.118-138.91037-144.92467-145.22376a15.94,15.94,0,0,1-14.79876-15.89289V112.13393a16.134,16.134,0,0,1,17.29908-16.096C319.45132,104.5391,407.55627,192.64538,415.96359,302.7704Z\"><\/path><\/svg>\t\t\t<\/span>\n\t\t\t\t\t\t\t\t\t<span class=\"elementor-button-text\">+37061146466<\/span>\n\t\t\t\t\t<\/span>\n\t\t\t\t\t<\/a>\n\t\t\t\t\t\t\t\t<\/div>\n\t\t\t\t<div class=\"elementor-element elementor-element-0a3a344 fancy-hover-icon-bounce elementor-invisible elementor-widget elementor-widget-button\" data-id=\"0a3a344\" data-element_type=\"widget\" data-e-type=\"widget\" data-settings=\"{&quot;_animation&quot;:&quot;fadeIn&quot;}\" data-widget_type=\"button.default\">\n\t\t\t\t\t\t\t\t\t\t<a class=\"elementor-button elementor-button-link elementor-size-sm\" href=\"mailto:buhalterija@armetlina.lt\">\n\t\t\t\t\t\t<span class=\"elementor-button-content-wrapper\">\n\t\t\t\t\t\t<span class=\"elementor-button-icon\">\n\t\t\t\t<svg aria-hidden=\"true\" class=\"e-font-icon-svg e-far-envelope-open\" viewBox=\"0 0 512 512\" xmlns=\"http:\/\/www.w3.org\/2000\/svg\"><path d=\"M494.586 164.516c-4.697-3.883-111.723-89.95-135.251-108.657C337.231 38.191 299.437 0 256 0c-43.205 0-80.636 37.717-103.335 55.859-24.463 19.45-131.07 105.195-135.15 108.549A48.004 48.004 0 0 0 0 201.485V464c0 26.51 21.49 48 48 48h416c26.51 0 48-21.49 48-48V201.509a48 48 0 0 0-17.414-36.993zM464 458a6 6 0 0 1-6 6H54a6 6 0 0 1-6-6V204.347c0-1.813.816-3.526 2.226-4.665 15.87-12.814 108.793-87.554 132.364-106.293C200.755 78.88 232.398 48 256 48c23.693 0 55.857 31.369 73.41 45.389 23.573 18.741 116.503 93.493 132.366 106.316a5.99 5.99 0 0 1 2.224 4.663V458zm-31.991-187.704c4.249 5.159 3.465 12.795-1.745 16.981-28.975 23.283-59.274 47.597-70.929 56.863C336.636 362.283 299.205 400 256 400c-43.452 0-81.287-38.237-103.335-55.86-11.279-8.967-41.744-33.413-70.927-56.865-5.21-4.187-5.993-11.822-1.745-16.981l15.258-18.528c4.178-5.073 11.657-5.843 16.779-1.726 28.618 23.001 58.566 47.035 70.56 56.571C200.143 320.631 232.307 352 256 352c23.602 0 55.246-30.88 73.41-45.389 11.994-9.535 41.944-33.57 70.563-56.568 5.122-4.116 12.601-3.346 16.778 1.727l15.258 18.526z\"><\/path><\/svg>\t\t\t<\/span>\n\t\t\t\t\t\t\t\t\t<span class=\"elementor-button-text\">buhalterija@armetlina.lt<\/span>\n\t\t\t\t\t<\/span>\n\t\t\t\t\t<\/a>\n\t\t\t\t\t\t\t\t<\/div>\n\t\t\t\t<\/div>\n\t\t<div class=\"elementor-element elementor-element-2529d9e e-con-full e-flex e-con e-child\" data-id=\"2529d9e\" data-element_type=\"container\" data-e-type=\"container\">\n\t\t\t\t<div class=\"elementor-element elementor-element-591188e elementor-invisible elementor-widget elementor-widget-button\" data-id=\"591188e\" data-element_type=\"widget\" data-e-type=\"widget\" data-settings=\"{&quot;_animation&quot;:&quot;fadeIn&quot;}\" data-widget_type=\"button.default\">\n\t\t\t\t\t\t\t\t\t\t<a class=\"elementor-button elementor-size-sm\" role=\"button\">\n\t\t\t\t\t\t<span class=\"elementor-button-content-wrapper\">\n\t\t\t\t\t\t<span class=\"elementor-button-icon\">\n\t\t\t\t<i aria-hidden=\"true\" class=\"icon icon-arrow-down-right2\"><\/i>\t\t\t<\/span>\n\t\t\t\t\t\t\t\t\t<span class=\"elementor-button-text\">Bendra informacija<\/span>\n\t\t\t\t\t<\/span>\n\t\t\t\t\t<\/a>\n\t\t\t\t\t\t\t\t<\/div>\n\t\t\t\t<div class=\"elementor-element elementor-element-dcbb494 fancy-hover-icon-bounce elementor-hidden-desktop elementor-hidden-laptop elementor-hidden-tablet elementor-hidden-mobile elementor-invisible elementor-widget elementor-widget-button\" data-id=\"dcbb494\" data-element_type=\"widget\" data-e-type=\"widget\" data-settings=\"{&quot;_animation&quot;:&quot;fadeIn&quot;}\" data-widget_type=\"button.default\">\n\t\t\t\t\t\t\t\t\t\t<a class=\"elementor-button elementor-button-link elementor-size-sm\" href=\"tel:+37065669030\">\n\t\t\t\t\t\t<span class=\"elementor-button-content-wrapper\">\n\t\t\t\t\t\t<span class=\"elementor-button-icon\">\n\t\t\t\t<svg aria-hidden=\"true\" class=\"e-font-icon-svg e-fas-satellite-dish\" viewBox=\"0 0 512 512\" xmlns=\"http:\/\/www.w3.org\/2000\/svg\"><path d=\"M305.44954,462.59c7.39157,7.29792,6.18829,20.09661-3.00038,25.00356-77.713,41.80281-176.72559,29.9105-242.34331-35.7082C-5.49624,386.28227-17.404,287.362,24.41381,209.554c4.89125-9.095,17.68975-10.29834,25.00318-3.00043L166.22872,323.36708l27.39411-27.39452c-.68759-2.60974-1.594-5.00071-1.594-7.81361a32.00407,32.00407,0,1,1,32.00407,32.00455c-2.79723,0-5.20378-.89075-7.79786-1.594l-27.40974,27.41015ZM511.9758,303.06732a16.10336,16.10336,0,0,1-16.002,17.00242H463.86031a15.96956,15.96956,0,0,1-15.89265-15.00213C440.46671,175.5492,336.45348,70.53427,207.03078,63.53328a15.84486,15.84486,0,0,1-15.00191-15.90852V16.02652A16.09389,16.09389,0,0,1,209.031.02425C372.25491,8.61922,503.47472,139.841,511.9758,303.06732Zm-96.01221-.29692a16.21093,16.21093,0,0,1-16.11142,17.29934H367.645a16.06862,16.06862,0,0,1-15.89265-14.70522c-6.90712-77.01094-68.118-138.91037-144.92467-145.22376a15.94,15.94,0,0,1-14.79876-15.89289V112.13393a16.134,16.134,0,0,1,17.29908-16.096C319.45132,104.5391,407.55627,192.64538,415.96359,302.7704Z\"><\/path><\/svg>\t\t\t<\/span>\n\t\t\t\t\t\t\t\t\t<span class=\"elementor-button-text\">+37065669030<\/span>\n\t\t\t\t\t<\/span>\n\t\t\t\t\t<\/a>\n\t\t\t\t\t\t\t\t<\/div>\n\t\t\t\t<div class=\"elementor-element elementor-element-1c69ed3 fancy-hover-icon-bounce elementor-invisible elementor-widget elementor-widget-button\" data-id=\"1c69ed3\" data-element_type=\"widget\" data-e-type=\"widget\" data-settings=\"{&quot;_animation&quot;:&quot;fadeIn&quot;}\" data-widget_type=\"button.default\">\n\t\t\t\t\t\t\t\t\t\t<a class=\"elementor-button elementor-button-link elementor-size-sm\" href=\"mailto:info@armetlina.lt\">\n\t\t\t\t\t\t<span class=\"elementor-button-content-wrapper\">\n\t\t\t\t\t\t<span class=\"elementor-button-icon\">\n\t\t\t\t<svg aria-hidden=\"true\" class=\"e-font-icon-svg e-far-envelope-open\" viewBox=\"0 0 512 512\" xmlns=\"http:\/\/www.w3.org\/2000\/svg\"><path d=\"M494.586 164.516c-4.697-3.883-111.723-89.95-135.251-108.657C337.231 38.191 299.437 0 256 0c-43.205 0-80.636 37.717-103.335 55.859-24.463 19.45-131.07 105.195-135.15 108.549A48.004 48.004 0 0 0 0 201.485V464c0 26.51 21.49 48 48 48h416c26.51 0 48-21.49 48-48V201.509a48 48 0 0 0-17.414-36.993zM464 458a6 6 0 0 1-6 6H54a6 6 0 0 1-6-6V204.347c0-1.813.816-3.526 2.226-4.665 15.87-12.814 108.793-87.554 132.364-106.293C200.755 78.88 232.398 48 256 48c23.693 0 55.857 31.369 73.41 45.389 23.573 18.741 116.503 93.493 132.366 106.316a5.99 5.99 0 0 1 2.224 4.663V458zm-31.991-187.704c4.249 5.159 3.465 12.795-1.745 16.981-28.975 23.283-59.274 47.597-70.929 56.863C336.636 362.283 299.205 400 256 400c-43.452 0-81.287-38.237-103.335-55.86-11.279-8.967-41.744-33.413-70.927-56.865-5.21-4.187-5.993-11.822-1.745-16.981l15.258-18.528c4.178-5.073 11.657-5.843 16.779-1.726 28.618 23.001 58.566 47.035 70.56 56.571C200.143 320.631 232.307 352 256 352c23.602 0 55.246-30.88 73.41-45.389 11.994-9.535 41.944-33.57 70.563-56.568 5.122-4.116 12.601-3.346 16.778 1.727l15.258 18.526z\"><\/path><\/svg>\t\t\t<\/span>\n\t\t\t\t\t\t\t\t\t<span class=\"elementor-button-text\">info@armetlina.lt<\/span>\n\t\t\t\t\t<\/span>\n\t\t\t\t\t<\/a>\n\t\t\t\t\t\t\t\t<\/div>\n\t\t\t\t<\/div>\n\t\t\t\t<\/div>\n\t\t\t\t\t<\/div>\n\t\t\t\t<\/section>\n\t\t\t\t<\/div>\n\t\t","protected":false},"excerpt":{"rendered":"<p>Turite klausim\u0173? Para\u0161ykite mums! UAB \u201eArmetlina\u201c komanda pasiruo\u0161usi pad\u0117ti \u2013 si\u0173skite u\u017eklaus\u0105 el. pa\u0161tu info@armetlina.lt. Atsakysime kuo skubiau ir pasi\u016blysime geriausi\u0105 elektros in\u017einerijos sprendim\u0105 j\u016bs\u0173 projektui. Pirkim\u0173 skyrius +37067277392 pirkimai@armetlina.lt Pardavim\u0173 skyrius +37066580672 pardavimai@armetlina.lt Buhalterija +37061146466 buhalterija@armetlina.lt Bendra informacija +37065669030 info@armetlina.lt<\/p>","protected":false},"author":4,"featured_media":0,"parent":0,"menu_order":0,"comment_status":"closed","ping_status":"closed","template":"","meta":{"_acf_changed":false,"footnotes":""},"class_list":["post-12695","page","type-page","status-publish","hentry"],"acf":[],"_links":{"self":[{"href":"https:\/\/armetlina.lt\/en\/wp-json\/wp\/v2\/pages\/12695","targetHints":{"allow":["GET"]}}],"collection":[{"href":"https:\/\/armetlina.lt\/en\/wp-json\/wp\/v2\/pages"}],"about":[{"href":"https:\/\/armetlina.lt\/en\/wp-json\/wp\/v2\/types\/page"}],"author":[{"embeddable":true,"href":"https:\/\/armetlina.lt\/en\/wp-json\/wp\/v2\/users\/4"}],"replies":[{"embeddable":true,"href":"https:\/\/armetlina.lt\/en\/wp-json\/wp\/v2\/comments?post=12695"}],"version-history":[{"count":25,"href":"https:\/\/armetlina.lt\/en\/wp-json\/wp\/v2\/pages\/12695\/revisions"}],"predecessor-version":[{"id":14668,"href":"https:\/\/armetlina.lt\/en\/wp-json\/wp\/v2\/pages\/12695\/revisions\/14668"}],"wp:attachment":[{"href":"https:\/\/armetlina.lt\/en\/wp-json\/wp\/v2\/media?parent=12695"}],"curies":[{"name":"wp","href":"https:\/\/api.w.org\/{rel}","templated":true}]}}