{"id":11303,"date":"2025-04-23T15:54:24","date_gmt":"2025-04-23T12:54:24","guid":{"rendered":"https:\/\/armetlina.lt\/?page_id=11303"},"modified":"2026-01-14T11:40:34","modified_gmt":"2026-01-14T09:40:34","slug":"quality-policy","status":"publish","type":"page","link":"https:\/\/armetlina.lt\/en\/kokybes-politika\/","title":{"rendered":"Quality Policy"},"content":{"rendered":"<h2 class=\"wp-block-heading\">UAB \"ARMETLINA\"<\/h2>\r\n\r\n\r\n\r\n<h3 class=\"wp-block-heading\">Quality, environmental protection, and employee health and safety policy<\/h3>\r\n\r\n\r\n\r\n<p>UAB Armetlina is a company providing professional and high-quality services.<\/p>\r\n\r\n\r\n\r\n<p class=\"translation-block\">Company activities: We design and manufacture medium- and low-voltage electrical equipment and their metal structures.<\/p>\r\n\r\n\r\n\r\n<p>By improving the quality of the company's management and service delivery processes, and aiming to ensure the successful and focused development of the company as well as a stable and competitive market position, we strive to:<\/p>\r\n\r\n\r\n\r\n<ul class=\"wp-block-list\">\r\n<li>conduct activities in compliance with the Lithuanian Republic\u2019s legal acts regulating the business sector and other requirements that the organization commits to fulfill in order to ensure compliance with the standards ISO 9001:2015, ISO 14001:2015, and ISO 45001:2018;<\/li>\r\n<li>continuously improve the effectiveness of the management system, taking into account performance results as well as feedback from clients, partners, and employees;<\/li>\r\n<li>continuously improve relationships with our partners and suppliers;<\/li>\r\n<li>promote the professional development of employees;<\/li>\r\n<li>implement innovations and seek solutions to improve service quality;<\/li>\r\n<li>guarantee safe and healthy working conditions for employees, and to help employees understand their own responsibility in protecting their own safety and health as well as that of others;<\/li>\r\n<li>implement preventive measures against employee injuries or illnesses\u2014ensuring risk management is proactive rather than reactive;<\/li>\r\n<li>protect the environment, including pollution prevention;<\/li>\r\n<li>eliminate hazards and reduce risks to employee health and safety;<\/li>\r\n<li>ensure safe and healthy working conditions for employees, preventing work-related injuries and illnesses;<\/li>\r\n<li>conduct activities in compliance with the legal requirements of the Republic of Lithuania on environmental protection and employee safety and health;<\/li>\r\n<li>continuously improve the effectiveness of the management system, taking into account performance results as well as feedback from clients, partners, and employees;<\/li>\r\n<li>ensure employees and their representatives have the opportunity to consult and participate in the company's management system.<\/li>\r\n<\/ul>\r\n\r\n\r\n\r\n<p>&nbsp;<\/p>\r\n<p><strong>UAB  \u201eARMETLINA\u201c<\/strong><br \/>Darius Mikulskis, Company Director<\/p>\r\n<p><span data-teams=\"true\">2025-02-10<\/span><\/p>\r\n\r\n<p>&nbsp;<\/p>","protected":false},"excerpt":{"rendered":"<p>UAB \u201eARMETLINA\u201c Kokyb\u0117s, Aplinkos Apsaugos, Darbuotoj\u0173\u00a0Sveikatos ir Saugos Politika U\u017edaroji akcin\u0117 bendrov\u0117 \u201eARMETLINA\u201c \u2013 profesionalias ir kokybi\u0161kas paslaugas teikianti \u012fmon\u0117. \u012emon\u0117s veiklos sritys: \u017eemos, vidutin\u0117s ir auk\u0161tos \u012ftampos elektros skirstymo \u012frengini\u0173 projektavimas ir gamyba. Gerindami \u012fmon\u0117s vadybos ir paslaug\u0173 teikimo proces\u0173 kokyb\u0119, nor\u0117dami u\u017etikrinti s\u0117kming\u0105 bei krypting\u0105 bendrov\u0117s vystym\u0105si, stabili\u0105 ir konkurencing\u0105 pad\u0117t\u012f rinkoje, siekiame: [&hellip;]<\/p>\n","protected":false},"author":4,"featured_media":15046,"parent":0,"menu_order":0,"comment_status":"closed","ping_status":"closed","template":"","meta":{"_acf_changed":false,"footnotes":""},"class_list":["post-11303","page","type-page","status-publish","has-post-thumbnail","hentry"],"acf":[],"_links":{"self":[{"href":"https:\/\/armetlina.lt\/en\/wp-json\/wp\/v2\/pages\/11303","targetHints":{"allow":["GET"]}}],"collection":[{"href":"https:\/\/armetlina.lt\/en\/wp-json\/wp\/v2\/pages"}],"about":[{"href":"https:\/\/armetlina.lt\/en\/wp-json\/wp\/v2\/types\/page"}],"author":[{"embeddable":true,"href":"https:\/\/armetlina.lt\/en\/wp-json\/wp\/v2\/users\/4"}],"replies":[{"embeddable":true,"href":"https:\/\/armetlina.lt\/en\/wp-json\/wp\/v2\/comments?post=11303"}],"version-history":[{"count":1,"href":"https:\/\/armetlina.lt\/en\/wp-json\/wp\/v2\/pages\/11303\/revisions"}],"predecessor-version":[{"id":15047,"href":"https:\/\/armetlina.lt\/en\/wp-json\/wp\/v2\/pages\/11303\/revisions\/15047"}],"wp:featuredmedia":[{"embeddable":true,"href":"https:\/\/armetlina.lt\/en\/wp-json\/wp\/v2\/media\/15046"}],"wp:attachment":[{"href":"https:\/\/armetlina.lt\/en\/wp-json\/wp\/v2\/media?parent=11303"}],"curies":[{"name":"wp","href":"https:\/\/api.w.org\/{rel}","templated":true}]}}